{"id":134,"date":"2024-09-09T19:24:29","date_gmt":"2024-09-09T18:24:29","guid":{"rendered":"https:\/\/lottomax24.com\/domov\/"},"modified":"2024-09-09T19:24:29","modified_gmt":"2024-09-09T18:24:29","slug":"domov","status":"publish","type":"page","link":"https:\/\/lottomax24.com\/cs\/","title":{"rendered":"Domov"},"content":{"rendered":"<h2>Z\u00edskejte losy do nejv\u011bt\u0161\u00edch loteri\u00ed na planet\u011b<\/h2>\n<p>Pokud jste fanou\u0161kem loterie a hled\u00e1te loterie s <strong>lep\u0161\u00ed \u0161anc\u00ed na v\u00fdhru a v\u011bt\u0161\u00edmi jackpoty<\/strong>, pak jste na spr\u00e1vn\u00e9m m\u00edst\u011b. Pro\u010d hr\u00e1t m\u00edstn\u00ed loterii o malou hlavn\u00ed cenu, kdy\u017e si m\u016f\u017eete zahr\u00e1t loterii online a m\u00edt v\u011bt\u0161\u00ed v\u00fdb\u011br?<\/p>\n<p>Pod\u00edvejte se na <a href=\"https:\/\/RedFoxLotto.com\">RedFoxLotto.com<\/a> a <a href=\"https:\/\/Simbalotto.com\">Simbalotto.com<\/a>, dva z nejlep\u0161\u00edch webov\u00fdch str\u00e1nek pro \u00fa\u010dast v nejv\u011bt\u0161\u00edch mezin\u00e1rodn\u00edch jackpotech.<\/p>\n<p>Existuj\u00ed velk\u00e9 loterie a pak existuj\u00ed megaloterie. P\u0159edstavte si jackpot loterie ve stovk\u00e1ch milion\u016f \u2013 najdete je zde! Loterie jako Mega Millions, Powerball, Euromillions, Eurojackpot, SuperEnalotto a slavn\u00e1 loterie El Gordo maj\u00ed takov\u00e9 jackpoty pravideln\u011b.<\/p>\n<p>V\u011bd\u011bli jste, \u017ee jak Mega Millions, tak Powerball m\u011bly **jackpoty p\u0159esahuj\u00edc\u00ed 1 500 milion\u016f dolar\u016f**? Je t\u011b\u017ek\u00e9 si p\u0159edstavit, \u017ee byste v loterii vyhr\u00e1li v\u00edce ne\u017e miliardu, ale je to mo\u017en\u00e9!<br \/>\n**Na va\u0161\u00ed zemi bydli\u0161t\u011b nez\u00e1le\u017e\u00ed \u2013 kupte si losy online!**<br \/>\nKdy\u017e si kupujete losy online, nez\u00e1le\u017e\u00ed na tom, kde \u017eijete. Nemus\u00edte cestovat, abyste si **koupili los do loterie v ciz\u00ed zemi**. Na\u0161e celosv\u011btov\u00e9 slu\u017eby poskytujeme z\u00e1kazn\u00edk\u016fm z t\u00e9m\u011b\u0159 v\u0161ech zem\u00ed.<br \/>\n**Jednoduch\u00fd online proces n\u00e1kupu va\u0161ich dal\u0161\u00edch los\u016f.**<\/p>\n<p>K z\u00edsk\u00e1n\u00ed los\u016f a \u00fa\u010dasti v nejlep\u0161\u00edch loteri\u00edch na sv\u011bt\u011b sta\u010d\u00ed jen p\u00e1r krok\u016f. Vyberte si loterii, zvolte \u010d\u00edsla, zaregistrujte se a zapla\u0165te online \u2013 to je v\u0161e, co pot\u0159ebujete k tomu, abyste se stali dal\u0161\u00edm loterijn\u00edm milion\u00e1\u0159em!<\/p>\n<h2>Ne v\u0161echny loterie maj\u00ed stejnou \u0161anci na v\u00fdhru<\/h2>\n<p><img decoding=\"async\" class=\"alignright wp-image-1810\" src=\"https:\/\/lottomax24.com\/wp-content\/uploads\/2021\/04\/international_jackpots.jpg\" alt=\"worldwide lotto\" \/>Je naprosto logick\u00e9 hledat nejv\u011bt\u0161\u00ed jackpoty, ale tak\u00e9 d\u00e1v\u00e1 smysl zkontrolovat, kde v\u00e1m nab\u00edzej\u00ed nejlep\u0161\u00ed \u0161anci na v\u00fdhru velk\u00e9 ceny. N\u011bkter\u00e9 jackpoty rostou tolik, proto\u017ee je t\u011b\u017ek\u00e9 je vyhr\u00e1t.<\/p>\n<p>Ale co kdy\u017e je v\u00fdhra druh\u00e9 \u00farovn\u011b st\u00e1le dostate\u010dn\u011b velk\u00e1 na to, aby v\u00e1m zm\u011bnila \u017eivot? Co kdy\u017e jsou \u0161ance na v\u00fdhru v\u00fdhry druh\u00e9 \u00farovn\u011b mnohem, mnohem lep\u0161\u00ed ne\u017e \u0161ance na prasknut\u00ed jackpotu? No, i tento typ loterie m\u00e1me.<\/p>\n<h2>Kde najdu informace a tipy pro fanou\u0161ky loterie?<\/h2>\n<p>To v\u0161e najdete zde na na\u0161ich webov\u00fdch str\u00e1nk\u00e1ch. Nejen\u017ee v\u00e1m uv\u00e1d\u00edme p\u0159esn\u00e9 kurzy a pravidla pro ka\u017edou loterii, ale tak\u00e9 m\u00e1me \u010dl\u00e1nky o nejr\u016fzn\u011bj\u0161\u00edch aspektech loterie. Poskytujeme v\u00e1m rady, jak zlep\u0161it sv\u00e9 \u0161ance na v\u00fdhru, a na na\u0161ich webov\u00fdch str\u00e1nk\u00e1ch najdete tak\u00e9 nejnov\u011bj\u0161\u00ed v\u00fdsledky a archiv star\u0161\u00edch v\u00fdsledk\u016f v\u0161ech loteri\u00ed.<\/p>\n<h2>Nejv\u011bt\u0161\u00ed loterijn\u00ed jackpoty na sv\u011bt\u011b<\/h2>\n<p>Nejlep\u0161\u00ed na na\u0161\u00ed nab\u00eddce je, \u017ee u n\u00e1s v\u017edy najdete <strong>obrovsk\u00fd jackpot, za kter\u00fd stoj\u00ed za to koupit tikety<\/strong>, a v\u0161echny nejv\u011bt\u0161\u00ed jackpoty jsou uvedeny zde!<\/p>\n<h2>Co kdy\u017e vyhraji?<\/h2>\n<p>P\u00e9\u010de o na\u0161e z\u00e1kazn\u00edky po cel\u00e9m sv\u011bt\u011b, kdy\u017e vyhraj\u00ed, je d\u016fle\u017eitou sou\u010d\u00e1st\u00ed na\u0161\u00ed online slu\u017eby prodeje tiket\u016f. Men\u0161\u00ed v\u00fdhry jsou vypl\u00e1ceny p\u0159\u00edmo na v\u00e1\u0161 hr\u00e1\u010dsk\u00fd \u00fa\u010det. U v\u011bt\u0161\u00edch v\u00fdher v\u00e1m na\u0161e z\u00e1kaznick\u00e1 podpora poskytne VIP slu\u017ebu pro v\u00edt\u011bze! Dostanete plnou v\u00fdplatu a z va\u0161ich v\u00fdher nebudou nikdy ode\u010dteny \u017e\u00e1dn\u00e9 poplatky ani provize, i kdy\u017e plat\u00ed da\u0148ov\u00e9 p\u0159edpisy v zemi loterie a ve va\u0161\u00ed zemi bydli\u0161t\u011b.<\/p>\n","protected":false},"excerpt":{"rendered":"<p>Z\u00edskejte losy do nejv\u011bt\u0161\u00edch loteri\u00ed na planet\u011b Pokud jste fanou\u0161kem loterie a hled\u00e1te loterie s lep\u0161\u00ed \u0161anc\u00ed na v\u00fdhru a v\u011bt\u0161\u00edmi jackpoty, pak jste na spr\u00e1vn\u00e9m m\u00edst\u011b. Pro\u010d hr\u00e1t m\u00edstn\u00ed loterii o malou hlavn\u00ed cenu, kdy\u017e si m\u016f\u017eete zahr\u00e1t loterii online a m\u00edt v\u011bt\u0161\u00ed v\u00fdb\u011br? Pod\u00edvejte se na RedFoxLotto.com a Simbalotto.com, dva z nejlep\u0161\u00edch webov\u00fdch [&hellip;]<\/p>\n","protected":false},"author":1,"featured_media":0,"parent":0,"menu_order":0,"comment_status":"closed","ping_status":"closed","template":"","meta":{"footnotes":""},"class_list":["post-134","page","type-page","status-publish","hentry"],"yoast_head":"<!-- This site is optimized with the Yoast SEO plugin v25.9 - https:\/\/yoast.com\/wordpress\/plugins\/seo\/ -->\n<title>Prodej vstupenek na nejv\u011bt\u0161\u00ed loterijn\u00ed jackpoty na sv\u011bt\u011b<\/title>\n<meta name=\"robots\" content=\"index, follow, max-snippet:-1, max-image-preview:large, max-video-preview:-1\" \/>\n<link rel=\"canonical\" href=\"https:\/\/lottomax24.com\/cs\/\" \/>\n<meta property=\"og:locale\" content=\"cs_CZ\" \/>\n<meta property=\"og:type\" content=\"article\" \/>\n<meta property=\"og:title\" content=\"Prodej vstupenek na nejv\u011bt\u0161\u00ed loterijn\u00ed jackpoty na sv\u011bt\u011b\" \/>\n<meta property=\"og:description\" content=\"Z\u00edskejte losy do nejv\u011bt\u0161\u00edch loteri\u00ed na planet\u011b Pokud jste fanou\u0161kem loterie a hled\u00e1te loterie s lep\u0161\u00ed \u0161anc\u00ed na v\u00fdhru a v\u011bt\u0161\u00edmi jackpoty, pak jste na spr\u00e1vn\u00e9m m\u00edst\u011b. Pro\u010d hr\u00e1t m\u00edstn\u00ed loterii o malou hlavn\u00ed cenu, kdy\u017e si m\u016f\u017eete zahr\u00e1t loterii online a m\u00edt v\u011bt\u0161\u00ed v\u00fdb\u011br? Pod\u00edvejte se na RedFoxLotto.com a Simbalotto.com, dva z nejlep\u0161\u00edch webov\u00fdch [&hellip;]\" \/>\n<meta property=\"og:url\" content=\"https:\/\/lottomax24.com\/cs\/\" \/>\n<meta name=\"twitter:card\" content=\"summary_large_image\" \/>\n<meta name=\"twitter:label1\" content=\"Odhadovan\u00e1 doba \u010dten\u00ed\" \/>\n\t<meta name=\"twitter:data1\" content=\"3 minuty\" \/>\n<script type=\"application\/ld+json\" class=\"yoast-schema-graph\">{\"@context\":\"https:\/\/schema.org\",\"@graph\":[{\"@type\":\"WebPage\",\"@id\":\"https:\/\/lottomax24.com\/cs\/\",\"url\":\"https:\/\/lottomax24.com\/cs\/\",\"name\":\"Prodej vstupenek na nejv\u011bt\u0161\u00ed loterijn\u00ed jackpoty na sv\u011bt\u011b\",\"isPartOf\":{\"@id\":\"https:\/\/lottomax24.com\/cs\/#website\"},\"primaryImageOfPage\":{\"@id\":\"https:\/\/lottomax24.com\/cs\/#primaryimage\"},\"image\":{\"@id\":\"https:\/\/lottomax24.com\/cs\/#primaryimage\"},\"thumbnailUrl\":\"https:\/\/lottomax24.com\/wp-content\/uploads\/2021\/04\/international_jackpots.jpg\",\"datePublished\":\"2024-09-09T18:24:29+00:00\",\"breadcrumb\":{\"@id\":\"https:\/\/lottomax24.com\/cs\/#breadcrumb\"},\"inLanguage\":\"cs\",\"potentialAction\":[{\"@type\":\"ReadAction\",\"target\":[\"https:\/\/lottomax24.com\/cs\/\"]}]},{\"@type\":\"ImageObject\",\"inLanguage\":\"cs\",\"@id\":\"https:\/\/lottomax24.com\/cs\/#primaryimage\",\"url\":\"https:\/\/lottomax24.com\/wp-content\/uploads\/2021\/04\/international_jackpots.jpg\",\"contentUrl\":\"https:\/\/lottomax24.com\/wp-content\/uploads\/2021\/04\/international_jackpots.jpg\"},{\"@type\":\"BreadcrumbList\",\"@id\":\"https:\/\/lottomax24.com\/cs\/#breadcrumb\",\"itemListElement\":[{\"@type\":\"ListItem\",\"position\":1,\"name\":\"Home\",\"item\":\"https:\/\/lottomax24.com\/cs\/domov\/\"},{\"@type\":\"ListItem\",\"position\":2,\"name\":\"Domov\"}]},{\"@type\":\"WebSite\",\"@id\":\"https:\/\/lottomax24.com\/cs\/#website\",\"url\":\"https:\/\/lottomax24.com\/cs\/\",\"name\":\"\",\"description\":\"\",\"potentialAction\":[{\"@type\":\"SearchAction\",\"target\":{\"@type\":\"EntryPoint\",\"urlTemplate\":\"https:\/\/lottomax24.com\/cs\/?s={search_term_string}\"},\"query-input\":{\"@type\":\"PropertyValueSpecification\",\"valueRequired\":true,\"valueName\":\"search_term_string\"}}],\"inLanguage\":\"cs\"}]}<\/script>\n<!-- \/ Yoast SEO plugin. -->","yoast_head_json":{"title":"Prodej vstupenek na nejv\u011bt\u0161\u00ed loterijn\u00ed jackpoty na sv\u011bt\u011b","robots":{"index":"index","follow":"follow","max-snippet":"max-snippet:-1","max-image-preview":"max-image-preview:large","max-video-preview":"max-video-preview:-1"},"canonical":"https:\/\/lottomax24.com\/cs\/","og_locale":"cs_CZ","og_type":"article","og_title":"Prodej vstupenek na nejv\u011bt\u0161\u00ed loterijn\u00ed jackpoty na sv\u011bt\u011b","og_description":"Z\u00edskejte losy do nejv\u011bt\u0161\u00edch loteri\u00ed na planet\u011b Pokud jste fanou\u0161kem loterie a hled\u00e1te loterie s lep\u0161\u00ed \u0161anc\u00ed na v\u00fdhru a v\u011bt\u0161\u00edmi jackpoty, pak jste na spr\u00e1vn\u00e9m m\u00edst\u011b. Pro\u010d hr\u00e1t m\u00edstn\u00ed loterii o malou hlavn\u00ed cenu, kdy\u017e si m\u016f\u017eete zahr\u00e1t loterii online a m\u00edt v\u011bt\u0161\u00ed v\u00fdb\u011br? Pod\u00edvejte se na RedFoxLotto.com a Simbalotto.com, dva z nejlep\u0161\u00edch webov\u00fdch [&hellip;]","og_url":"https:\/\/lottomax24.com\/cs\/","twitter_card":"summary_large_image","twitter_misc":{"Odhadovan\u00e1 doba \u010dten\u00ed":"3 minuty"},"schema":{"@context":"https:\/\/schema.org","@graph":[{"@type":"WebPage","@id":"https:\/\/lottomax24.com\/cs\/","url":"https:\/\/lottomax24.com\/cs\/","name":"Prodej vstupenek na nejv\u011bt\u0161\u00ed loterijn\u00ed jackpoty na sv\u011bt\u011b","isPartOf":{"@id":"https:\/\/lottomax24.com\/cs\/#website"},"primaryImageOfPage":{"@id":"https:\/\/lottomax24.com\/cs\/#primaryimage"},"image":{"@id":"https:\/\/lottomax24.com\/cs\/#primaryimage"},"thumbnailUrl":"https:\/\/lottomax24.com\/wp-content\/uploads\/2021\/04\/international_jackpots.jpg","datePublished":"2024-09-09T18:24:29+00:00","breadcrumb":{"@id":"https:\/\/lottomax24.com\/cs\/#breadcrumb"},"inLanguage":"cs","potentialAction":[{"@type":"ReadAction","target":["https:\/\/lottomax24.com\/cs\/"]}]},{"@type":"ImageObject","inLanguage":"cs","@id":"https:\/\/lottomax24.com\/cs\/#primaryimage","url":"https:\/\/lottomax24.com\/wp-content\/uploads\/2021\/04\/international_jackpots.jpg","contentUrl":"https:\/\/lottomax24.com\/wp-content\/uploads\/2021\/04\/international_jackpots.jpg"},{"@type":"BreadcrumbList","@id":"https:\/\/lottomax24.com\/cs\/#breadcrumb","itemListElement":[{"@type":"ListItem","position":1,"name":"Home","item":"https:\/\/lottomax24.com\/cs\/domov\/"},{"@type":"ListItem","position":2,"name":"Domov"}]},{"@type":"WebSite","@id":"https:\/\/lottomax24.com\/cs\/#website","url":"https:\/\/lottomax24.com\/cs\/","name":"","description":"","potentialAction":[{"@type":"SearchAction","target":{"@type":"EntryPoint","urlTemplate":"https:\/\/lottomax24.com\/cs\/?s={search_term_string}"},"query-input":{"@type":"PropertyValueSpecification","valueRequired":true,"valueName":"search_term_string"}}],"inLanguage":"cs"}]}},"_links":{"self":[{"href":"https:\/\/lottomax24.com\/cs\/wp-json\/wp\/v2\/pages\/134","targetHints":{"allow":["GET"]}}],"collection":[{"href":"https:\/\/lottomax24.com\/cs\/wp-json\/wp\/v2\/pages"}],"about":[{"href":"https:\/\/lottomax24.com\/cs\/wp-json\/wp\/v2\/types\/page"}],"author":[{"embeddable":true,"href":"https:\/\/lottomax24.com\/cs\/wp-json\/wp\/v2\/users\/1"}],"replies":[{"embeddable":true,"href":"https:\/\/lottomax24.com\/cs\/wp-json\/wp\/v2\/comments?post=134"}],"version-history":[{"count":0,"href":"https:\/\/lottomax24.com\/cs\/wp-json\/wp\/v2\/pages\/134\/revisions"}],"wp:attachment":[{"href":"https:\/\/lottomax24.com\/cs\/wp-json\/wp\/v2\/media?parent=134"}],"curies":[{"name":"wp","href":"https:\/\/api.w.org\/{rel}","templated":true}]}}