{"id":136,"date":"2024-09-09T19:24:29","date_gmt":"2024-09-09T18:24:29","guid":{"rendered":"https:\/\/lottomax24.com\/hjem\/"},"modified":"2024-09-09T19:24:29","modified_gmt":"2024-09-09T18:24:29","slug":"hjem","status":"publish","type":"page","link":"https:\/\/lottomax24.com\/da\/","title":{"rendered":"Hjem"},"content":{"rendered":"<h2>F\u00e5 lodsedler til de st\u00f8rste lotterier p\u00e5 planeten<\/h2>\n<p>Hvis du er lottofan og leder efter lotterier med <strong>bedre vinderchancer og st\u00f8rre jackpots<\/strong>, s\u00e5 er du kommet til det rette sted. Hvorfor spille dit lokale lotteri om en lille hovedpr\u00e6mie, n\u00e5r du kan spille lotto online og have flere valgmuligheder?<\/p>\n<p>Tjek <a href=\"https:\/\/RedFoxLotto.com\">RedFoxLotto.com<\/a> og <a href=\"https:\/\/Simbalotto.com\">Simbalotto.com<\/a>, to af de bedste websteder til at deltage i de st\u00f8rste internationale jackpots.<\/p>\n<p>Der er store lotterier, og s\u00e5 er der mega-lotterier. Forestil dig en lottojackpot p\u00e5 hundredvis af millioner \u2013 du kan finde dem her! Lotterier som Mega Millions, Powerball, Euromillions, Eurojackpot, Superenalotto og det ber\u00f8mte El Gordo-lotteri har s\u00e5danne jackpots regelm\u00e6ssigt.<\/p>\n<p>Vidste du, at b\u00e5de Mega Millions og Powerball havde jackpots p\u00e5 mere end $1.500 millioner? Det er sv\u00e6rt at forestille sig at vinde over en milliard i et lotteri, men det er muligt!<\/p>\n<h2>Dit bop\u00e6lsland er ligegyldigt &#8211; k\u00f8b dine lodsedler online!<\/h2>\n<p>N\u00e5r du k\u00f8ber lotteribilletter online, er det ligegyldigt, hvor du bor. Du beh\u00f8ver ikke at rejse for at <strong>k\u00f8be en lodseddel til et lotteri i et fremmed land<\/strong>. Vi tilbyder kunder fra n\u00e6sten alle lande vores verdensomsp\u00e6ndende service.<\/p>\n<h2>En simpel online k\u00f8bsproces til dine n\u00e6ste lotteribilletter.<\/h2>\n<p>Der er kun et par trin til at f\u00e5 dine lodsedler og deltage i de bedste lotterier, verden har at byde p\u00e5. V\u00e6lg et lotteri, v\u00e6lg dine tal, tilmeld dig og betal online &#8211; det er alt, hvad du skal til for at have en chance for at blive den n\u00e6ste lottomillion\u00e6r!<\/p>\n<h2>Ikke alle lotterier har de samme odds for at vinde<\/h2>\n<p><img decoding=\"async\" class=\"alignright wp-image-1810\" src=\"https:\/\/lottomax24.com\/wp-content\/uploads\/2021\/04\/international_jackpots.jpg\" alt=\"worldwide lotto\" \/>Det er helt logisk at lede efter de st\u00f8rste jackpots, men det giver ogs\u00e5 mening at tjekke, hvor du f\u00e5r de bedste odds for at vinde en stor pr\u00e6mie. Nogle jackpots vokser s\u00e5 meget, fordi de er sv\u00e6re at vinde.<\/p>\n<p>Men hvad nu hvis andenklassespr\u00e6mien stadig er stor nok til at \u00e6ndre dit liv? Hvad nu hvis chancerne for at vinde en andenklassespr\u00e6mie var meget, meget bedre end oddsene for at kn\u00e6kke jackpotten? Vi har ogs\u00e5 den type lotteri.<\/p>\n<h2>Hvor kan jeg finde information og tips til lottofans?<\/h2>\n<p>Du kan finde alt det her p\u00e5 vores hjemmeside. Vi giver dig ikke kun de n\u00f8jagtige odds og regler for hvert lotteri, men vi har ogs\u00e5 artikler om alle mulige forskellige aspekter af lotteriet. Vi giver dig r\u00e5d om, hvordan du forbedrer dine vinderchancer, og du finder ogs\u00e5 de seneste resultater og et arkiv med \u00e6ldre resultater for alle lotterierne p\u00e5 vores hjemmeside.<\/p>\n<h2>De st\u00f8rste lotterijackpots i hele verden<\/h2>\n<p>Det bedste ved vores tilbud er, at du altid finder en <strong>k\u00e6mpe jackpot, der er v\u00e6rd at k\u00f8be lodsedler til<\/strong>, og alle de st\u00f8rste jackpots er listet her!<\/p>\n<h2>Hvad hvis jeg vinder?<\/h2>\n<p>At tage sig af vores kunder verden over, n\u00e5r de vinder, er en vigtig del af vores online billetservice. Mindre gevinster udbetales direkte til din spillers konto. For st\u00f8rre gevinster vil vores kundesupport tilbyde dig vores VIP-vinderservice! Du f\u00e5r fuld betaling, og der vil aldrig blive fratrukket gebyrer eller provisioner fra dine gevinster, selvom skattereglerne i lotteriets land og i dit bop\u00e6lsland g\u00e6lder.<\/p>\n","protected":false},"excerpt":{"rendered":"<p>F\u00e5 lodsedler til de st\u00f8rste lotterier p\u00e5 planeten Hvis du er lottofan og leder efter lotterier med bedre vinderchancer og st\u00f8rre jackpots, s\u00e5 er du kommet til det rette sted. Hvorfor spille dit lokale lotteri om en lille hovedpr\u00e6mie, n\u00e5r du kan spille lotto online og have flere valgmuligheder? Tjek RedFoxLotto.com og Simbalotto.com, to af [&hellip;]<\/p>\n","protected":false},"author":1,"featured_media":0,"parent":0,"menu_order":0,"comment_status":"closed","ping_status":"closed","template":"","meta":{"footnotes":""},"class_list":["post-136","page","type-page","status-publish","hentry"],"yoast_head":"<!-- This site is optimized with the Yoast SEO plugin v25.9 - https:\/\/yoast.com\/wordpress\/plugins\/seo\/ -->\n<title>Billetservice til verdens st\u00f8rste lotterijackpots<\/title>\n<meta name=\"robots\" content=\"index, follow, max-snippet:-1, max-image-preview:large, max-video-preview:-1\" \/>\n<link rel=\"canonical\" href=\"https:\/\/lottomax24.com\/da\/\" \/>\n<meta property=\"og:locale\" content=\"da_DK\" \/>\n<meta property=\"og:type\" content=\"article\" \/>\n<meta property=\"og:title\" content=\"Billetservice til verdens st\u00f8rste lotterijackpots\" \/>\n<meta property=\"og:description\" content=\"F\u00e5 lodsedler til de st\u00f8rste lotterier p\u00e5 planeten Hvis du er lottofan og leder efter lotterier med bedre vinderchancer og st\u00f8rre jackpots, s\u00e5 er du kommet til det rette sted. Hvorfor spille dit lokale lotteri om en lille hovedpr\u00e6mie, n\u00e5r du kan spille lotto online og have flere valgmuligheder? Tjek RedFoxLotto.com og Simbalotto.com, to af [&hellip;]\" \/>\n<meta property=\"og:url\" content=\"https:\/\/lottomax24.com\/da\/\" \/>\n<meta name=\"twitter:card\" content=\"summary_large_image\" \/>\n<meta name=\"twitter:label1\" content=\"Estimeret l\u00e6setid\" \/>\n\t<meta name=\"twitter:data1\" content=\"3 minutter\" \/>\n<script type=\"application\/ld+json\" class=\"yoast-schema-graph\">{\"@context\":\"https:\/\/schema.org\",\"@graph\":[{\"@type\":\"WebPage\",\"@id\":\"https:\/\/lottomax24.com\/da\/\",\"url\":\"https:\/\/lottomax24.com\/da\/\",\"name\":\"Billetservice til verdens st\u00f8rste lotterijackpots\",\"isPartOf\":{\"@id\":\"https:\/\/lottomax24.com\/da\/#website\"},\"primaryImageOfPage\":{\"@id\":\"https:\/\/lottomax24.com\/da\/#primaryimage\"},\"image\":{\"@id\":\"https:\/\/lottomax24.com\/da\/#primaryimage\"},\"thumbnailUrl\":\"https:\/\/lottomax24.com\/wp-content\/uploads\/2021\/04\/international_jackpots.jpg\",\"datePublished\":\"2024-09-09T18:24:29+00:00\",\"breadcrumb\":{\"@id\":\"https:\/\/lottomax24.com\/da\/#breadcrumb\"},\"inLanguage\":\"da-DK\",\"potentialAction\":[{\"@type\":\"ReadAction\",\"target\":[\"https:\/\/lottomax24.com\/da\/\"]}]},{\"@type\":\"ImageObject\",\"inLanguage\":\"da-DK\",\"@id\":\"https:\/\/lottomax24.com\/da\/#primaryimage\",\"url\":\"https:\/\/lottomax24.com\/wp-content\/uploads\/2021\/04\/international_jackpots.jpg\",\"contentUrl\":\"https:\/\/lottomax24.com\/wp-content\/uploads\/2021\/04\/international_jackpots.jpg\"},{\"@type\":\"BreadcrumbList\",\"@id\":\"https:\/\/lottomax24.com\/da\/#breadcrumb\",\"itemListElement\":[{\"@type\":\"ListItem\",\"position\":1,\"name\":\"Home\",\"item\":\"https:\/\/lottomax24.com\/da\/hjem\/\"},{\"@type\":\"ListItem\",\"position\":2,\"name\":\"Hjem\"}]},{\"@type\":\"WebSite\",\"@id\":\"https:\/\/lottomax24.com\/da\/#website\",\"url\":\"https:\/\/lottomax24.com\/da\/\",\"name\":\"\",\"description\":\"\",\"potentialAction\":[{\"@type\":\"SearchAction\",\"target\":{\"@type\":\"EntryPoint\",\"urlTemplate\":\"https:\/\/lottomax24.com\/da\/?s={search_term_string}\"},\"query-input\":{\"@type\":\"PropertyValueSpecification\",\"valueRequired\":true,\"valueName\":\"search_term_string\"}}],\"inLanguage\":\"da-DK\"}]}<\/script>\n<!-- \/ Yoast SEO plugin. -->","yoast_head_json":{"title":"Billetservice til verdens st\u00f8rste lotterijackpots","robots":{"index":"index","follow":"follow","max-snippet":"max-snippet:-1","max-image-preview":"max-image-preview:large","max-video-preview":"max-video-preview:-1"},"canonical":"https:\/\/lottomax24.com\/da\/","og_locale":"da_DK","og_type":"article","og_title":"Billetservice til verdens st\u00f8rste lotterijackpots","og_description":"F\u00e5 lodsedler til de st\u00f8rste lotterier p\u00e5 planeten Hvis du er lottofan og leder efter lotterier med bedre vinderchancer og st\u00f8rre jackpots, s\u00e5 er du kommet til det rette sted. Hvorfor spille dit lokale lotteri om en lille hovedpr\u00e6mie, n\u00e5r du kan spille lotto online og have flere valgmuligheder? Tjek RedFoxLotto.com og Simbalotto.com, to af [&hellip;]","og_url":"https:\/\/lottomax24.com\/da\/","twitter_card":"summary_large_image","twitter_misc":{"Estimeret l\u00e6setid":"3 minutter"},"schema":{"@context":"https:\/\/schema.org","@graph":[{"@type":"WebPage","@id":"https:\/\/lottomax24.com\/da\/","url":"https:\/\/lottomax24.com\/da\/","name":"Billetservice til verdens st\u00f8rste lotterijackpots","isPartOf":{"@id":"https:\/\/lottomax24.com\/da\/#website"},"primaryImageOfPage":{"@id":"https:\/\/lottomax24.com\/da\/#primaryimage"},"image":{"@id":"https:\/\/lottomax24.com\/da\/#primaryimage"},"thumbnailUrl":"https:\/\/lottomax24.com\/wp-content\/uploads\/2021\/04\/international_jackpots.jpg","datePublished":"2024-09-09T18:24:29+00:00","breadcrumb":{"@id":"https:\/\/lottomax24.com\/da\/#breadcrumb"},"inLanguage":"da-DK","potentialAction":[{"@type":"ReadAction","target":["https:\/\/lottomax24.com\/da\/"]}]},{"@type":"ImageObject","inLanguage":"da-DK","@id":"https:\/\/lottomax24.com\/da\/#primaryimage","url":"https:\/\/lottomax24.com\/wp-content\/uploads\/2021\/04\/international_jackpots.jpg","contentUrl":"https:\/\/lottomax24.com\/wp-content\/uploads\/2021\/04\/international_jackpots.jpg"},{"@type":"BreadcrumbList","@id":"https:\/\/lottomax24.com\/da\/#breadcrumb","itemListElement":[{"@type":"ListItem","position":1,"name":"Home","item":"https:\/\/lottomax24.com\/da\/hjem\/"},{"@type":"ListItem","position":2,"name":"Hjem"}]},{"@type":"WebSite","@id":"https:\/\/lottomax24.com\/da\/#website","url":"https:\/\/lottomax24.com\/da\/","name":"","description":"","potentialAction":[{"@type":"SearchAction","target":{"@type":"EntryPoint","urlTemplate":"https:\/\/lottomax24.com\/da\/?s={search_term_string}"},"query-input":{"@type":"PropertyValueSpecification","valueRequired":true,"valueName":"search_term_string"}}],"inLanguage":"da-DK"}]}},"_links":{"self":[{"href":"https:\/\/lottomax24.com\/da\/wp-json\/wp\/v2\/pages\/136","targetHints":{"allow":["GET"]}}],"collection":[{"href":"https:\/\/lottomax24.com\/da\/wp-json\/wp\/v2\/pages"}],"about":[{"href":"https:\/\/lottomax24.com\/da\/wp-json\/wp\/v2\/types\/page"}],"author":[{"embeddable":true,"href":"https:\/\/lottomax24.com\/da\/wp-json\/wp\/v2\/users\/1"}],"replies":[{"embeddable":true,"href":"https:\/\/lottomax24.com\/da\/wp-json\/wp\/v2\/comments?post=136"}],"version-history":[{"count":0,"href":"https:\/\/lottomax24.com\/da\/wp-json\/wp\/v2\/pages\/136\/revisions"}],"wp:attachment":[{"href":"https:\/\/lottomax24.com\/da\/wp-json\/wp\/v2\/media?parent=136"}],"curies":[{"name":"wp","href":"https:\/\/api.w.org\/{rel}","templated":true}]}}