{"id":142,"date":"2024-09-09T19:24:29","date_gmt":"2024-09-09T18:24:29","guid":{"rendered":"https:\/\/lottomax24.com\/heim\/"},"modified":"2024-09-09T19:24:29","modified_gmt":"2024-09-09T18:24:29","slug":"heim","status":"publish","type":"page","link":"https:\/\/lottomax24.com\/de\/","title":{"rendered":"Heim"},"content":{"rendered":"<h2>Lose f\u00fcr die gr\u00f6\u00dften Lotterien der Welt sichern<\/h2>\n<p>Wenn Sie Lotto lieben und nach Lotterien mit <strong>besseren Gewinnchancen und h\u00f6heren Jackpots<\/strong> suchen, sind Sie hier genau richtig. Warum bei Ihrer lokalen Lotterie um einen kleinen Hauptpreis spielen, wenn Sie online Lotto spielen und mehr Auswahl haben k\u00f6nnen?<\/p>\n<p>Besuchen Sie <a href=\"https:\/\/RedFoxLotto.com\">RedFoxLotto.com<\/a> und <a href=\"https:\/\/Simbalotto.com\">Simbalotto.com<\/a>, zwei der besten Websites f\u00fcr die Teilnahme an den gr\u00f6\u00dften internationalen Jackpots.<\/p>\n<p>Es gibt gro\u00dfe Lotterien und Mega-Lotterien. Stellen Sie sich einen Lotto-Jackpot in dreistelliger Millionenh\u00f6he vor \u2013 hier finden Sie ihn! Lotterien wie Mega Millions, Powerball, Euromillions, Eurojackpot, Superenalotto und die ber\u00fchmte El Gordo-Lotterie bieten regelm\u00e4\u00dfig solche Jackpots.<\/p>\n<p>Wussten Sie, dass sowohl bei Mega Millions als auch bei Powerball Jackpots von \u00fcber 1,5 Milliarden Dollar erzielt wurden? Es ist schwer vorstellbar, im Lotto \u00fcber eine Milliarde zu gewinnen, aber es ist m\u00f6glich!<\/p>\n<h2>Ihr Wohnsitzland spielt keine Rolle \u2013 kaufen Sie Ihre Lose online!<\/h2>\n<p>Wenn Sie Lottoscheine online kaufen, spielt es keine Rolle, wo Sie wohnen. Sie m\u00fcssen nicht reisen, um <strong>ein Los f\u00fcr eine Lotterie im Ausland zu kaufen<\/strong>. Wir bieten Kunden aus fast allen L\u00e4ndern unseren weltweiten Service.<\/p>\n<h2>Ein einfacher Online-Kaufprozess f\u00fcr Ihre n\u00e4chsten Lottoscheine.<\/h2>\n<p>In nur wenigen Schritten erhalten Sie Ihre Lose und k\u00f6nnen an den besten Lotterien der Welt teilnehmen. W\u00e4hlen Sie eine Lotterie, tippen Sie Ihre Zahlen, registrieren Sie sich und bezahlen Sie online \u2013 mehr brauchen Sie nicht, um der n\u00e4chste Lottomillion\u00e4r zu werden!<\/p>\n<h2>Nicht alle Lotterien haben die gleichen Gewinnchancen.<\/h2>\n<p><img decoding=\"async\" class=\"alignright wp-image-1810\" src=\"https:\/\/lottomax24.com\/wp-content\/uploads\/2021\/04\/international_jackpots.jpg\" alt=\"worldwide lotto\" \/>Es ist v\u00f6llig logisch, nach den gr\u00f6\u00dften Jackpots zu suchen, aber es ist auch sinnvoll zu pr\u00fcfen, wo man die besten Gewinnchancen hat. Manche Jackpots wachsen so stark, weil sie schwer zu knacken sind.<\/p>\n<p>Aber was, wenn der zweite Gewinn trotzdem gro\u00df genug ist, um Ihr Leben zu ver\u00e4ndern? Was, wenn die Gewinnchancen f\u00fcr einen zweiten Gewinn viel, viel h\u00f6her sind als die Chancen, den Jackpot zu knacken? Auch diese Art von Lotterie gibt es.<\/p>\n<h2>Wo finde ich Informationen und Tipps f\u00fcr Lotto-Fans?<\/h2>\n<p>All das finden Sie hier auf unserer Website. Wir bieten Ihnen nicht nur die genauen Gewinnchancen und Regeln jeder Lotterie, sondern auch Artikel zu den unterschiedlichsten Aspekten der Lotterie. Wir geben Ihnen Tipps, wie Sie Ihre Gewinnchancen verbessern k\u00f6nnen. Au\u00dferdem finden Sie auf unserer Website die neuesten Ergebnisse und ein Archiv \u00e4lterer Ergebnisse aller Lotterien.<\/p>\n<h2>Die gr\u00f6\u00dften Lotto-Jackpots weltweit<\/h2>\n<p>Das Beste an unserem Angebot: Sie finden immer einen <strong>riesigen Jackpot, f\u00fcr den es sich lohnt, Lose zu kaufen<\/strong>. Alle Top-Jackpots sind hier aufgelistet!<\/p>\n<h2>Was passiert, wenn ich gewinne?<\/h2>\n<p>Die Betreuung unserer weltweiten Kunden im Gewinnfall ist ein wichtiger Bestandteil unseres Online-Losscheinservices. Kleinere Gewinne werden direkt auf Ihr Spielerkonto ausgezahlt. Bei gr\u00f6\u00dferen Gewinnen bietet Ihnen unser Kundenservice unseren VIP-Gewinnerservice an! Sie erhalten den vollen Betrag ausgezahlt, und es werden keine Geb\u00fchren oder Provisionen von Ihrem Gewinn abgezogen. Es gelten jedoch die Steuerbestimmungen des Lotterielandes und Ihres Wohnsitzlandes.<\/p>\n","protected":false},"excerpt":{"rendered":"<p>Lose f\u00fcr die gr\u00f6\u00dften Lotterien der Welt sichern Wenn Sie Lotto lieben und nach Lotterien mit besseren Gewinnchancen und h\u00f6heren Jackpots suchen, sind Sie hier genau richtig. Warum bei Ihrer lokalen Lotterie um einen kleinen Hauptpreis spielen, wenn Sie online Lotto spielen und mehr Auswahl haben k\u00f6nnen? Besuchen Sie RedFoxLotto.com und Simbalotto.com, zwei der besten [&hellip;]<\/p>\n","protected":false},"author":1,"featured_media":0,"parent":0,"menu_order":0,"comment_status":"closed","ping_status":"closed","template":"","meta":{"footnotes":""},"class_list":["post-142","page","type-page","status-publish","hentry"],"yoast_head":"<!-- This site is optimized with the Yoast SEO plugin v25.9 - https:\/\/yoast.com\/wordpress\/plugins\/seo\/ -->\n<title>Ticketservice f\u00fcr die gr\u00f6\u00dften Lotto-Jackpots der Welt<\/title>\n<meta name=\"robots\" content=\"index, follow, max-snippet:-1, max-image-preview:large, max-video-preview:-1\" \/>\n<link rel=\"canonical\" href=\"https:\/\/lottomax24.com\/de\/\" \/>\n<meta property=\"og:locale\" content=\"de_DE\" \/>\n<meta property=\"og:type\" content=\"article\" \/>\n<meta property=\"og:title\" content=\"Ticketservice f\u00fcr die gr\u00f6\u00dften Lotto-Jackpots der Welt\" \/>\n<meta property=\"og:description\" content=\"Lose f\u00fcr die gr\u00f6\u00dften Lotterien der Welt sichern Wenn Sie Lotto lieben und nach Lotterien mit besseren Gewinnchancen und h\u00f6heren Jackpots suchen, sind Sie hier genau richtig. Warum bei Ihrer lokalen Lotterie um einen kleinen Hauptpreis spielen, wenn Sie online Lotto spielen und mehr Auswahl haben k\u00f6nnen? Besuchen Sie RedFoxLotto.com und Simbalotto.com, zwei der besten [&hellip;]\" \/>\n<meta property=\"og:url\" content=\"https:\/\/lottomax24.com\/de\/\" \/>\n<meta name=\"twitter:card\" content=\"summary_large_image\" \/>\n<meta name=\"twitter:label1\" content=\"Gesch\u00e4tzte Lesezeit\" \/>\n\t<meta name=\"twitter:data1\" content=\"2\u00a0Minuten\" \/>\n<script type=\"application\/ld+json\" class=\"yoast-schema-graph\">{\"@context\":\"https:\/\/schema.org\",\"@graph\":[{\"@type\":\"WebPage\",\"@id\":\"https:\/\/lottomax24.com\/de\/\",\"url\":\"https:\/\/lottomax24.com\/de\/\",\"name\":\"Ticketservice f\u00fcr die gr\u00f6\u00dften Lotto-Jackpots der Welt\",\"isPartOf\":{\"@id\":\"https:\/\/lottomax24.com\/de\/#website\"},\"primaryImageOfPage\":{\"@id\":\"https:\/\/lottomax24.com\/de\/#primaryimage\"},\"image\":{\"@id\":\"https:\/\/lottomax24.com\/de\/#primaryimage\"},\"thumbnailUrl\":\"https:\/\/lottomax24.com\/wp-content\/uploads\/2021\/04\/international_jackpots.jpg\",\"datePublished\":\"2024-09-09T18:24:29+00:00\",\"breadcrumb\":{\"@id\":\"https:\/\/lottomax24.com\/de\/#breadcrumb\"},\"inLanguage\":\"de\",\"potentialAction\":[{\"@type\":\"ReadAction\",\"target\":[\"https:\/\/lottomax24.com\/de\/\"]}]},{\"@type\":\"ImageObject\",\"inLanguage\":\"de\",\"@id\":\"https:\/\/lottomax24.com\/de\/#primaryimage\",\"url\":\"https:\/\/lottomax24.com\/wp-content\/uploads\/2021\/04\/international_jackpots.jpg\",\"contentUrl\":\"https:\/\/lottomax24.com\/wp-content\/uploads\/2021\/04\/international_jackpots.jpg\"},{\"@type\":\"BreadcrumbList\",\"@id\":\"https:\/\/lottomax24.com\/de\/#breadcrumb\",\"itemListElement\":[{\"@type\":\"ListItem\",\"position\":1,\"name\":\"Home\",\"item\":\"https:\/\/lottomax24.com\/de\/heim\/\"},{\"@type\":\"ListItem\",\"position\":2,\"name\":\"Heim\"}]},{\"@type\":\"WebSite\",\"@id\":\"https:\/\/lottomax24.com\/de\/#website\",\"url\":\"https:\/\/lottomax24.com\/de\/\",\"name\":\"\",\"description\":\"\",\"potentialAction\":[{\"@type\":\"SearchAction\",\"target\":{\"@type\":\"EntryPoint\",\"urlTemplate\":\"https:\/\/lottomax24.com\/de\/?s={search_term_string}\"},\"query-input\":{\"@type\":\"PropertyValueSpecification\",\"valueRequired\":true,\"valueName\":\"search_term_string\"}}],\"inLanguage\":\"de\"}]}<\/script>\n<!-- \/ Yoast SEO plugin. -->","yoast_head_json":{"title":"Ticketservice f\u00fcr die gr\u00f6\u00dften Lotto-Jackpots der Welt","robots":{"index":"index","follow":"follow","max-snippet":"max-snippet:-1","max-image-preview":"max-image-preview:large","max-video-preview":"max-video-preview:-1"},"canonical":"https:\/\/lottomax24.com\/de\/","og_locale":"de_DE","og_type":"article","og_title":"Ticketservice f\u00fcr die gr\u00f6\u00dften Lotto-Jackpots der Welt","og_description":"Lose f\u00fcr die gr\u00f6\u00dften Lotterien der Welt sichern Wenn Sie Lotto lieben und nach Lotterien mit besseren Gewinnchancen und h\u00f6heren Jackpots suchen, sind Sie hier genau richtig. Warum bei Ihrer lokalen Lotterie um einen kleinen Hauptpreis spielen, wenn Sie online Lotto spielen und mehr Auswahl haben k\u00f6nnen? Besuchen Sie RedFoxLotto.com und Simbalotto.com, zwei der besten [&hellip;]","og_url":"https:\/\/lottomax24.com\/de\/","twitter_card":"summary_large_image","twitter_misc":{"Gesch\u00e4tzte Lesezeit":"2\u00a0Minuten"},"schema":{"@context":"https:\/\/schema.org","@graph":[{"@type":"WebPage","@id":"https:\/\/lottomax24.com\/de\/","url":"https:\/\/lottomax24.com\/de\/","name":"Ticketservice f\u00fcr die gr\u00f6\u00dften Lotto-Jackpots der Welt","isPartOf":{"@id":"https:\/\/lottomax24.com\/de\/#website"},"primaryImageOfPage":{"@id":"https:\/\/lottomax24.com\/de\/#primaryimage"},"image":{"@id":"https:\/\/lottomax24.com\/de\/#primaryimage"},"thumbnailUrl":"https:\/\/lottomax24.com\/wp-content\/uploads\/2021\/04\/international_jackpots.jpg","datePublished":"2024-09-09T18:24:29+00:00","breadcrumb":{"@id":"https:\/\/lottomax24.com\/de\/#breadcrumb"},"inLanguage":"de","potentialAction":[{"@type":"ReadAction","target":["https:\/\/lottomax24.com\/de\/"]}]},{"@type":"ImageObject","inLanguage":"de","@id":"https:\/\/lottomax24.com\/de\/#primaryimage","url":"https:\/\/lottomax24.com\/wp-content\/uploads\/2021\/04\/international_jackpots.jpg","contentUrl":"https:\/\/lottomax24.com\/wp-content\/uploads\/2021\/04\/international_jackpots.jpg"},{"@type":"BreadcrumbList","@id":"https:\/\/lottomax24.com\/de\/#breadcrumb","itemListElement":[{"@type":"ListItem","position":1,"name":"Home","item":"https:\/\/lottomax24.com\/de\/heim\/"},{"@type":"ListItem","position":2,"name":"Heim"}]},{"@type":"WebSite","@id":"https:\/\/lottomax24.com\/de\/#website","url":"https:\/\/lottomax24.com\/de\/","name":"","description":"","potentialAction":[{"@type":"SearchAction","target":{"@type":"EntryPoint","urlTemplate":"https:\/\/lottomax24.com\/de\/?s={search_term_string}"},"query-input":{"@type":"PropertyValueSpecification","valueRequired":true,"valueName":"search_term_string"}}],"inLanguage":"de"}]}},"_links":{"self":[{"href":"https:\/\/lottomax24.com\/de\/wp-json\/wp\/v2\/pages\/142","targetHints":{"allow":["GET"]}}],"collection":[{"href":"https:\/\/lottomax24.com\/de\/wp-json\/wp\/v2\/pages"}],"about":[{"href":"https:\/\/lottomax24.com\/de\/wp-json\/wp\/v2\/types\/page"}],"author":[{"embeddable":true,"href":"https:\/\/lottomax24.com\/de\/wp-json\/wp\/v2\/users\/1"}],"replies":[{"embeddable":true,"href":"https:\/\/lottomax24.com\/de\/wp-json\/wp\/v2\/comments?post=142"}],"version-history":[{"count":0,"href":"https:\/\/lottomax24.com\/de\/wp-json\/wp\/v2\/pages\/142\/revisions"}],"wp:attachment":[{"href":"https:\/\/lottomax24.com\/de\/wp-json\/wp\/v2\/media?parent=142"}],"curies":[{"name":"wp","href":"https:\/\/api.w.org\/{rel}","templated":true}]}}