{"id":154,"date":"2024-09-09T19:24:29","date_gmt":"2024-09-09T18:24:29","guid":{"rendered":"https:\/\/lottomax24.com\/hogar\/"},"modified":"2024-09-09T19:24:29","modified_gmt":"2024-09-09T18:24:29","slug":"hogar","status":"publish","type":"page","link":"https:\/\/lottomax24.com\/es\/","title":{"rendered":"Hogar"},"content":{"rendered":"<p>Consigue billetes para las loter\u00edas m\u00e1s grandes del planeta<br \/>\nSi eres aficionado a la loter\u00eda y buscas loter\u00edas con <strong>mayores posibilidades de ganar y botes m\u00e1s grandes<\/strong>, est\u00e1s en el lugar indicado. \u00bfPara qu\u00e9 jugar a la loter\u00eda local por un peque\u00f1o premio mayor cuando puedes jugar online y tener m\u00e1s opciones?<\/p>\n<p>Descubre <a href=\"https:\/\/RedFoxLotto.com\">RedFoxLotto.com<\/a> y <a href=\"https:\/\/Simbalotto.com\">Simbalotto.com<\/a>, dos de los mejores sitios web para participar en los mayores botes internacionales.<\/p>\n<p>Hay loter\u00edas grandes y megaloter\u00edas. Imagina un bote de cientos de millones: \u00a1lo encontrar\u00e1s aqu\u00ed! Loter\u00edas como Mega Millions, Powerball, Euromillones, Eurojackpot, Superenalotto y la famosa loter\u00eda El Gordo ofrecen botes de este tipo con regularidad.<\/p>\n<p>\u00bfSab\u00edas que tanto el Mega Millions como el Powerball tuvieron <strong>premios mayores de m\u00e1s de $1,500 millones<\/strong>? Es dif\u00edcil imaginar ganar m\u00e1s de mil millones en la loter\u00eda, \u00a1pero es posible!<\/p>\n<h2>\u00a1No importa tu pa\u00eds de residencia: compra tus boletos en l\u00ednea!<\/h2>\n<p>Al comprar boletos de loter\u00eda en l\u00ednea, no importa d\u00f3nde vivas. No necesitas viajar para <strong>comprar un boleto de loter\u00eda en el extranjero<\/strong>. Ofrecemos nuestro servicio internacional a clientes de casi todos los pa\u00edses.<\/p>\n<h2>Un proceso de compra en l\u00ednea sencillo para tus pr\u00f3ximos boletos de loter\u00eda.<\/h2>\n<p>Solo tienes que seguir unos pasos para obtener tus boletos y participar en las mejores loter\u00edas del mundo. Elige una loter\u00eda, elige tus n\u00fameros, reg\u00edstrate y paga en l\u00ednea: \u00a1eso es todo lo que necesitas para tener la oportunidad de convertirte en el pr\u00f3ximo millonario de la loter\u00eda! No todas las loter\u00edas tienen las mismas probabilidades de ganar.<\/p>\n<p>Es l\u00f3gico buscar los botes m\u00e1s grandes, pero tambi\u00e9n conviene comprobar d\u00f3nde se ofrecen las mejores probabilidades de ganar un premio grande. Algunos botes crecen tanto porque son dif\u00edciles de ganar.<\/p>\n<p>\u00bfPero qu\u00e9 pasar\u00eda si el premio secundario fuera lo suficientemente grande como para cambiarte la vida? \u00bfY si las probabilidades de ganar un premio secundario fueran mucho mayores que las de ganar el bote? Bueno, tambi\u00e9n tenemos ese tipo de loter\u00eda.<\/p>\n<p>\u00bfD\u00f3nde puedo encontrar informaci\u00f3n y consejos para los aficionados a la loter\u00eda?<br \/>\nPuedes encontrar todo eso aqu\u00ed, en nuestro sitio web. No solo te ofrecemos las probabilidades y reglas exactas de cada loter\u00eda, sino que tambi\u00e9n tenemos art\u00edculos sobre diversos aspectos de la loter\u00eda. Te asesoramos para mejorar tus posibilidades de ganar y, adem\u00e1s, encontrar\u00e1s los \u00faltimos resultados y un archivo de resultados anteriores de todas las loter\u00edas en nuestro sitio web.<\/p>\n<h2>Los mayores botes de loter\u00eda del mundo<\/h2>\n<p>Lo mejor de nuestra oferta es que siempre encontrar\u00e1s un <strong>gran bote<\/strong> por el que vale la pena comprar boletos, \u00a1y todos los botes m\u00e1s importantes est\u00e1n listados aqu\u00ed!<\/p>\n<h2>\u00bfQu\u00e9 pasa si gano?<\/h2>\n<p>Cuidar de nuestros clientes en todo el mundo cuando ganan es una parte importante de nuestro servicio de boletos en l\u00ednea. Los premios peque\u00f1os se pagan directamente a tu cuenta de jugador. Para premios grandes, nuestro servicio de atenci\u00f3n al cliente te brindar\u00e1 nuestro servicio VIP para ganadores. Recibir\u00e1s el pago completo y no se deducir\u00e1n cargos ni comisiones de tus ganancias, aunque se aplican las regulaciones fiscales del pa\u00eds de la loter\u00eda y de tu pa\u00eds de residencia.<\/p>\n","protected":false},"excerpt":{"rendered":"<p>Consigue billetes para las loter\u00edas m\u00e1s grandes del planeta Si eres aficionado a la loter\u00eda y buscas loter\u00edas con mayores posibilidades de ganar y botes m\u00e1s grandes, est\u00e1s en el lugar indicado. \u00bfPara qu\u00e9 jugar a la loter\u00eda local por un peque\u00f1o premio mayor cuando puedes jugar online y tener m\u00e1s opciones? Descubre RedFoxLotto.com y [&hellip;]<\/p>\n","protected":false},"author":1,"featured_media":0,"parent":0,"menu_order":0,"comment_status":"closed","ping_status":"closed","template":"","meta":{"footnotes":""},"class_list":["post-154","page","type-page","status-publish","hentry"],"yoast_head":"<!-- This site is optimized with the Yoast SEO plugin v25.9 - https:\/\/yoast.com\/wordpress\/plugins\/seo\/ -->\n<title>Servicio de venta de entradas para los botes de loter\u00eda m\u00e1s grandes del mundo<\/title>\n<meta name=\"robots\" content=\"index, follow, max-snippet:-1, max-image-preview:large, max-video-preview:-1\" \/>\n<link rel=\"canonical\" href=\"https:\/\/lottomax24.com\/es\/\" \/>\n<meta property=\"og:locale\" content=\"es_ES\" \/>\n<meta property=\"og:type\" content=\"article\" \/>\n<meta property=\"og:title\" content=\"Servicio de venta de entradas para los botes de loter\u00eda m\u00e1s grandes del mundo\" \/>\n<meta property=\"og:description\" content=\"Consigue billetes para las loter\u00edas m\u00e1s grandes del planeta Si eres aficionado a la loter\u00eda y buscas loter\u00edas con mayores posibilidades de ganar y botes m\u00e1s grandes, est\u00e1s en el lugar indicado. \u00bfPara qu\u00e9 jugar a la loter\u00eda local por un peque\u00f1o premio mayor cuando puedes jugar online y tener m\u00e1s opciones? Descubre RedFoxLotto.com y [&hellip;]\" \/>\n<meta property=\"og:url\" content=\"https:\/\/lottomax24.com\/es\/\" \/>\n<meta name=\"twitter:card\" content=\"summary_large_image\" \/>\n<meta name=\"twitter:label1\" content=\"Tiempo de lectura\" \/>\n\t<meta name=\"twitter:data1\" content=\"3 minutos\" \/>\n<script type=\"application\/ld+json\" class=\"yoast-schema-graph\">{\"@context\":\"https:\/\/schema.org\",\"@graph\":[{\"@type\":\"WebPage\",\"@id\":\"https:\/\/lottomax24.com\/es\/\",\"url\":\"https:\/\/lottomax24.com\/es\/\",\"name\":\"Servicio de venta de entradas para los botes de loter\u00eda m\u00e1s grandes del mundo\",\"isPartOf\":{\"@id\":\"https:\/\/lottomax24.com\/es\/#website\"},\"datePublished\":\"2024-09-09T18:24:29+00:00\",\"breadcrumb\":{\"@id\":\"https:\/\/lottomax24.com\/es\/#breadcrumb\"},\"inLanguage\":\"es\",\"potentialAction\":[{\"@type\":\"ReadAction\",\"target\":[\"https:\/\/lottomax24.com\/es\/\"]}]},{\"@type\":\"BreadcrumbList\",\"@id\":\"https:\/\/lottomax24.com\/es\/#breadcrumb\",\"itemListElement\":[{\"@type\":\"ListItem\",\"position\":1,\"name\":\"Home\",\"item\":\"https:\/\/lottomax24.com\/es\/hogar\/\"},{\"@type\":\"ListItem\",\"position\":2,\"name\":\"Hogar\"}]},{\"@type\":\"WebSite\",\"@id\":\"https:\/\/lottomax24.com\/es\/#website\",\"url\":\"https:\/\/lottomax24.com\/es\/\",\"name\":\"\",\"description\":\"\",\"potentialAction\":[{\"@type\":\"SearchAction\",\"target\":{\"@type\":\"EntryPoint\",\"urlTemplate\":\"https:\/\/lottomax24.com\/es\/?s={search_term_string}\"},\"query-input\":{\"@type\":\"PropertyValueSpecification\",\"valueRequired\":true,\"valueName\":\"search_term_string\"}}],\"inLanguage\":\"es\"}]}<\/script>\n<!-- \/ Yoast SEO plugin. -->","yoast_head_json":{"title":"Servicio de venta de entradas para los botes de loter\u00eda m\u00e1s grandes del mundo","robots":{"index":"index","follow":"follow","max-snippet":"max-snippet:-1","max-image-preview":"max-image-preview:large","max-video-preview":"max-video-preview:-1"},"canonical":"https:\/\/lottomax24.com\/es\/","og_locale":"es_ES","og_type":"article","og_title":"Servicio de venta de entradas para los botes de loter\u00eda m\u00e1s grandes del mundo","og_description":"Consigue billetes para las loter\u00edas m\u00e1s grandes del planeta Si eres aficionado a la loter\u00eda y buscas loter\u00edas con mayores posibilidades de ganar y botes m\u00e1s grandes, est\u00e1s en el lugar indicado. \u00bfPara qu\u00e9 jugar a la loter\u00eda local por un peque\u00f1o premio mayor cuando puedes jugar online y tener m\u00e1s opciones? Descubre RedFoxLotto.com y [&hellip;]","og_url":"https:\/\/lottomax24.com\/es\/","twitter_card":"summary_large_image","twitter_misc":{"Tiempo de lectura":"3 minutos"},"schema":{"@context":"https:\/\/schema.org","@graph":[{"@type":"WebPage","@id":"https:\/\/lottomax24.com\/es\/","url":"https:\/\/lottomax24.com\/es\/","name":"Servicio de venta de entradas para los botes de loter\u00eda m\u00e1s grandes del mundo","isPartOf":{"@id":"https:\/\/lottomax24.com\/es\/#website"},"datePublished":"2024-09-09T18:24:29+00:00","breadcrumb":{"@id":"https:\/\/lottomax24.com\/es\/#breadcrumb"},"inLanguage":"es","potentialAction":[{"@type":"ReadAction","target":["https:\/\/lottomax24.com\/es\/"]}]},{"@type":"BreadcrumbList","@id":"https:\/\/lottomax24.com\/es\/#breadcrumb","itemListElement":[{"@type":"ListItem","position":1,"name":"Home","item":"https:\/\/lottomax24.com\/es\/hogar\/"},{"@type":"ListItem","position":2,"name":"Hogar"}]},{"@type":"WebSite","@id":"https:\/\/lottomax24.com\/es\/#website","url":"https:\/\/lottomax24.com\/es\/","name":"","description":"","potentialAction":[{"@type":"SearchAction","target":{"@type":"EntryPoint","urlTemplate":"https:\/\/lottomax24.com\/es\/?s={search_term_string}"},"query-input":{"@type":"PropertyValueSpecification","valueRequired":true,"valueName":"search_term_string"}}],"inLanguage":"es"}]}},"_links":{"self":[{"href":"https:\/\/lottomax24.com\/es\/wp-json\/wp\/v2\/pages\/154","targetHints":{"allow":["GET"]}}],"collection":[{"href":"https:\/\/lottomax24.com\/es\/wp-json\/wp\/v2\/pages"}],"about":[{"href":"https:\/\/lottomax24.com\/es\/wp-json\/wp\/v2\/types\/page"}],"author":[{"embeddable":true,"href":"https:\/\/lottomax24.com\/es\/wp-json\/wp\/v2\/users\/1"}],"replies":[{"embeddable":true,"href":"https:\/\/lottomax24.com\/es\/wp-json\/wp\/v2\/comments?post=154"}],"version-history":[{"count":0,"href":"https:\/\/lottomax24.com\/es\/wp-json\/wp\/v2\/pages\/154\/revisions"}],"wp:attachment":[{"href":"https:\/\/lottomax24.com\/es\/wp-json\/wp\/v2\/media?parent=154"}],"curies":[{"name":"wp","href":"https:\/\/api.w.org\/{rel}","templated":true}]}}