{"id":430,"date":"2024-09-09T19:24:29","date_gmt":"2024-09-09T18:24:29","guid":{"rendered":"https:\/\/lottomax24.com\/avaleht\/"},"modified":"2024-09-09T19:24:29","modified_gmt":"2024-09-09T18:24:29","slug":"avaleht","status":"publish","type":"page","link":"https:\/\/lottomax24.com\/et\/","title":{"rendered":"Avaleht"},"content":{"rendered":"<h2>Hankige piletid planeedi suurimatele loteriidele<\/h2>\n<p>Kui olete lotof\u00e4nn, kes otsib loteriisid, millel on <strong>parem v\u00f5iduv\u00f5imalus ja suuremad jackpotid<\/strong>, siis olete \u00f5iges kohas. Miks m\u00e4ngida oma kohalikku loteriid v\u00e4ikese peaauhinna nimel, kui saate loteriid m\u00e4ngida veebis ja teil on rohkem valikuv\u00f5imalusi?<\/p>\n<p>Vaadake <a href=\"https:\/\/RedFoxLotto.com\">RedFoxLotto.com<\/a> ja <a href=\"https:\/\/Simbalotto.com\">Simbalotto.com<\/a>, kahte parimat veebisaiti, kus osaleda suurimates rahvusvahelistes jackpottides.<\/p>\n<p>On suuri loteriisid ja siis on mega-loteriisid. Kujutage ette sadade miljonite loteriijackpoti \u2013 leiate need siit! Loteriidel nagu Mega Millions, Powerball, Euromillions, Eurojackpot, SuperEnalotto ja kuulsal El Gordo loteriil on selliseid jackpote regulaarselt.<\/p>\n<p>Kas teadsite, et nii Mega Millionsi kui ka Powerballi <strong>jackpotid olid \u00fcle 1500 miljoni dollari?<\/strong> On raske ette kujutada loteriist \u00fcle miljardi v\u00f5itmist, aga see on v\u00f5imalik!<\/p>\n<h2>Teie elukohariik ei ole oluline \u2013 ostke piletid veebist!<\/h2>\n<p>Kui ostate loteriipileteid veebist, ei ole oluline, kus te elate. Teil ei ole vaja reisida, et <strong>loteriipiletit osta v\u00e4lisriigis<\/strong>. Pakume oma \u00fclemaailmset teenust klientidele peaaegu k\u00f5igist riikidest.<\/p>\n<h2>Lihtne veebip\u00f5hine ostuprotsess teie j\u00e4rgmiste loteriipiletite jaoks.<\/h2>\n<p>Piletite saamiseks ja maailma parimates loteriides osalemiseks on vaja vaid m\u00f5nda sammu. Valige loterii, valige numbrid, registreeruge ja makske veebis \u2013 see on k\u00f5ik, mida vajate, et saada j\u00e4rgmiseks lotomiljon\u00e4riks! <\/p>\n<h2>K\u00f5igil loteriidel pole samad v\u00f5iduv\u00f5imalused<\/h2>\n<p><img decoding=\"async\" class=\"alignright wp-image-1810\" src=\"https:\/\/lottomax24.com\/wp-content\/uploads\/2021\/04\/international_jackpots.jpg\" alt=\"worldwide lotto\" \/>On t\u00e4iesti loogiline otsida suurimaid jackpote, aga samas on m\u00f5istlik kontrollida, kus pakutakse parimaid v\u00f5iduv\u00f5imalusi suure auhinna v\u00f5itmiseks. M\u00f5ned jackpotid kasvavad nii palju, sest neid on raske v\u00f5ita.<\/p>\n<p>Aga mis siis, kui teise astme auhind on ikkagi piisavalt suur, et muuta teie elu? Mis siis, kui teise astme auhinna v\u00f5itmise v\u00f5imalused on palju, palju paremad kui jackpoti v\u00f5itmise v\u00f5imalused? Meil \u200b\u200bon ka seda t\u00fc\u00fcpi loterii.<\/p>\n<h2>Kust leian teavet ja n\u00e4pun\u00e4iteid lotof\u00e4nnidele?<\/h2>\n<p>K\u00f5ik see leiate siit meie veebisaidilt. Lisaks iga loterii t\u00e4psetele koefitsientidele ja reeglitele on meil ka artikleid loterii igasuguste aspektide kohta. Anname teile n\u00f5u, kuidas oma v\u00f5iduv\u00f5imalusi parandada, ning leiate meie veebisaidilt ka uusimad tulemused ja vanemate tulemuste arhiivi k\u00f5igi loteriide kohta.<\/p>\n<h2>Suurimad loteriijackpotid maailmas<\/h2>\n<p>Meie pakkumise parim osa on see, et leiate alati <strong>tohutu jackpoti, millele tasub pileteid osta<\/strong>, ja k\u00f5ik suurimad jackpotid on siin loetletud!<\/p>\n<h2>Mis siis, kui ma v\u00f5idan?<\/h2>\n<p>Meie \u00fclemaailmsete klientide eest hoolitsemine v\u00f5idu korral on meie veebip\u00f5hise piletiteenuse oluline osa. V\u00e4iksemad v\u00f5idud makstakse otse teie m\u00e4ngijakontole. Suuremate v\u00f5itude korral pakub meie klienditugi teile VIP-v\u00f5itja teenust! Teile makstakse t\u00e4ies ulatuses ja teie v\u00f5itudelt ei arvata maha mingeid tasusid ega vahendustasusid, kuigi kehtivad loteriiriigi ja teie elukohariigi maksueeskirjad.<\/p>\n","protected":false},"excerpt":{"rendered":"<p>Hankige piletid planeedi suurimatele loteriidele Kui olete lotof\u00e4nn, kes otsib loteriisid, millel on parem v\u00f5iduv\u00f5imalus ja suuremad jackpotid, siis olete \u00f5iges kohas. Miks m\u00e4ngida oma kohalikku loteriid v\u00e4ikese peaauhinna nimel, kui saate loteriid m\u00e4ngida veebis ja teil on rohkem valikuv\u00f5imalusi? Vaadake RedFoxLotto.com ja Simbalotto.com, kahte parimat veebisaiti, kus osaleda suurimates rahvusvahelistes jackpottides. On suuri loteriisid [&hellip;]<\/p>\n","protected":false},"author":1,"featured_media":0,"parent":0,"menu_order":0,"comment_status":"closed","ping_status":"closed","template":"","meta":{"footnotes":""},"class_list":["post-430","page","type-page","status-publish","hentry"],"yoast_head":"<!-- This site is optimized with the Yoast SEO plugin v25.9 - https:\/\/yoast.com\/wordpress\/plugins\/seo\/ -->\n<title>Maailma suurimate loteriijackpotide piletiteenus<\/title>\n<meta name=\"robots\" content=\"index, follow, max-snippet:-1, max-image-preview:large, max-video-preview:-1\" \/>\n<link rel=\"canonical\" href=\"https:\/\/lottomax24.com\/et\/\" \/>\n<meta property=\"og:locale\" content=\"et_EE\" \/>\n<meta property=\"og:type\" content=\"article\" \/>\n<meta property=\"og:title\" content=\"Maailma suurimate loteriijackpotide piletiteenus\" \/>\n<meta property=\"og:description\" content=\"Hankige piletid planeedi suurimatele loteriidele Kui olete lotof\u00e4nn, kes otsib loteriisid, millel on parem v\u00f5iduv\u00f5imalus ja suuremad jackpotid, siis olete \u00f5iges kohas. Miks m\u00e4ngida oma kohalikku loteriid v\u00e4ikese peaauhinna nimel, kui saate loteriid m\u00e4ngida veebis ja teil on rohkem valikuv\u00f5imalusi? Vaadake RedFoxLotto.com ja Simbalotto.com, kahte parimat veebisaiti, kus osaleda suurimates rahvusvahelistes jackpottides. On suuri loteriisid [&hellip;]\" \/>\n<meta property=\"og:url\" content=\"https:\/\/lottomax24.com\/et\/\" \/>\n<meta name=\"twitter:card\" content=\"summary_large_image\" \/>\n<meta name=\"twitter:label1\" content=\"Est. reading time\" \/>\n\t<meta name=\"twitter:data1\" content=\"2 minutit\" \/>\n<script type=\"application\/ld+json\" class=\"yoast-schema-graph\">{\"@context\":\"https:\/\/schema.org\",\"@graph\":[{\"@type\":\"WebPage\",\"@id\":\"https:\/\/lottomax24.com\/et\/\",\"url\":\"https:\/\/lottomax24.com\/et\/\",\"name\":\"Maailma suurimate loteriijackpotide piletiteenus\",\"isPartOf\":{\"@id\":\"https:\/\/lottomax24.com\/et\/#website\"},\"primaryImageOfPage\":{\"@id\":\"https:\/\/lottomax24.com\/et\/#primaryimage\"},\"image\":{\"@id\":\"https:\/\/lottomax24.com\/et\/#primaryimage\"},\"thumbnailUrl\":\"https:\/\/lottomax24.com\/wp-content\/uploads\/2021\/04\/international_jackpots.jpg\",\"datePublished\":\"2024-09-09T18:24:29+00:00\",\"breadcrumb\":{\"@id\":\"https:\/\/lottomax24.com\/et\/#breadcrumb\"},\"inLanguage\":\"et\",\"potentialAction\":[{\"@type\":\"ReadAction\",\"target\":[\"https:\/\/lottomax24.com\/et\/\"]}]},{\"@type\":\"ImageObject\",\"inLanguage\":\"et\",\"@id\":\"https:\/\/lottomax24.com\/et\/#primaryimage\",\"url\":\"https:\/\/lottomax24.com\/wp-content\/uploads\/2021\/04\/international_jackpots.jpg\",\"contentUrl\":\"https:\/\/lottomax24.com\/wp-content\/uploads\/2021\/04\/international_jackpots.jpg\"},{\"@type\":\"BreadcrumbList\",\"@id\":\"https:\/\/lottomax24.com\/et\/#breadcrumb\",\"itemListElement\":[{\"@type\":\"ListItem\",\"position\":1,\"name\":\"Home\",\"item\":\"https:\/\/lottomax24.com\/et\/avaleht\/\"},{\"@type\":\"ListItem\",\"position\":2,\"name\":\"Avaleht\"}]},{\"@type\":\"WebSite\",\"@id\":\"https:\/\/lottomax24.com\/et\/#website\",\"url\":\"https:\/\/lottomax24.com\/et\/\",\"name\":\"\",\"description\":\"\",\"potentialAction\":[{\"@type\":\"SearchAction\",\"target\":{\"@type\":\"EntryPoint\",\"urlTemplate\":\"https:\/\/lottomax24.com\/et\/?s={search_term_string}\"},\"query-input\":{\"@type\":\"PropertyValueSpecification\",\"valueRequired\":true,\"valueName\":\"search_term_string\"}}],\"inLanguage\":\"et\"}]}<\/script>\n<!-- \/ Yoast SEO plugin. -->","yoast_head_json":{"title":"Maailma suurimate loteriijackpotide piletiteenus","robots":{"index":"index","follow":"follow","max-snippet":"max-snippet:-1","max-image-preview":"max-image-preview:large","max-video-preview":"max-video-preview:-1"},"canonical":"https:\/\/lottomax24.com\/et\/","og_locale":"et_EE","og_type":"article","og_title":"Maailma suurimate loteriijackpotide piletiteenus","og_description":"Hankige piletid planeedi suurimatele loteriidele Kui olete lotof\u00e4nn, kes otsib loteriisid, millel on parem v\u00f5iduv\u00f5imalus ja suuremad jackpotid, siis olete \u00f5iges kohas. Miks m\u00e4ngida oma kohalikku loteriid v\u00e4ikese peaauhinna nimel, kui saate loteriid m\u00e4ngida veebis ja teil on rohkem valikuv\u00f5imalusi? Vaadake RedFoxLotto.com ja Simbalotto.com, kahte parimat veebisaiti, kus osaleda suurimates rahvusvahelistes jackpottides. On suuri loteriisid [&hellip;]","og_url":"https:\/\/lottomax24.com\/et\/","twitter_card":"summary_large_image","twitter_misc":{"Est. reading time":"2 minutit"},"schema":{"@context":"https:\/\/schema.org","@graph":[{"@type":"WebPage","@id":"https:\/\/lottomax24.com\/et\/","url":"https:\/\/lottomax24.com\/et\/","name":"Maailma suurimate loteriijackpotide piletiteenus","isPartOf":{"@id":"https:\/\/lottomax24.com\/et\/#website"},"primaryImageOfPage":{"@id":"https:\/\/lottomax24.com\/et\/#primaryimage"},"image":{"@id":"https:\/\/lottomax24.com\/et\/#primaryimage"},"thumbnailUrl":"https:\/\/lottomax24.com\/wp-content\/uploads\/2021\/04\/international_jackpots.jpg","datePublished":"2024-09-09T18:24:29+00:00","breadcrumb":{"@id":"https:\/\/lottomax24.com\/et\/#breadcrumb"},"inLanguage":"et","potentialAction":[{"@type":"ReadAction","target":["https:\/\/lottomax24.com\/et\/"]}]},{"@type":"ImageObject","inLanguage":"et","@id":"https:\/\/lottomax24.com\/et\/#primaryimage","url":"https:\/\/lottomax24.com\/wp-content\/uploads\/2021\/04\/international_jackpots.jpg","contentUrl":"https:\/\/lottomax24.com\/wp-content\/uploads\/2021\/04\/international_jackpots.jpg"},{"@type":"BreadcrumbList","@id":"https:\/\/lottomax24.com\/et\/#breadcrumb","itemListElement":[{"@type":"ListItem","position":1,"name":"Home","item":"https:\/\/lottomax24.com\/et\/avaleht\/"},{"@type":"ListItem","position":2,"name":"Avaleht"}]},{"@type":"WebSite","@id":"https:\/\/lottomax24.com\/et\/#website","url":"https:\/\/lottomax24.com\/et\/","name":"","description":"","potentialAction":[{"@type":"SearchAction","target":{"@type":"EntryPoint","urlTemplate":"https:\/\/lottomax24.com\/et\/?s={search_term_string}"},"query-input":{"@type":"PropertyValueSpecification","valueRequired":true,"valueName":"search_term_string"}}],"inLanguage":"et"}]}},"_links":{"self":[{"href":"https:\/\/lottomax24.com\/et\/wp-json\/wp\/v2\/pages\/430","targetHints":{"allow":["GET"]}}],"collection":[{"href":"https:\/\/lottomax24.com\/et\/wp-json\/wp\/v2\/pages"}],"about":[{"href":"https:\/\/lottomax24.com\/et\/wp-json\/wp\/v2\/types\/page"}],"author":[{"embeddable":true,"href":"https:\/\/lottomax24.com\/et\/wp-json\/wp\/v2\/users\/1"}],"replies":[{"embeddable":true,"href":"https:\/\/lottomax24.com\/et\/wp-json\/wp\/v2\/comments?post=430"}],"version-history":[{"count":0,"href":"https:\/\/lottomax24.com\/et\/wp-json\/wp\/v2\/pages\/430\/revisions"}],"wp:attachment":[{"href":"https:\/\/lottomax24.com\/et\/wp-json\/wp\/v2\/media?parent=430"}],"curies":[{"name":"wp","href":"https:\/\/api.w.org\/{rel}","templated":true}]}}