{"id":138,"date":"2024-09-09T19:24:29","date_gmt":"2024-09-09T18:24:29","guid":{"rendered":"https:\/\/lottomax24.com\/kotiin\/"},"modified":"2024-09-09T19:24:29","modified_gmt":"2024-09-09T18:24:29","slug":"kotiin","status":"publish","type":"page","link":"https:\/\/lottomax24.com\/fi\/","title":{"rendered":"Kotiin"},"content":{"rendered":"<h2>Hanki liput planeetan suurimpiin lottoihin<\/h2>\n<p>Jos olet lottofani ja etsit lottoja, joissa on <strong>paremmat voittomahdollisuudet ja suurempia j\u00e4ttipotteja<\/strong>, olet tullut oikeaan paikkaan. Miksi pelata paikallista lottoa pienest\u00e4 p\u00e4\u00e4palkinnosta, kun voit pelata lottoa verkossa ja sinulla on enemm\u00e4n valinnanvaraa?<\/p>\n<p>Tutustu <a href=\"https:\/\/RedFoxLotto.com\">RedFoxLotto.com<\/a>&#8211; ja <a href=\"https:\/\/Simbalotto.com\">Simbalotto.com<\/a>-sivustoihin, kahteen parhaaseen verkkosivustoon osallistua suurimpiin kansainv\u00e4lisiin j\u00e4ttipotteihin.<\/p>\n<p>On olemassa suuria lottoja ja sitten on megalottoja. Kuvittele satojen miljoonien lottoj\u00e4ttipotti \u2013 l\u00f6yd\u00e4t ne t\u00e4\u00e4lt\u00e4! Lotoissa, kuten Mega Millions, Powerball, Euromillions, Eurojackpot, Superenalotto ja kuuluisassa El Gordo -lotossa, on t\u00e4llaisia \u200b\u200bj\u00e4ttipotteja s\u00e4\u00e4nn\u00f6llisesti.<\/p>\n<p>Tiesitk\u00f6, ett\u00e4 sek\u00e4 Mega Millionsissa ett\u00e4 Powerballissa *p\u00e4\u00e4potit olivat yli 1 500 miljoonaa dollaria?* On vaikea kuvitella voittavansa yli miljardin lotossa, mutta se on mahdollista!<\/p>\n<p>*Asuinmaallasi ei ole v\u00e4li\u00e4 \u2013 osta lippusi verkosta!*<br \/>\nKun ostat lottokuponkeja verkosta, sill\u00e4 ei ole v\u00e4li\u00e4 miss\u00e4 asut. Sinun ei tarvitse matkustaa *ostaaksesi* lottokuponkeja ulkomailla. Tarjoamme maailmanlaajuista palveluamme l\u00e4hes kaikkien maiden asiakkaille.<br \/>\n*Helppo verkko-ostoprosessi seuraaville lottokuponkeillesi.*<br \/>\n*Lippujen hankkiminen ja osallistuminen maailman parhaisiin lottoihin on vain muutaman vaiheen ansiota. Valitse lotto, valitse numerosi, rekister\u00f6idy ja maksa verkossa \u2013 siin\u00e4 kaikki, mit\u00e4 tarvitset saadaksesi mahdollisuuden tulla seuraavaksi lottomiljon\u00e4\u00e4riksi! <\/p>\n<h2>Kaikilla lotoilla ei ole samoja voittomahdollisuuksia<\/h2>\n<p><img decoding=\"async\" class=\"alignright wp-image-1810\" src=\"https:\/\/lottomax24.com\/wp-content\/uploads\/2021\/04\/international_jackpots.jpg\" alt=\"worldwide lotto\" \/>On t\u00e4ysin loogista etsi\u00e4 suurimpia j\u00e4ttipotteja, mutta on my\u00f6s j\u00e4rkev\u00e4\u00e4 tarkistaa, miss\u00e4 sinulle tarjotaan parhaat kertoimet voittaa suuri palkinto. Jotkut j\u00e4ttipotit kasvavat niin paljon, koska niit\u00e4 on vaikea voittaa.<\/p>\n<p>Mutta ent\u00e4 jos toisen tason palkinto on silti tarpeeksi suuri muuttamaan el\u00e4m\u00e4si? Ent\u00e4 jos toisen tason palkinnon voittomahdollisuudet olisivat paljon, paljon paremmat kuin j\u00e4ttipotin voittaminen? No, meill\u00e4 on my\u00f6s tuollainen lotto.<\/p>\n<h2>Mist\u00e4 l\u00f6yd\u00e4n tietoa ja vinkkej\u00e4 lottofaneille?<\/h2>\n<p>L\u00f6yd\u00e4t kaiken t\u00e4m\u00e4n t\u00e4\u00e4lt\u00e4 verkkosivuiltamme. Emme ainoastaan \u200b\u200banna sinulle tarkkoja kertoimia ja s\u00e4\u00e4nt\u00f6j\u00e4 jokaiseen lottoon, vaan meill\u00e4 on my\u00f6s artikkeleita lottoon liittyvist\u00e4 eri n\u00e4k\u00f6kohdista. Annamme sinulle neuvoja voittomahdollisuuksiesi parantamiseen, ja l\u00f6yd\u00e4t my\u00f6s uusimmat tulokset ja arkiston vanhemmista tuloksista kaikista lottoista verkkosivuillamme.<\/p>\n<h2>Maailman suurimmat lottop\u00e4\u00e4voitot<\/h2>\n<p>Tarjouksemme paras puoli on se, ett\u00e4 l\u00f6yd\u00e4t aina <strong>valtavan p\u00e4\u00e4voiton, johon kannattaa ostaa lippuja<\/strong>, ja kaikki suurimmat p\u00e4\u00e4voitot on lueteltu t\u00e4\u00e4ll\u00e4!<\/p>\n<h2>Ent\u00e4 jos voitan?<\/h2>\n<p>Maailmanlaajuisten asiakkaidemme voittaminen on t\u00e4rke\u00e4 osa verkkolippupalveluamme. Pienemm\u00e4t voitot maksetaan suoraan pelaajatilillesi. Suurempien voittojen kohdalla asiakastukemme tarjoaa sinulle VIP-voittajapalvelumme! Saat t\u00e4yden voiton, eik\u00e4 voitoistasi koskaan v\u00e4hennet\u00e4 maksuja tai palkkioita, vaikka lottomaan ja asuinmaasi veros\u00e4\u00e4nn\u00f6kset ovat voimassa.<\/p>\n","protected":false},"excerpt":{"rendered":"<p>Hanki liput planeetan suurimpiin lottoihin Jos olet lottofani ja etsit lottoja, joissa on paremmat voittomahdollisuudet ja suurempia j\u00e4ttipotteja, olet tullut oikeaan paikkaan. Miksi pelata paikallista lottoa pienest\u00e4 p\u00e4\u00e4palkinnosta, kun voit pelata lottoa verkossa ja sinulla on enemm\u00e4n valinnanvaraa? Tutustu RedFoxLotto.com&#8211; ja Simbalotto.com-sivustoihin, kahteen parhaaseen verkkosivustoon osallistua suurimpiin kansainv\u00e4lisiin j\u00e4ttipotteihin. On olemassa suuria lottoja ja sitten [&hellip;]<\/p>\n","protected":false},"author":1,"featured_media":0,"parent":0,"menu_order":0,"comment_status":"closed","ping_status":"closed","template":"","meta":{"footnotes":""},"class_list":["post-138","page","type-page","status-publish","hentry"],"yoast_head":"<!-- This site is optimized with the Yoast SEO plugin v25.9 - https:\/\/yoast.com\/wordpress\/plugins\/seo\/ -->\n<title>Lippupalvelu maailman suurimpiin lottopotteihin<\/title>\n<meta name=\"robots\" content=\"index, follow, max-snippet:-1, max-image-preview:large, max-video-preview:-1\" \/>\n<link rel=\"canonical\" href=\"https:\/\/lottomax24.com\/fi\/\" \/>\n<meta property=\"og:locale\" content=\"fi_FI\" \/>\n<meta property=\"og:type\" content=\"article\" \/>\n<meta property=\"og:title\" content=\"Lippupalvelu maailman suurimpiin lottopotteihin\" \/>\n<meta property=\"og:description\" content=\"Hanki liput planeetan suurimpiin lottoihin Jos olet lottofani ja etsit lottoja, joissa on paremmat voittomahdollisuudet ja suurempia j\u00e4ttipotteja, olet tullut oikeaan paikkaan. Miksi pelata paikallista lottoa pienest\u00e4 p\u00e4\u00e4palkinnosta, kun voit pelata lottoa verkossa ja sinulla on enemm\u00e4n valinnanvaraa? Tutustu RedFoxLotto.com&#8211; ja Simbalotto.com-sivustoihin, kahteen parhaaseen verkkosivustoon osallistua suurimpiin kansainv\u00e4lisiin j\u00e4ttipotteihin. On olemassa suuria lottoja ja sitten [&hellip;]\" \/>\n<meta property=\"og:url\" content=\"https:\/\/lottomax24.com\/fi\/\" \/>\n<meta name=\"twitter:card\" content=\"summary_large_image\" \/>\n<meta name=\"twitter:label1\" content=\"Arvioitu lukuaika\" \/>\n\t<meta name=\"twitter:data1\" content=\"2 minuuttia\" \/>\n<script type=\"application\/ld+json\" class=\"yoast-schema-graph\">{\"@context\":\"https:\/\/schema.org\",\"@graph\":[{\"@type\":\"WebPage\",\"@id\":\"https:\/\/lottomax24.com\/fi\/\",\"url\":\"https:\/\/lottomax24.com\/fi\/\",\"name\":\"Lippupalvelu maailman suurimpiin lottopotteihin\",\"isPartOf\":{\"@id\":\"https:\/\/lottomax24.com\/fi\/#website\"},\"primaryImageOfPage\":{\"@id\":\"https:\/\/lottomax24.com\/fi\/#primaryimage\"},\"image\":{\"@id\":\"https:\/\/lottomax24.com\/fi\/#primaryimage\"},\"thumbnailUrl\":\"https:\/\/lottomax24.com\/wp-content\/uploads\/2021\/04\/international_jackpots.jpg\",\"datePublished\":\"2024-09-09T18:24:29+00:00\",\"breadcrumb\":{\"@id\":\"https:\/\/lottomax24.com\/fi\/#breadcrumb\"},\"inLanguage\":\"fi\",\"potentialAction\":[{\"@type\":\"ReadAction\",\"target\":[\"https:\/\/lottomax24.com\/fi\/\"]}]},{\"@type\":\"ImageObject\",\"inLanguage\":\"fi\",\"@id\":\"https:\/\/lottomax24.com\/fi\/#primaryimage\",\"url\":\"https:\/\/lottomax24.com\/wp-content\/uploads\/2021\/04\/international_jackpots.jpg\",\"contentUrl\":\"https:\/\/lottomax24.com\/wp-content\/uploads\/2021\/04\/international_jackpots.jpg\"},{\"@type\":\"BreadcrumbList\",\"@id\":\"https:\/\/lottomax24.com\/fi\/#breadcrumb\",\"itemListElement\":[{\"@type\":\"ListItem\",\"position\":1,\"name\":\"Home\",\"item\":\"https:\/\/lottomax24.com\/fi\/kotiin\/\"},{\"@type\":\"ListItem\",\"position\":2,\"name\":\"Kotiin\"}]},{\"@type\":\"WebSite\",\"@id\":\"https:\/\/lottomax24.com\/fi\/#website\",\"url\":\"https:\/\/lottomax24.com\/fi\/\",\"name\":\"\",\"description\":\"\",\"potentialAction\":[{\"@type\":\"SearchAction\",\"target\":{\"@type\":\"EntryPoint\",\"urlTemplate\":\"https:\/\/lottomax24.com\/fi\/?s={search_term_string}\"},\"query-input\":{\"@type\":\"PropertyValueSpecification\",\"valueRequired\":true,\"valueName\":\"search_term_string\"}}],\"inLanguage\":\"fi\"}]}<\/script>\n<!-- \/ Yoast SEO plugin. -->","yoast_head_json":{"title":"Lippupalvelu maailman suurimpiin lottopotteihin","robots":{"index":"index","follow":"follow","max-snippet":"max-snippet:-1","max-image-preview":"max-image-preview:large","max-video-preview":"max-video-preview:-1"},"canonical":"https:\/\/lottomax24.com\/fi\/","og_locale":"fi_FI","og_type":"article","og_title":"Lippupalvelu maailman suurimpiin lottopotteihin","og_description":"Hanki liput planeetan suurimpiin lottoihin Jos olet lottofani ja etsit lottoja, joissa on paremmat voittomahdollisuudet ja suurempia j\u00e4ttipotteja, olet tullut oikeaan paikkaan. Miksi pelata paikallista lottoa pienest\u00e4 p\u00e4\u00e4palkinnosta, kun voit pelata lottoa verkossa ja sinulla on enemm\u00e4n valinnanvaraa? Tutustu RedFoxLotto.com&#8211; ja Simbalotto.com-sivustoihin, kahteen parhaaseen verkkosivustoon osallistua suurimpiin kansainv\u00e4lisiin j\u00e4ttipotteihin. On olemassa suuria lottoja ja sitten [&hellip;]","og_url":"https:\/\/lottomax24.com\/fi\/","twitter_card":"summary_large_image","twitter_misc":{"Arvioitu lukuaika":"2 minuuttia"},"schema":{"@context":"https:\/\/schema.org","@graph":[{"@type":"WebPage","@id":"https:\/\/lottomax24.com\/fi\/","url":"https:\/\/lottomax24.com\/fi\/","name":"Lippupalvelu maailman suurimpiin lottopotteihin","isPartOf":{"@id":"https:\/\/lottomax24.com\/fi\/#website"},"primaryImageOfPage":{"@id":"https:\/\/lottomax24.com\/fi\/#primaryimage"},"image":{"@id":"https:\/\/lottomax24.com\/fi\/#primaryimage"},"thumbnailUrl":"https:\/\/lottomax24.com\/wp-content\/uploads\/2021\/04\/international_jackpots.jpg","datePublished":"2024-09-09T18:24:29+00:00","breadcrumb":{"@id":"https:\/\/lottomax24.com\/fi\/#breadcrumb"},"inLanguage":"fi","potentialAction":[{"@type":"ReadAction","target":["https:\/\/lottomax24.com\/fi\/"]}]},{"@type":"ImageObject","inLanguage":"fi","@id":"https:\/\/lottomax24.com\/fi\/#primaryimage","url":"https:\/\/lottomax24.com\/wp-content\/uploads\/2021\/04\/international_jackpots.jpg","contentUrl":"https:\/\/lottomax24.com\/wp-content\/uploads\/2021\/04\/international_jackpots.jpg"},{"@type":"BreadcrumbList","@id":"https:\/\/lottomax24.com\/fi\/#breadcrumb","itemListElement":[{"@type":"ListItem","position":1,"name":"Home","item":"https:\/\/lottomax24.com\/fi\/kotiin\/"},{"@type":"ListItem","position":2,"name":"Kotiin"}]},{"@type":"WebSite","@id":"https:\/\/lottomax24.com\/fi\/#website","url":"https:\/\/lottomax24.com\/fi\/","name":"","description":"","potentialAction":[{"@type":"SearchAction","target":{"@type":"EntryPoint","urlTemplate":"https:\/\/lottomax24.com\/fi\/?s={search_term_string}"},"query-input":{"@type":"PropertyValueSpecification","valueRequired":true,"valueName":"search_term_string"}}],"inLanguage":"fi"}]}},"_links":{"self":[{"href":"https:\/\/lottomax24.com\/fi\/wp-json\/wp\/v2\/pages\/138","targetHints":{"allow":["GET"]}}],"collection":[{"href":"https:\/\/lottomax24.com\/fi\/wp-json\/wp\/v2\/pages"}],"about":[{"href":"https:\/\/lottomax24.com\/fi\/wp-json\/wp\/v2\/types\/page"}],"author":[{"embeddable":true,"href":"https:\/\/lottomax24.com\/fi\/wp-json\/wp\/v2\/users\/1"}],"replies":[{"embeddable":true,"href":"https:\/\/lottomax24.com\/fi\/wp-json\/wp\/v2\/comments?post=138"}],"version-history":[{"count":0,"href":"https:\/\/lottomax24.com\/fi\/wp-json\/wp\/v2\/pages\/138\/revisions"}],"wp:attachment":[{"href":"https:\/\/lottomax24.com\/fi\/wp-json\/wp\/v2\/media?parent=138"}],"curies":[{"name":"wp","href":"https:\/\/api.w.org\/{rel}","templated":true}]}}