{"id":140,"date":"2024-09-09T19:24:29","date_gmt":"2024-09-09T18:24:29","guid":{"rendered":"https:\/\/lottomax24.com\/maison\/"},"modified":"2024-09-09T19:24:29","modified_gmt":"2024-09-09T18:24:29","slug":"maison","status":"publish","type":"page","link":"https:\/\/lottomax24.com\/fr\/","title":{"rendered":"Maison"},"content":{"rendered":"<h2>Obtenez des billets pour les plus grandes loteries du monde<\/h2>\n<p>Si vous \u00eates un fan de loto et que vous recherchez des loteries offrant de meilleures chances de gagner et des jackpots plus importants, vous \u00eates au bon endroit. Pourquoi jouer \u00e0 votre loto local pour un petit prix, alors que vous pouvez jouer en ligne et avoir plus de choix\u00a0?<\/p>\n<p>Consultez <a href=\"https:\/\/RedFoxLotto.com\">RedFoxLotto.com<\/a> et <a href=\"https:\/\/Simbalotto.com\">Simbalotto.com<\/a>, deux des meilleurs sites web pour participer aux plus gros jackpots internationaux.<\/p>\n<p>Il existe des grandes loteries, et il y a des m\u00e9ga-loteries. Imaginez un jackpot de plusieurs centaines de millions\u00a0\u2013 vous les trouverez ici\u00a0! Des loteries comme le Mega Millions, le Powerball, l&rsquo;Euromillions, l&rsquo;Eurojackpot, le Superenalotto et la c\u00e9l\u00e8bre loterie El Gordo proposent r\u00e9guli\u00e8rement de tels jackpots.<\/p>\n<p>Saviez-vous que le Mega Millions et le Powerball offraient des jackpots de plus de 1\u00a0500 millions de dollars\u00a0? Il est difficile d&rsquo;imaginer gagner plus d&rsquo;un milliard \u00e0 la loterie, mais c&rsquo;est possible\u00a0!<\/p>\n<h2>Peu importe votre pays de r\u00e9sidence\u00a0: achetez vos billets en ligne\u00a0!<\/h2>\n<p>Lorsque vous achetez des billets de loterie en ligne, peu importe o\u00f9 vous vivez. Plus besoin de vous d\u00e9placer pour acheter un billet de loterie \u00e0 l&rsquo;\u00e9tranger. Nous offrons un service mondial \u00e0 nos clients de presque tous les pays.<\/p>\n<h2>Un processus d&rsquo;achat en ligne simple pour vos prochains billets de loterie.<\/h2>\n<p>Il suffit de quelques \u00e9tapes pour obtenir vos billets et participer aux meilleures loteries du monde. Choisissez une loterie, choisissez vos num\u00e9ros, inscrivez-vous et payez en ligne\u00a0: c&rsquo;est tout ce qu&rsquo;il vous faut pour avoir une chance de devenir le prochain millionnaire du loto\u00a0! <\/p>\n<h2>Toutes les loteries n&rsquo;offrent pas les m\u00eames chances de gagner<\/h2>\n<p><img decoding=\"async\" class=\"alignright wp-image-1810\" src=\"https:\/\/lottomax24.com\/wp-content\/uploads\/2021\/04\/international_jackpots.jpg\" alt=\"worldwide lotto\" \/>Il est tout \u00e0 fait logique de rechercher les plus gros jackpots, mais il est \u00e9galement judicieux de v\u00e9rifier o\u00f9 l&rsquo;on vous offre les meilleures chances de remporter un gros lot. Certains jackpots augmentent consid\u00e9rablement parce qu&rsquo;ils sont difficiles \u00e0 gagner.<\/p>\n<p>Et si le gain de deuxi\u00e8me rang \u00e9tait encore suffisamment important pour changer votre vie\u00a0? Et si les chances de gagner un gain de deuxi\u00e8me rang \u00e9taient bien plus \u00e9lev\u00e9es que celles de d\u00e9crocher le jackpot\u00a0? Eh bien, nous proposons \u00e9galement ce type de loterie.<\/p>\n<h2>O\u00f9 trouver des informations et des conseils pour les fans de loto\u00a0?<\/h2>\n<p>Vous trouverez tout cela sur notre site web. Nous vous fournissons non seulement les cotes et les r\u00e8gles exactes de chaque loterie, mais nous proposons \u00e9galement des articles sur tous les aspects de la loterie. Nous vous conseillons pour am\u00e9liorer vos chances de gagner, et vous trouverez \u00e9galement les derniers r\u00e9sultats et les archives des anciens r\u00e9sultats de toutes les loteries sur notre site web.<\/p>\n<h2>Les plus gros jackpots de loterie du monde<\/h2>\n<p>Le plus int\u00e9ressant, c&rsquo;est que vous trouverez toujours un jackpot \u00e9norme qui vaut la peine d&rsquo;acheter des billets. Tous les jackpots les plus importants sont r\u00e9pertori\u00e9s ici\u00a0!<\/p>\n<h2>Et si je gagne\u00a0?<\/h2>\n<p>Accompagner nos clients du monde entier lorsqu&rsquo;ils gagnent est un \u00e9l\u00e9ment important de notre service de billetterie en ligne. Les petits gains sont vers\u00e9s directement sur votre compte joueur. Pour les gains plus importants, notre service client vous propose notre service VIP\u00a0! Vous serez pay\u00e9 int\u00e9gralement et aucun frais ni commission ne sera d\u00e9duit de vos gains, bien que la r\u00e9glementation fiscale du pays de la loterie et de votre pays de r\u00e9sidence s&rsquo;applique.<\/p>\n","protected":false},"excerpt":{"rendered":"<p>Obtenez des billets pour les plus grandes loteries du monde Si vous \u00eates un fan de loto et que vous recherchez des loteries offrant de meilleures chances de gagner et des jackpots plus importants, vous \u00eates au bon endroit. Pourquoi jouer \u00e0 votre loto local pour un petit prix, alors que vous pouvez jouer en [&hellip;]<\/p>\n","protected":false},"author":1,"featured_media":0,"parent":0,"menu_order":0,"comment_status":"closed","ping_status":"closed","template":"","meta":{"footnotes":""},"class_list":["post-140","page","type-page","status-publish","hentry"],"yoast_head":"<!-- This site is optimized with the Yoast SEO plugin v25.9 - https:\/\/yoast.com\/wordpress\/plugins\/seo\/ -->\n<title>Service de billetterie pour les plus gros jackpots de loterie du monde<\/title>\n<meta name=\"robots\" content=\"index, follow, max-snippet:-1, max-image-preview:large, max-video-preview:-1\" \/>\n<link rel=\"canonical\" href=\"https:\/\/lottomax24.com\/fr\/\" \/>\n<meta property=\"og:locale\" content=\"fr_FR\" \/>\n<meta property=\"og:type\" content=\"article\" \/>\n<meta property=\"og:title\" content=\"Service de billetterie pour les plus gros jackpots de loterie du monde\" \/>\n<meta property=\"og:description\" content=\"Obtenez des billets pour les plus grandes loteries du monde Si vous \u00eates un fan de loto et que vous recherchez des loteries offrant de meilleures chances de gagner et des jackpots plus importants, vous \u00eates au bon endroit. Pourquoi jouer \u00e0 votre loto local pour un petit prix, alors que vous pouvez jouer en [&hellip;]\" \/>\n<meta property=\"og:url\" content=\"https:\/\/lottomax24.com\/fr\/\" \/>\n<meta name=\"twitter:card\" content=\"summary_large_image\" \/>\n<meta name=\"twitter:label1\" content=\"Dur\u00e9e de lecture estim\u00e9e\" \/>\n\t<meta name=\"twitter:data1\" content=\"3 minutes\" \/>\n<script type=\"application\/ld+json\" class=\"yoast-schema-graph\">{\"@context\":\"https:\/\/schema.org\",\"@graph\":[{\"@type\":\"WebPage\",\"@id\":\"https:\/\/lottomax24.com\/fr\/\",\"url\":\"https:\/\/lottomax24.com\/fr\/\",\"name\":\"Service de billetterie pour les plus gros jackpots de loterie du monde\",\"isPartOf\":{\"@id\":\"https:\/\/lottomax24.com\/fr\/#website\"},\"primaryImageOfPage\":{\"@id\":\"https:\/\/lottomax24.com\/fr\/#primaryimage\"},\"image\":{\"@id\":\"https:\/\/lottomax24.com\/fr\/#primaryimage\"},\"thumbnailUrl\":\"https:\/\/lottomax24.com\/wp-content\/uploads\/2021\/04\/international_jackpots.jpg\",\"datePublished\":\"2024-09-09T18:24:29+00:00\",\"breadcrumb\":{\"@id\":\"https:\/\/lottomax24.com\/fr\/#breadcrumb\"},\"inLanguage\":\"fr-FR\",\"potentialAction\":[{\"@type\":\"ReadAction\",\"target\":[\"https:\/\/lottomax24.com\/fr\/\"]}]},{\"@type\":\"ImageObject\",\"inLanguage\":\"fr-FR\",\"@id\":\"https:\/\/lottomax24.com\/fr\/#primaryimage\",\"url\":\"https:\/\/lottomax24.com\/wp-content\/uploads\/2021\/04\/international_jackpots.jpg\",\"contentUrl\":\"https:\/\/lottomax24.com\/wp-content\/uploads\/2021\/04\/international_jackpots.jpg\"},{\"@type\":\"BreadcrumbList\",\"@id\":\"https:\/\/lottomax24.com\/fr\/#breadcrumb\",\"itemListElement\":[{\"@type\":\"ListItem\",\"position\":1,\"name\":\"Home\",\"item\":\"https:\/\/lottomax24.com\/fr\/maison\/\"},{\"@type\":\"ListItem\",\"position\":2,\"name\":\"Maison\"}]},{\"@type\":\"WebSite\",\"@id\":\"https:\/\/lottomax24.com\/fr\/#website\",\"url\":\"https:\/\/lottomax24.com\/fr\/\",\"name\":\"\",\"description\":\"\",\"potentialAction\":[{\"@type\":\"SearchAction\",\"target\":{\"@type\":\"EntryPoint\",\"urlTemplate\":\"https:\/\/lottomax24.com\/fr\/?s={search_term_string}\"},\"query-input\":{\"@type\":\"PropertyValueSpecification\",\"valueRequired\":true,\"valueName\":\"search_term_string\"}}],\"inLanguage\":\"fr-FR\"}]}<\/script>\n<!-- \/ Yoast SEO plugin. -->","yoast_head_json":{"title":"Service de billetterie pour les plus gros jackpots de loterie du monde","robots":{"index":"index","follow":"follow","max-snippet":"max-snippet:-1","max-image-preview":"max-image-preview:large","max-video-preview":"max-video-preview:-1"},"canonical":"https:\/\/lottomax24.com\/fr\/","og_locale":"fr_FR","og_type":"article","og_title":"Service de billetterie pour les plus gros jackpots de loterie du monde","og_description":"Obtenez des billets pour les plus grandes loteries du monde Si vous \u00eates un fan de loto et que vous recherchez des loteries offrant de meilleures chances de gagner et des jackpots plus importants, vous \u00eates au bon endroit. Pourquoi jouer \u00e0 votre loto local pour un petit prix, alors que vous pouvez jouer en [&hellip;]","og_url":"https:\/\/lottomax24.com\/fr\/","twitter_card":"summary_large_image","twitter_misc":{"Dur\u00e9e de lecture estim\u00e9e":"3 minutes"},"schema":{"@context":"https:\/\/schema.org","@graph":[{"@type":"WebPage","@id":"https:\/\/lottomax24.com\/fr\/","url":"https:\/\/lottomax24.com\/fr\/","name":"Service de billetterie pour les plus gros jackpots de loterie du monde","isPartOf":{"@id":"https:\/\/lottomax24.com\/fr\/#website"},"primaryImageOfPage":{"@id":"https:\/\/lottomax24.com\/fr\/#primaryimage"},"image":{"@id":"https:\/\/lottomax24.com\/fr\/#primaryimage"},"thumbnailUrl":"https:\/\/lottomax24.com\/wp-content\/uploads\/2021\/04\/international_jackpots.jpg","datePublished":"2024-09-09T18:24:29+00:00","breadcrumb":{"@id":"https:\/\/lottomax24.com\/fr\/#breadcrumb"},"inLanguage":"fr-FR","potentialAction":[{"@type":"ReadAction","target":["https:\/\/lottomax24.com\/fr\/"]}]},{"@type":"ImageObject","inLanguage":"fr-FR","@id":"https:\/\/lottomax24.com\/fr\/#primaryimage","url":"https:\/\/lottomax24.com\/wp-content\/uploads\/2021\/04\/international_jackpots.jpg","contentUrl":"https:\/\/lottomax24.com\/wp-content\/uploads\/2021\/04\/international_jackpots.jpg"},{"@type":"BreadcrumbList","@id":"https:\/\/lottomax24.com\/fr\/#breadcrumb","itemListElement":[{"@type":"ListItem","position":1,"name":"Home","item":"https:\/\/lottomax24.com\/fr\/maison\/"},{"@type":"ListItem","position":2,"name":"Maison"}]},{"@type":"WebSite","@id":"https:\/\/lottomax24.com\/fr\/#website","url":"https:\/\/lottomax24.com\/fr\/","name":"","description":"","potentialAction":[{"@type":"SearchAction","target":{"@type":"EntryPoint","urlTemplate":"https:\/\/lottomax24.com\/fr\/?s={search_term_string}"},"query-input":{"@type":"PropertyValueSpecification","valueRequired":true,"valueName":"search_term_string"}}],"inLanguage":"fr-FR"}]}},"_links":{"self":[{"href":"https:\/\/lottomax24.com\/fr\/wp-json\/wp\/v2\/pages\/140","targetHints":{"allow":["GET"]}}],"collection":[{"href":"https:\/\/lottomax24.com\/fr\/wp-json\/wp\/v2\/pages"}],"about":[{"href":"https:\/\/lottomax24.com\/fr\/wp-json\/wp\/v2\/types\/page"}],"author":[{"embeddable":true,"href":"https:\/\/lottomax24.com\/fr\/wp-json\/wp\/v2\/users\/1"}],"replies":[{"embeddable":true,"href":"https:\/\/lottomax24.com\/fr\/wp-json\/wp\/v2\/comments?post=140"}],"version-history":[{"count":0,"href":"https:\/\/lottomax24.com\/fr\/wp-json\/wp\/v2\/pages\/140\/revisions"}],"wp:attachment":[{"href":"https:\/\/lottomax24.com\/fr\/wp-json\/wp\/v2\/media?parent=140"}],"curies":[{"name":"wp","href":"https:\/\/api.w.org\/{rel}","templated":true}]}}