{"id":432,"date":"2024-09-09T19:24:29","date_gmt":"2024-09-09T18:24:29","guid":{"rendered":"https:\/\/lottomax24.com\/otthon\/"},"modified":"2024-09-09T19:24:29","modified_gmt":"2024-09-09T18:24:29","slug":"otthon","status":"publish","type":"page","link":"https:\/\/lottomax24.com\/hu\/","title":{"rendered":"Otthon"},"content":{"rendered":"<h2>Szerezzen szelv\u00e9nyeket a bolyg\u00f3 legnagyobb lott\u00f3ira<\/h2>\n<p>Ha \u00d6n lott\u00f3rajong\u00f3, \u00e9s olyan lott\u00f3kat keres, amelyek <strong>jobb nyer\u00e9si es\u00e9lyekkel \u00e9s nagyobb jackpotokkal<\/strong> rendelkeznek, akkor j\u00f3 helyen j\u00e1r. Mi\u00e9rt j\u00e1tsszon a helyi lott\u00f3n egy kis f\u0151nyerem\u00e9ny\u00e9rt, amikor online is j\u00e1tszhat, \u00e9s nagyobb v\u00e1laszt\u00e9ka van?<\/p>\n<p>N\u00e9zze meg a <a href=\"https:\/\/RedFoxLotto.com\">RedFoxLotto.com<\/a> \u00e9s a <a href=\"https:\/\/Simbalotto.com\">Simbalotto.com<\/a> oldalakat, a k\u00e9t legjobb weboldalt, ahol r\u00e9szt vehet a legnagyobb nemzetk\u00f6zi jackpotokon.<\/p>\n<p>Vannak nagy lott\u00f3k, \u00e9s vannak megalott\u00f3k. K\u00e9pzeljen el egy t\u00f6bb sz\u00e1zmilli\u00f3s lott\u00f3jackpotot \u2013 itt megtal\u00e1lja \u0151ket! Az olyan lott\u00f3k, mint a Mega Millions, a Powerball, az Euromillions, az Eurojackpot, a Superenalotto \u00e9s a h\u00edres El Gordo lott\u00f3 rendszeresen k\u00edn\u00e1l ilyen jackpotokat.<\/p>\n<p>Tudtad, hogy mind a Mega Millions, mind a Powerball **jackpotjai** meghaladt\u00e1k az 1500 milli\u00f3 doll\u00e1rt?** Neh\u00e9z elk\u00e9pzelni, hogy t\u00f6bb mint egymilli\u00e1rdot nyerj egy lott\u00f3n, de lehets\u00e9ges!<br \/>\n**A lak\u00f3helyed orsz\u00e1ga nem sz\u00e1m\u00edt \u2013 v\u00e1s\u00e1rold meg szelv\u00e9nyeidet online!**<br \/>\nAmikor online v\u00e1s\u00e1rolsz lott\u00f3szelv\u00e9nyt, nem sz\u00e1m\u00edt, hol \u00e9lsz. Nem kell utaznod, hogy **k\u00fclf\u00f6ldre v\u00e1s\u00e1rolj szelv\u00e9nyt egy lott\u00f3ra**. Szinte minden orsz\u00e1gb\u00f3l k\u00edn\u00e1lunk \u00fcgyfeleinknek vil\u00e1gszint\u0171 szolg\u00e1ltat\u00e1st.<br \/>\n**Egyszer\u0171 online v\u00e1s\u00e1rl\u00e1si folyamat a k\u00f6vetkez\u0151 lott\u00f3szelv\u00e9nyeidhez.**<br \/>\nCsak n\u00e9h\u00e1ny l\u00e9p\u00e9sben megszerezheted a szelv\u00e9nyeidet, \u00e9s r\u00e9szt vehetsz a vil\u00e1g legjobb lott\u00f3in. V\u00e1lassz egy lott\u00f3t, v\u00e1laszd ki a sz\u00e1maidat, regisztr\u00e1lj, \u00e9s fizess online \u2013 ennyi az eg\u00e9sz, hogy es\u00e9lyed legyen a k\u00f6vetkez\u0151 lott\u00f3milliomoss\u00e1 v\u00e1lni! <\/p>\n<h2>Nem minden lott\u00f3 nyer\u00e9si es\u00e9lyei azonosak<\/h2>\n<p><img decoding=\"async\" class=\"alignright wp-image-1810\" src=\"https:\/\/lottomax24.com\/wp-content\/uploads\/2021\/04\/international_jackpots.jpg\" alt=\"worldwide lotto\" \/>Teljesen logikus a legnagyobb jackpotokat keresni, de az is logikus, hogy ellen\u0151rizz\u00fck, hol k\u00edn\u00e1lj\u00e1k a legjobb es\u00e9lyeket egy nagy nyerem\u00e9ny megnyer\u00e9s\u00e9re. N\u00e9h\u00e1ny jackpot az\u00e9rt n\u0151 meg annyira, mert neh\u00e9z megnyerni \u0151ket.<\/p>\n<p>De mi van, ha a m\u00e1sodrang\u00fa nyerem\u00e9ny m\u00e9g mindig el\u00e9g nagy ahhoz, hogy megv\u00e1ltoztassa az \u00e9letedet? Mi van, ha a m\u00e1sodrang\u00fa nyerem\u00e9ny megnyer\u00e9s\u00e9nek es\u00e9lye sokkal, de sokkal jobb, mint a jackpot megszerz\u00e9s\u00e9nek es\u00e9lye? Nos, nek\u00fcnk is van ilyen t\u00edpus\u00fa lott\u00f3nk.<\/p>\n<h2>Hol tal\u00e1lok inform\u00e1ci\u00f3kat \u00e9s tippeket a lott\u00f3rajong\u00f3knak?<\/h2>\n<p>Mindezt megtal\u00e1lod itt a weboldalunkon. Nemcsak minden lott\u00f3 pontos oddsait \u00e9s szab\u00e1lyait adjuk meg, hanem cikkeket is tal\u00e1lsz a lott\u00f3 mindenf\u00e9le aspektus\u00e1r\u00f3l. Tan\u00e1csokat adunk a nyer\u00e9si es\u00e9lyeid jav\u00edt\u00e1s\u00e1hoz, \u00e9s weboldalunkon megtal\u00e1lod a legfrissebb eredm\u00e9nyeket \u00e9s a r\u00e9gebbi eredm\u00e9nyek arch\u00edvum\u00e1t is az \u00f6sszes lott\u00f3 eset\u00e9ben.<\/p>\n<h2>A legnagyobb lott\u00f3 jackpotok vil\u00e1gszerte<\/h2>\n<p>Aj\u00e1nlatunk legjobb r\u00e9sze, hogy mindig tal\u00e1lsz egy <strong>hatalmas jackpotot, amelyre \u00e9rdemes szelv\u00e9nyt venni,<\/strong> \u00e9s az \u00f6sszes legnagyobb jackpotot itt soroljuk fel!<\/p>\n<h2>Mi van, ha nyerek?<\/h2>\n<p>Online jegyszolg\u00e1ltat\u00e1sunk fontos r\u00e9sz\u00e9t k\u00e9pezi, hogy gondoskodjunk vil\u00e1gszerte \u00e9l\u0151 \u00fcgyfeleinkr\u0151l nyer\u00e9s eset\u00e9n. A kisebb nyerem\u00e9nyeket k\u00f6zvetlen\u00fcl a j\u00e1t\u00e9kos sz\u00e1ml\u00e1j\u00e1ra fizetj\u00fck ki. Nagyobb nyerem\u00e9nyek eset\u00e9n \u00fcgyf\u00e9lszolg\u00e1latunk VIP nyertesi szolg\u00e1ltat\u00e1st ny\u00fajt \u00d6nnek! A teljes nyerem\u00e9nyt megkapod, \u00e9s a nyerem\u00e9nyedb\u0151l semmilyen d\u00edjat vagy jutal\u00e9kot nem vonunk le, b\u00e1r a lott\u00f3 orsz\u00e1g\u00e1ban \u00e9s az \u00d6n lak\u00f3helye szerinti orsz\u00e1g\u00e1ban \u00e9rv\u00e9nyesek az ad\u00f3szab\u00e1lyok.<\/p>\n","protected":false},"excerpt":{"rendered":"<p>Szerezzen szelv\u00e9nyeket a bolyg\u00f3 legnagyobb lott\u00f3ira Ha \u00d6n lott\u00f3rajong\u00f3, \u00e9s olyan lott\u00f3kat keres, amelyek jobb nyer\u00e9si es\u00e9lyekkel \u00e9s nagyobb jackpotokkal rendelkeznek, akkor j\u00f3 helyen j\u00e1r. Mi\u00e9rt j\u00e1tsszon a helyi lott\u00f3n egy kis f\u0151nyerem\u00e9ny\u00e9rt, amikor online is j\u00e1tszhat, \u00e9s nagyobb v\u00e1laszt\u00e9ka van? N\u00e9zze meg a RedFoxLotto.com \u00e9s a Simbalotto.com oldalakat, a k\u00e9t legjobb weboldalt, ahol r\u00e9szt [&hellip;]<\/p>\n","protected":false},"author":1,"featured_media":0,"parent":0,"menu_order":0,"comment_status":"closed","ping_status":"closed","template":"","meta":{"footnotes":""},"class_list":["post-432","page","type-page","status-publish","hentry"],"yoast_head":"<!-- This site is optimized with the Yoast SEO plugin v25.9 - https:\/\/yoast.com\/wordpress\/plugins\/seo\/ -->\n<title>Jegyszolg\u00e1ltat\u00e1s a vil\u00e1g legnagyobb lott\u00f3 jackpotjaihoz<\/title>\n<meta name=\"robots\" content=\"index, follow, max-snippet:-1, max-image-preview:large, max-video-preview:-1\" \/>\n<link rel=\"canonical\" href=\"https:\/\/lottomax24.com\/hu\/\" \/>\n<meta property=\"og:locale\" content=\"hu_HU\" \/>\n<meta property=\"og:type\" content=\"article\" \/>\n<meta property=\"og:title\" content=\"Jegyszolg\u00e1ltat\u00e1s a vil\u00e1g legnagyobb lott\u00f3 jackpotjaihoz\" \/>\n<meta property=\"og:description\" content=\"Szerezzen szelv\u00e9nyeket a bolyg\u00f3 legnagyobb lott\u00f3ira Ha \u00d6n lott\u00f3rajong\u00f3, \u00e9s olyan lott\u00f3kat keres, amelyek jobb nyer\u00e9si es\u00e9lyekkel \u00e9s nagyobb jackpotokkal rendelkeznek, akkor j\u00f3 helyen j\u00e1r. Mi\u00e9rt j\u00e1tsszon a helyi lott\u00f3n egy kis f\u0151nyerem\u00e9ny\u00e9rt, amikor online is j\u00e1tszhat, \u00e9s nagyobb v\u00e1laszt\u00e9ka van? N\u00e9zze meg a RedFoxLotto.com \u00e9s a Simbalotto.com oldalakat, a k\u00e9t legjobb weboldalt, ahol r\u00e9szt [&hellip;]\" \/>\n<meta property=\"og:url\" content=\"https:\/\/lottomax24.com\/hu\/\" \/>\n<meta name=\"twitter:card\" content=\"summary_large_image\" \/>\n<meta name=\"twitter:label1\" content=\"Becs\u00fclt olvas\u00e1si id\u0151\" \/>\n\t<meta name=\"twitter:data1\" content=\"3 perc\" \/>\n<script type=\"application\/ld+json\" class=\"yoast-schema-graph\">{\"@context\":\"https:\/\/schema.org\",\"@graph\":[{\"@type\":\"WebPage\",\"@id\":\"https:\/\/lottomax24.com\/hu\/\",\"url\":\"https:\/\/lottomax24.com\/hu\/\",\"name\":\"Jegyszolg\u00e1ltat\u00e1s a vil\u00e1g legnagyobb lott\u00f3 jackpotjaihoz\",\"isPartOf\":{\"@id\":\"https:\/\/lottomax24.com\/hu\/#website\"},\"primaryImageOfPage\":{\"@id\":\"https:\/\/lottomax24.com\/hu\/#primaryimage\"},\"image\":{\"@id\":\"https:\/\/lottomax24.com\/hu\/#primaryimage\"},\"thumbnailUrl\":\"https:\/\/lottomax24.com\/wp-content\/uploads\/2021\/04\/international_jackpots.jpg\",\"datePublished\":\"2024-09-09T18:24:29+00:00\",\"breadcrumb\":{\"@id\":\"https:\/\/lottomax24.com\/hu\/#breadcrumb\"},\"inLanguage\":\"hu\",\"potentialAction\":[{\"@type\":\"ReadAction\",\"target\":[\"https:\/\/lottomax24.com\/hu\/\"]}]},{\"@type\":\"ImageObject\",\"inLanguage\":\"hu\",\"@id\":\"https:\/\/lottomax24.com\/hu\/#primaryimage\",\"url\":\"https:\/\/lottomax24.com\/wp-content\/uploads\/2021\/04\/international_jackpots.jpg\",\"contentUrl\":\"https:\/\/lottomax24.com\/wp-content\/uploads\/2021\/04\/international_jackpots.jpg\"},{\"@type\":\"BreadcrumbList\",\"@id\":\"https:\/\/lottomax24.com\/hu\/#breadcrumb\",\"itemListElement\":[{\"@type\":\"ListItem\",\"position\":1,\"name\":\"Home\",\"item\":\"https:\/\/lottomax24.com\/hu\/otthon\/\"},{\"@type\":\"ListItem\",\"position\":2,\"name\":\"Otthon\"}]},{\"@type\":\"WebSite\",\"@id\":\"https:\/\/lottomax24.com\/hu\/#website\",\"url\":\"https:\/\/lottomax24.com\/hu\/\",\"name\":\"\",\"description\":\"\",\"potentialAction\":[{\"@type\":\"SearchAction\",\"target\":{\"@type\":\"EntryPoint\",\"urlTemplate\":\"https:\/\/lottomax24.com\/hu\/?s={search_term_string}\"},\"query-input\":{\"@type\":\"PropertyValueSpecification\",\"valueRequired\":true,\"valueName\":\"search_term_string\"}}],\"inLanguage\":\"hu\"}]}<\/script>\n<!-- \/ Yoast SEO plugin. -->","yoast_head_json":{"title":"Jegyszolg\u00e1ltat\u00e1s a vil\u00e1g legnagyobb lott\u00f3 jackpotjaihoz","robots":{"index":"index","follow":"follow","max-snippet":"max-snippet:-1","max-image-preview":"max-image-preview:large","max-video-preview":"max-video-preview:-1"},"canonical":"https:\/\/lottomax24.com\/hu\/","og_locale":"hu_HU","og_type":"article","og_title":"Jegyszolg\u00e1ltat\u00e1s a vil\u00e1g legnagyobb lott\u00f3 jackpotjaihoz","og_description":"Szerezzen szelv\u00e9nyeket a bolyg\u00f3 legnagyobb lott\u00f3ira Ha \u00d6n lott\u00f3rajong\u00f3, \u00e9s olyan lott\u00f3kat keres, amelyek jobb nyer\u00e9si es\u00e9lyekkel \u00e9s nagyobb jackpotokkal rendelkeznek, akkor j\u00f3 helyen j\u00e1r. Mi\u00e9rt j\u00e1tsszon a helyi lott\u00f3n egy kis f\u0151nyerem\u00e9ny\u00e9rt, amikor online is j\u00e1tszhat, \u00e9s nagyobb v\u00e1laszt\u00e9ka van? N\u00e9zze meg a RedFoxLotto.com \u00e9s a Simbalotto.com oldalakat, a k\u00e9t legjobb weboldalt, ahol r\u00e9szt [&hellip;]","og_url":"https:\/\/lottomax24.com\/hu\/","twitter_card":"summary_large_image","twitter_misc":{"Becs\u00fclt olvas\u00e1si id\u0151":"3 perc"},"schema":{"@context":"https:\/\/schema.org","@graph":[{"@type":"WebPage","@id":"https:\/\/lottomax24.com\/hu\/","url":"https:\/\/lottomax24.com\/hu\/","name":"Jegyszolg\u00e1ltat\u00e1s a vil\u00e1g legnagyobb lott\u00f3 jackpotjaihoz","isPartOf":{"@id":"https:\/\/lottomax24.com\/hu\/#website"},"primaryImageOfPage":{"@id":"https:\/\/lottomax24.com\/hu\/#primaryimage"},"image":{"@id":"https:\/\/lottomax24.com\/hu\/#primaryimage"},"thumbnailUrl":"https:\/\/lottomax24.com\/wp-content\/uploads\/2021\/04\/international_jackpots.jpg","datePublished":"2024-09-09T18:24:29+00:00","breadcrumb":{"@id":"https:\/\/lottomax24.com\/hu\/#breadcrumb"},"inLanguage":"hu","potentialAction":[{"@type":"ReadAction","target":["https:\/\/lottomax24.com\/hu\/"]}]},{"@type":"ImageObject","inLanguage":"hu","@id":"https:\/\/lottomax24.com\/hu\/#primaryimage","url":"https:\/\/lottomax24.com\/wp-content\/uploads\/2021\/04\/international_jackpots.jpg","contentUrl":"https:\/\/lottomax24.com\/wp-content\/uploads\/2021\/04\/international_jackpots.jpg"},{"@type":"BreadcrumbList","@id":"https:\/\/lottomax24.com\/hu\/#breadcrumb","itemListElement":[{"@type":"ListItem","position":1,"name":"Home","item":"https:\/\/lottomax24.com\/hu\/otthon\/"},{"@type":"ListItem","position":2,"name":"Otthon"}]},{"@type":"WebSite","@id":"https:\/\/lottomax24.com\/hu\/#website","url":"https:\/\/lottomax24.com\/hu\/","name":"","description":"","potentialAction":[{"@type":"SearchAction","target":{"@type":"EntryPoint","urlTemplate":"https:\/\/lottomax24.com\/hu\/?s={search_term_string}"},"query-input":{"@type":"PropertyValueSpecification","valueRequired":true,"valueName":"search_term_string"}}],"inLanguage":"hu"}]}},"_links":{"self":[{"href":"https:\/\/lottomax24.com\/hu\/wp-json\/wp\/v2\/pages\/432","targetHints":{"allow":["GET"]}}],"collection":[{"href":"https:\/\/lottomax24.com\/hu\/wp-json\/wp\/v2\/pages"}],"about":[{"href":"https:\/\/lottomax24.com\/hu\/wp-json\/wp\/v2\/types\/page"}],"author":[{"embeddable":true,"href":"https:\/\/lottomax24.com\/hu\/wp-json\/wp\/v2\/users\/1"}],"replies":[{"embeddable":true,"href":"https:\/\/lottomax24.com\/hu\/wp-json\/wp\/v2\/comments?post=432"}],"version-history":[{"count":0,"href":"https:\/\/lottomax24.com\/hu\/wp-json\/wp\/v2\/pages\/432\/revisions"}],"wp:attachment":[{"href":"https:\/\/lottomax24.com\/hu\/wp-json\/wp\/v2\/media?parent=432"}],"curies":[{"name":"wp","href":"https:\/\/api.w.org\/{rel}","templated":true}]}}