{"id":144,"date":"2024-09-09T19:24:29","date_gmt":"2024-09-09T18:24:29","guid":{"rendered":"https:\/\/lottomax24.com\/casa\/"},"modified":"2024-09-09T19:24:29","modified_gmt":"2024-09-09T18:24:29","slug":"casa","status":"publish","type":"page","link":"https:\/\/lottomax24.com\/it\/","title":{"rendered":"Casa"},"content":{"rendered":"<h2>Acquista i biglietti per le lotterie pi\u00f9 grandi del pianeta<\/h2>\n<p>Se sei un appassionato di lotteria e cerchi lotterie con <strong>maggiori possibilit\u00e0 di vincita e jackpot pi\u00f9 ricchi<\/strong>, allora sei nel posto giusto. Perch\u00e9 giocare alla lotteria locale per un piccolo premio massimo, quando puoi giocare online e avere pi\u00f9 scelta?<\/p>\n<p>Dai un&#8217;occhiata a <a href=\"https:\/\/RedFoxLotto.com\">RedFoxLotto.com<\/a> e <a href=\"https:\/\/Simbalotto.com\">Simbalotto.com<\/a>, due dei migliori siti web per partecipare ai pi\u00f9 grandi jackpot internazionali.<\/p>\n<p>Ci sono grandi lotterie e poi ci sono le mega-lotterie. Immagina un jackpot di centinaia di milioni: puoi trovarlo qui! Lotterie come Mega Millions, Powerball, Euromillions, Eurojackpot, Superenalotto e la famosa lotteria El Gordo offrono regolarmente jackpot simili.<\/p>\n<p>Sapevi che sia il Mega Millions che il Powerball hanno avuto jackpot di oltre 1.500 milioni di dollari? \u00c8 difficile immaginare di vincere oltre un miliardo alla lotteria, ma \u00e8 possibile!<\/p>\n<h2>Il tuo paese di residenza non importa: acquista i tuoi biglietti online!<\/h2>\n<p>Quando acquisti i biglietti della lotteria online, non importa dove vivi. Non c&#8217;\u00e8 bisogno di viaggiare per <strong>acquistare un biglietto per una lotteria in un paese straniero<\/strong>. Offriamo il nostro servizio globale a clienti di quasi tutti i paesi.<\/p>\n<h2>Una semplice procedura di acquisto online per i tuoi prossimi biglietti della lotteria.<\/h2>\n<p>Bastano pochi passaggi per ottenere i tuoi biglietti e partecipare alle migliori lotterie del mondo. Scegli una lotteria, scegli i tuoi numeri, registrati e paga online: \u00e8 tutto ci\u00f2 che serve per avere la possibilit\u00e0 di diventare il prossimo milionario della lotteria! <\/p>\n<h2>Non tutte le lotterie hanno le stesse probabilit\u00e0 di vincita<\/h2>\n<p><img decoding=\"async\" class=\"alignright wp-image-1810\" src=\"https:\/\/lottomax24.com\/wp-content\/uploads\/2021\/04\/international_jackpots.jpg\" alt=\"lotto mondiale\" \/>\u00c8 perfettamente logico cercare i jackpot pi\u00f9 alti, ma \u00e8 anche sensato controllare dove vengono offerte le migliori probabilit\u00e0 di vincere un premio importante. Alcuni jackpot aumentano cos\u00ec tanto perch\u00e9 sono difficili da vincere.<\/p>\n<p>Ma cosa succederebbe se il premio di seconda fascia fosse comunque abbastanza grande da cambiarti la vita? E se le probabilit\u00e0 di vincere un premio di seconda fascia fossero molto, molto migliori delle probabilit\u00e0 di vincere il jackpot? Beh, abbiamo anche questo tipo di lotteria.<\/p>\n<h2>Dove posso trovare informazioni e consigli per gli appassionati di lotteria?<\/h2>\n<p>Puoi trovare tutto questo qui sul nostro sito web. Non solo ti forniamo le quote e le regole esatte per ogni lotteria, ma abbiamo anche articoli su tutti i diversi aspetti della lotteria. Ti forniamo consigli su come migliorare le tue possibilit\u00e0 di vincita e troverai anche gli ultimi risultati e un archivio dei risultati precedenti per tutte le lotterie sul nostro sito web.<\/p>\n<h2>I jackpot pi\u00f9 alti al mondo<\/h2>\n<p>Il punto forte della nostra offerta \u00e8 che troverai sempre un <strong>enorme jackpot per cui vale la pena acquistare i biglietti<\/strong>, e tutti i jackpot pi\u00f9 alti sono elencati qui!<\/p>\n<h2>Cosa succede se vinco?<\/h2>\n<p>Prendersi cura dei nostri clienti in tutto il mondo quando vincono \u00e8 una parte importante del nostro servizio di biglietteria online. Le vincite pi\u00f9 piccole vengono pagate direttamente sul tuo conto giocatore. Per le vincite pi\u00f9 grandi, il nostro servizio clienti ti offrir\u00e0 il nostro servizio VIP per i vincitori! Riceverai il pagamento completo e nessuna commissione o commissione verr\u00e0 mai detratta dalle tue vincite, sebbene si applichino le normative fiscali del paese della lotteria e del tuo paese di residenza.<\/p>\n","protected":false},"excerpt":{"rendered":"<p>Acquista i biglietti per le lotterie pi\u00f9 grandi del pianeta Se sei un appassionato di lotteria e cerchi lotterie con maggiori possibilit\u00e0 di vincita e jackpot pi\u00f9 ricchi, allora sei nel posto giusto. Perch\u00e9 giocare alla lotteria locale per un piccolo premio massimo, quando puoi giocare online e avere pi\u00f9 scelta? Dai un&#8217;occhiata a RedFoxLotto.com [&hellip;]<\/p>\n","protected":false},"author":1,"featured_media":0,"parent":0,"menu_order":0,"comment_status":"closed","ping_status":"closed","template":"","meta":{"footnotes":""},"class_list":["post-144","page","type-page","status-publish","hentry"],"yoast_head":"<!-- This site is optimized with the Yoast SEO plugin v25.9 - https:\/\/yoast.com\/wordpress\/plugins\/seo\/ -->\n<title>Servizio di biglietteria per i jackpot della lotteria pi\u00f9 grandi del mondo<\/title>\n<meta name=\"robots\" content=\"index, follow, max-snippet:-1, max-image-preview:large, max-video-preview:-1\" \/>\n<link rel=\"canonical\" href=\"https:\/\/lottomax24.com\/it\/\" \/>\n<meta property=\"og:locale\" content=\"it_IT\" \/>\n<meta property=\"og:type\" content=\"article\" \/>\n<meta property=\"og:title\" content=\"Servizio di biglietteria per i jackpot della lotteria pi\u00f9 grandi del mondo\" \/>\n<meta property=\"og:description\" content=\"Acquista i biglietti per le lotterie pi\u00f9 grandi del pianeta Se sei un appassionato di lotteria e cerchi lotterie con maggiori possibilit\u00e0 di vincita e jackpot pi\u00f9 ricchi, allora sei nel posto giusto. Perch\u00e9 giocare alla lotteria locale per un piccolo premio massimo, quando puoi giocare online e avere pi\u00f9 scelta? Dai un&#8217;occhiata a RedFoxLotto.com [&hellip;]\" \/>\n<meta property=\"og:url\" content=\"https:\/\/lottomax24.com\/it\/\" \/>\n<meta name=\"twitter:card\" content=\"summary_large_image\" \/>\n<meta name=\"twitter:label1\" content=\"Tempo di lettura stimato\" \/>\n\t<meta name=\"twitter:data1\" content=\"3 minuti\" \/>\n<script type=\"application\/ld+json\" class=\"yoast-schema-graph\">{\"@context\":\"https:\/\/schema.org\",\"@graph\":[{\"@type\":\"WebPage\",\"@id\":\"https:\/\/lottomax24.com\/it\/\",\"url\":\"https:\/\/lottomax24.com\/it\/\",\"name\":\"Servizio di biglietteria per i jackpot della lotteria pi\u00f9 grandi del mondo\",\"isPartOf\":{\"@id\":\"https:\/\/lottomax24.com\/it\/#website\"},\"primaryImageOfPage\":{\"@id\":\"https:\/\/lottomax24.com\/it\/#primaryimage\"},\"image\":{\"@id\":\"https:\/\/lottomax24.com\/it\/#primaryimage\"},\"thumbnailUrl\":\"https:\/\/lottomax24.com\/wp-content\/uploads\/2021\/04\/international_jackpots.jpg\",\"datePublished\":\"2024-09-09T18:24:29+00:00\",\"breadcrumb\":{\"@id\":\"https:\/\/lottomax24.com\/it\/#breadcrumb\"},\"inLanguage\":\"it-IT\",\"potentialAction\":[{\"@type\":\"ReadAction\",\"target\":[\"https:\/\/lottomax24.com\/it\/\"]}]},{\"@type\":\"ImageObject\",\"inLanguage\":\"it-IT\",\"@id\":\"https:\/\/lottomax24.com\/it\/#primaryimage\",\"url\":\"https:\/\/lottomax24.com\/wp-content\/uploads\/2021\/04\/international_jackpots.jpg\",\"contentUrl\":\"https:\/\/lottomax24.com\/wp-content\/uploads\/2021\/04\/international_jackpots.jpg\"},{\"@type\":\"BreadcrumbList\",\"@id\":\"https:\/\/lottomax24.com\/it\/#breadcrumb\",\"itemListElement\":[{\"@type\":\"ListItem\",\"position\":1,\"name\":\"Home\",\"item\":\"https:\/\/lottomax24.com\/it\/casa\/\"},{\"@type\":\"ListItem\",\"position\":2,\"name\":\"Casa\"}]},{\"@type\":\"WebSite\",\"@id\":\"https:\/\/lottomax24.com\/it\/#website\",\"url\":\"https:\/\/lottomax24.com\/it\/\",\"name\":\"\",\"description\":\"\",\"potentialAction\":[{\"@type\":\"SearchAction\",\"target\":{\"@type\":\"EntryPoint\",\"urlTemplate\":\"https:\/\/lottomax24.com\/it\/?s={search_term_string}\"},\"query-input\":{\"@type\":\"PropertyValueSpecification\",\"valueRequired\":true,\"valueName\":\"search_term_string\"}}],\"inLanguage\":\"it-IT\"}]}<\/script>\n<!-- \/ Yoast SEO plugin. -->","yoast_head_json":{"title":"Servizio di biglietteria per i jackpot della lotteria pi\u00f9 grandi del mondo","robots":{"index":"index","follow":"follow","max-snippet":"max-snippet:-1","max-image-preview":"max-image-preview:large","max-video-preview":"max-video-preview:-1"},"canonical":"https:\/\/lottomax24.com\/it\/","og_locale":"it_IT","og_type":"article","og_title":"Servizio di biglietteria per i jackpot della lotteria pi\u00f9 grandi del mondo","og_description":"Acquista i biglietti per le lotterie pi\u00f9 grandi del pianeta Se sei un appassionato di lotteria e cerchi lotterie con maggiori possibilit\u00e0 di vincita e jackpot pi\u00f9 ricchi, allora sei nel posto giusto. Perch\u00e9 giocare alla lotteria locale per un piccolo premio massimo, quando puoi giocare online e avere pi\u00f9 scelta? Dai un&#8217;occhiata a RedFoxLotto.com [&hellip;]","og_url":"https:\/\/lottomax24.com\/it\/","twitter_card":"summary_large_image","twitter_misc":{"Tempo di lettura stimato":"3 minuti"},"schema":{"@context":"https:\/\/schema.org","@graph":[{"@type":"WebPage","@id":"https:\/\/lottomax24.com\/it\/","url":"https:\/\/lottomax24.com\/it\/","name":"Servizio di biglietteria per i jackpot della lotteria pi\u00f9 grandi del mondo","isPartOf":{"@id":"https:\/\/lottomax24.com\/it\/#website"},"primaryImageOfPage":{"@id":"https:\/\/lottomax24.com\/it\/#primaryimage"},"image":{"@id":"https:\/\/lottomax24.com\/it\/#primaryimage"},"thumbnailUrl":"https:\/\/lottomax24.com\/wp-content\/uploads\/2021\/04\/international_jackpots.jpg","datePublished":"2024-09-09T18:24:29+00:00","breadcrumb":{"@id":"https:\/\/lottomax24.com\/it\/#breadcrumb"},"inLanguage":"it-IT","potentialAction":[{"@type":"ReadAction","target":["https:\/\/lottomax24.com\/it\/"]}]},{"@type":"ImageObject","inLanguage":"it-IT","@id":"https:\/\/lottomax24.com\/it\/#primaryimage","url":"https:\/\/lottomax24.com\/wp-content\/uploads\/2021\/04\/international_jackpots.jpg","contentUrl":"https:\/\/lottomax24.com\/wp-content\/uploads\/2021\/04\/international_jackpots.jpg"},{"@type":"BreadcrumbList","@id":"https:\/\/lottomax24.com\/it\/#breadcrumb","itemListElement":[{"@type":"ListItem","position":1,"name":"Home","item":"https:\/\/lottomax24.com\/it\/casa\/"},{"@type":"ListItem","position":2,"name":"Casa"}]},{"@type":"WebSite","@id":"https:\/\/lottomax24.com\/it\/#website","url":"https:\/\/lottomax24.com\/it\/","name":"","description":"","potentialAction":[{"@type":"SearchAction","target":{"@type":"EntryPoint","urlTemplate":"https:\/\/lottomax24.com\/it\/?s={search_term_string}"},"query-input":{"@type":"PropertyValueSpecification","valueRequired":true,"valueName":"search_term_string"}}],"inLanguage":"it-IT"}]}},"_links":{"self":[{"href":"https:\/\/lottomax24.com\/it\/wp-json\/wp\/v2\/pages\/144","targetHints":{"allow":["GET"]}}],"collection":[{"href":"https:\/\/lottomax24.com\/it\/wp-json\/wp\/v2\/pages"}],"about":[{"href":"https:\/\/lottomax24.com\/it\/wp-json\/wp\/v2\/types\/page"}],"author":[{"embeddable":true,"href":"https:\/\/lottomax24.com\/it\/wp-json\/wp\/v2\/users\/1"}],"replies":[{"embeddable":true,"href":"https:\/\/lottomax24.com\/it\/wp-json\/wp\/v2\/comments?post=144"}],"version-history":[{"count":0,"href":"https:\/\/lottomax24.com\/it\/wp-json\/wp\/v2\/pages\/144\/revisions"}],"wp:attachment":[{"href":"https:\/\/lottomax24.com\/it\/wp-json\/wp\/v2\/media?parent=144"}],"curies":[{"name":"wp","href":"https:\/\/api.w.org\/{rel}","templated":true}]}}