{"id":444,"date":"2024-09-09T19:24:29","date_gmt":"2024-09-09T18:24:29","guid":{"rendered":"https:\/\/lottomax24.com\/pradzia\/"},"modified":"2024-09-09T19:24:29","modified_gmt":"2024-09-09T18:24:29","slug":"pradzia","status":"publish","type":"page","link":"https:\/\/lottomax24.com\/lt\/","title":{"rendered":"Prad\u017eia"},"content":{"rendered":"<h2>\u012esigykite bilietus \u012f did\u017eiausias loterijas pasaulyje<\/h2>\n<p>Jei esate loterij\u0173 gerb\u0117jas, ie\u0161kantis loterij\u0173 su <strong>didesn\u0117mis laim\u0117jimo galimyb\u0117mis ir didesniais kaupiamaisiais prizais,<\/strong> tuomet at\u0117jote \u012f reikiam\u0105 viet\u0105. Kam \u017eaisti vietin\u0117je loterijoje d\u0117l ma\u017eo pagrindinio prizo, kai galite \u017eaisti loterij\u0105 internetu ir tur\u0117ti didesn\u012f pasirinkim\u0105?<\/p>\n<p>Per\u017ei\u016br\u0117kite <a href=\"https:\/\/RedFoxLotto.com\">RedFoxLotto.com<\/a> ir <a href=\"https:\/\/Simbalotto.com\">Simbalotto.com<\/a> \u2013 dvi geriausias svetaines, kuriose galite dalyvauti did\u017eiausiuose tarptautiniuose kaupiamuosiuose prizuose.<\/p>\n<p>Yra dideli\u0173 loterij\u0173, o yra ir megaloterij\u0173. \u012esivaizduokite \u0161imt\u0173 milijon\u0173 loterijos kaupiam\u0105j\u012f priz\u0105 \u2013 jas galite rasti \u010dia! Tokios loterijos kaip \u201eMega Millions\u201c, \u201ePowerball\u201c, \u201eEuromillions\u201c, \u201eEurojackpot\u201c, \u201eSuperenalotto\u201c ir garsioji \u201eEl Gordo\u201c loterija reguliariai rengia tokius kaupiamuosius prizus.<\/p>\n<p>Ar \u017einojote, kad tiek \u201eMega Millions\u201c, tiek \u201ePowerball\u201c loterijose **jackpotai** siek\u0117 daugiau nei 1 500 milijon\u0173 doleri\u0173?** Sunku \u012fsivaizduoti, kad loterijoje galima laim\u0117ti daugiau nei milijard\u0105, bet tai \u012fmanoma!<br \/>\n**J\u016bs\u0173 gyvenamoji \u0161alis nesvarbi \u2013 pirkite bilietus internetu!**<br \/>\nKai perkate loterijos bilietus internetu, nesvarbu, kur gyvenate. Jums nereikia keliauti, kad **nusipirktum\u0117te loterijos biliet\u0105** u\u017esienio \u0161alyje. Mes teikiame paslaugas klientams i\u0161 beveik vis\u0173 \u0161ali\u0173 visame pasaulyje.<br \/>\n**Paprastas internetinis loterijos biliet\u0173 pirkimo procesas.**<br \/>\n**Nor\u0117dami gauti bilietus ir dalyvauti geriausiose pasaulio loterijose, jums tereikia atlikti kelis veiksmus. Pasirinkite loterij\u0105, pasirinkite skai\u010dius, u\u017esiregistruokite ir sumok\u0117kite internetu \u2013 tai viskas, ko reikia, kad tur\u0117tum\u0117te galimyb\u0119 tapti kitu loterijos milijonieriumi! <\/p>\n<h2>Ne visos loterijos turi vienodas laim\u0117jimo galimybes<\/h2>\n<p><img decoding=\"async\" class=\"alignright wp-image-1810\" src=\"https:\/\/lottomax24.com\/wp-content\/uploads\/2021\/04\/international_jackpots.jpg\" alt=\"worldwide lotto\" \/>Visi\u0161kai logi\u0161ka ie\u0161koti did\u017eiausi\u0173 kaupiam\u0173j\u0173 priz\u0173, ta\u010diau taip pat prasminga patikrinti, kur jums si\u016blomos geriausios galimyb\u0117s laim\u0117ti didel\u012f priz\u0105. Kai kurie kaupiamieji prizai taip i\u0161auga, nes juos sunku laim\u0117ti.<\/p>\n<p>O kas, jei antrojo lygio prizas vis tiek yra pakankamai didelis, kad pakeist\u0173 j\u016bs\u0173 gyvenim\u0105? Kas, jei tikimyb\u0117 laim\u0117ti antrojo lygio priz\u0105 b\u016bt\u0173 daug, daug didesn\u0117 nei tikimyb\u0117 laim\u0117ti kaupiam\u0105j\u012f priz\u0105? Na, mes taip pat turime tokio tipo loterij\u0105.<\/p>\n<h2>Kur galiu rasti informacijos ir patarim\u0173 loterijos gerb\u0117jams?<\/h2>\n<p>Visa tai galite rasti \u010dia, m\u016bs\u0173 svetain\u0117je. Mes ne tik pateikiame tikslius kiekvienos loterijos koeficientus ir taisykles, bet ir turime straipsni\u0173 apie \u012fvairius loterijos aspektus. Suteikiame patarim\u0173, kaip padidinti savo laim\u0117jimo galimybes, taip pat rasite naujausius rezultatus ir senesni\u0173 rezultat\u0173 archyv\u0105 visoms m\u016bs\u0173 svetain\u0117je esan\u010dioms loterijoms.<\/p>\n<h2>Did\u017eiausi loterij\u0173 kaupiamieji prizai visame pasaulyje<\/h2>\n<p>Geriausia m\u016bs\u0173 pasi\u016blymo dalis yra ta, kad visada rasite <strong>did\u017eiul\u012f kaupiam\u0105j\u012f priz\u0105, \u012f kur\u012f verta pirkti bilietus<\/strong>, o visi did\u017eiausi kaupiamieji prizai yra i\u0161vardyti \u010dia!<\/p>\n<h2>O kas, jei laim\u0117siu?<\/h2>\n<p>R\u016bpinimasis m\u016bs\u0173 klientais visame pasaulyje, kai jie laimi, yra svarbi m\u016bs\u0173 internetin\u0117s biliet\u0173 paslaugos dalis. Ma\u017eesni laim\u0117jimai i\u0161mokami tiesiai \u012f j\u016bs\u0173 \u017eaid\u0117jo s\u0105skait\u0105. Didesni\u0173 laim\u0117jim\u0173 atveju m\u016bs\u0173 klient\u0173 aptarnavimo tarnyba suteiks jums VIP laim\u0117toj\u0173 paslaug\u0105! Jums bus sumok\u0117ta visa suma ir i\u0161 j\u016bs\u0173 laim\u0117jim\u0173 niekada nebus i\u0161skai\u010diuojami jokie mokes\u010diai ar komisiniai, nors taikomi loterijos \u0161alies ir j\u016bs\u0173 gyvenamosios \u0161alies mokes\u010di\u0173 \u012fstatymai.<\/p>\n","protected":false},"excerpt":{"rendered":"<p>\u012esigykite bilietus \u012f did\u017eiausias loterijas pasaulyje Jei esate loterij\u0173 gerb\u0117jas, ie\u0161kantis loterij\u0173 su didesn\u0117mis laim\u0117jimo galimyb\u0117mis ir didesniais kaupiamaisiais prizais, tuomet at\u0117jote \u012f reikiam\u0105 viet\u0105. Kam \u017eaisti vietin\u0117je loterijoje d\u0117l ma\u017eo pagrindinio prizo, kai galite \u017eaisti loterij\u0105 internetu ir tur\u0117ti didesn\u012f pasirinkim\u0105? Per\u017ei\u016br\u0117kite RedFoxLotto.com ir Simbalotto.com \u2013 dvi geriausias svetaines, kuriose galite dalyvauti did\u017eiausiuose tarptautiniuose [&hellip;]<\/p>\n","protected":false},"author":1,"featured_media":0,"parent":0,"menu_order":0,"comment_status":"closed","ping_status":"closed","template":"","meta":{"footnotes":""},"class_list":["post-444","page","type-page","status-publish","hentry"],"yoast_head":"<!-- This site is optimized with the Yoast SEO plugin v25.9 - https:\/\/yoast.com\/wordpress\/plugins\/seo\/ -->\n<title>Biliet\u0173 paslauga did\u017eiausiems pasaulyje loterij\u0173 kaupiamiesiems prizams<\/title>\n<meta name=\"robots\" content=\"index, follow, max-snippet:-1, max-image-preview:large, max-video-preview:-1\" \/>\n<link rel=\"canonical\" href=\"https:\/\/lottomax24.com\/lt\/\" \/>\n<meta property=\"og:locale\" content=\"lt_LT\" \/>\n<meta property=\"og:type\" content=\"article\" \/>\n<meta property=\"og:title\" content=\"Biliet\u0173 paslauga did\u017eiausiems pasaulyje loterij\u0173 kaupiamiesiems prizams\" \/>\n<meta property=\"og:description\" content=\"\u012esigykite bilietus \u012f did\u017eiausias loterijas pasaulyje Jei esate loterij\u0173 gerb\u0117jas, ie\u0161kantis loterij\u0173 su didesn\u0117mis laim\u0117jimo galimyb\u0117mis ir didesniais kaupiamaisiais prizais, tuomet at\u0117jote \u012f reikiam\u0105 viet\u0105. Kam \u017eaisti vietin\u0117je loterijoje d\u0117l ma\u017eo pagrindinio prizo, kai galite \u017eaisti loterij\u0105 internetu ir tur\u0117ti didesn\u012f pasirinkim\u0105? Per\u017ei\u016br\u0117kite RedFoxLotto.com ir Simbalotto.com \u2013 dvi geriausias svetaines, kuriose galite dalyvauti did\u017eiausiuose tarptautiniuose [&hellip;]\" \/>\n<meta property=\"og:url\" content=\"https:\/\/lottomax24.com\/lt\/\" \/>\n<meta name=\"twitter:card\" content=\"summary_large_image\" \/>\n<meta name=\"twitter:label1\" content=\"Est. reading time\" \/>\n\t<meta name=\"twitter:data1\" content=\"2 minut\u0117s\" \/>\n<script type=\"application\/ld+json\" class=\"yoast-schema-graph\">{\"@context\":\"https:\/\/schema.org\",\"@graph\":[{\"@type\":\"WebPage\",\"@id\":\"https:\/\/lottomax24.com\/lt\/\",\"url\":\"https:\/\/lottomax24.com\/lt\/\",\"name\":\"Biliet\u0173 paslauga did\u017eiausiems pasaulyje loterij\u0173 kaupiamiesiems prizams\",\"isPartOf\":{\"@id\":\"https:\/\/lottomax24.com\/lt\/#website\"},\"primaryImageOfPage\":{\"@id\":\"https:\/\/lottomax24.com\/lt\/#primaryimage\"},\"image\":{\"@id\":\"https:\/\/lottomax24.com\/lt\/#primaryimage\"},\"thumbnailUrl\":\"https:\/\/lottomax24.com\/wp-content\/uploads\/2021\/04\/international_jackpots.jpg\",\"datePublished\":\"2024-09-09T18:24:29+00:00\",\"breadcrumb\":{\"@id\":\"https:\/\/lottomax24.com\/lt\/#breadcrumb\"},\"inLanguage\":\"lt-LT\",\"potentialAction\":[{\"@type\":\"ReadAction\",\"target\":[\"https:\/\/lottomax24.com\/lt\/\"]}]},{\"@type\":\"ImageObject\",\"inLanguage\":\"lt-LT\",\"@id\":\"https:\/\/lottomax24.com\/lt\/#primaryimage\",\"url\":\"https:\/\/lottomax24.com\/wp-content\/uploads\/2021\/04\/international_jackpots.jpg\",\"contentUrl\":\"https:\/\/lottomax24.com\/wp-content\/uploads\/2021\/04\/international_jackpots.jpg\"},{\"@type\":\"BreadcrumbList\",\"@id\":\"https:\/\/lottomax24.com\/lt\/#breadcrumb\",\"itemListElement\":[{\"@type\":\"ListItem\",\"position\":1,\"name\":\"Home\",\"item\":\"https:\/\/lottomax24.com\/lt\/pradzia\/\"},{\"@type\":\"ListItem\",\"position\":2,\"name\":\"Prad\u017eia\"}]},{\"@type\":\"WebSite\",\"@id\":\"https:\/\/lottomax24.com\/lt\/#website\",\"url\":\"https:\/\/lottomax24.com\/lt\/\",\"name\":\"\",\"description\":\"\",\"potentialAction\":[{\"@type\":\"SearchAction\",\"target\":{\"@type\":\"EntryPoint\",\"urlTemplate\":\"https:\/\/lottomax24.com\/lt\/?s={search_term_string}\"},\"query-input\":{\"@type\":\"PropertyValueSpecification\",\"valueRequired\":true,\"valueName\":\"search_term_string\"}}],\"inLanguage\":\"lt-LT\"}]}<\/script>\n<!-- \/ Yoast SEO plugin. -->","yoast_head_json":{"title":"Biliet\u0173 paslauga did\u017eiausiems pasaulyje loterij\u0173 kaupiamiesiems prizams","robots":{"index":"index","follow":"follow","max-snippet":"max-snippet:-1","max-image-preview":"max-image-preview:large","max-video-preview":"max-video-preview:-1"},"canonical":"https:\/\/lottomax24.com\/lt\/","og_locale":"lt_LT","og_type":"article","og_title":"Biliet\u0173 paslauga did\u017eiausiems pasaulyje loterij\u0173 kaupiamiesiems prizams","og_description":"\u012esigykite bilietus \u012f did\u017eiausias loterijas pasaulyje Jei esate loterij\u0173 gerb\u0117jas, ie\u0161kantis loterij\u0173 su didesn\u0117mis laim\u0117jimo galimyb\u0117mis ir didesniais kaupiamaisiais prizais, tuomet at\u0117jote \u012f reikiam\u0105 viet\u0105. Kam \u017eaisti vietin\u0117je loterijoje d\u0117l ma\u017eo pagrindinio prizo, kai galite \u017eaisti loterij\u0105 internetu ir tur\u0117ti didesn\u012f pasirinkim\u0105? Per\u017ei\u016br\u0117kite RedFoxLotto.com ir Simbalotto.com \u2013 dvi geriausias svetaines, kuriose galite dalyvauti did\u017eiausiuose tarptautiniuose [&hellip;]","og_url":"https:\/\/lottomax24.com\/lt\/","twitter_card":"summary_large_image","twitter_misc":{"Est. reading time":"2 minut\u0117s"},"schema":{"@context":"https:\/\/schema.org","@graph":[{"@type":"WebPage","@id":"https:\/\/lottomax24.com\/lt\/","url":"https:\/\/lottomax24.com\/lt\/","name":"Biliet\u0173 paslauga did\u017eiausiems pasaulyje loterij\u0173 kaupiamiesiems prizams","isPartOf":{"@id":"https:\/\/lottomax24.com\/lt\/#website"},"primaryImageOfPage":{"@id":"https:\/\/lottomax24.com\/lt\/#primaryimage"},"image":{"@id":"https:\/\/lottomax24.com\/lt\/#primaryimage"},"thumbnailUrl":"https:\/\/lottomax24.com\/wp-content\/uploads\/2021\/04\/international_jackpots.jpg","datePublished":"2024-09-09T18:24:29+00:00","breadcrumb":{"@id":"https:\/\/lottomax24.com\/lt\/#breadcrumb"},"inLanguage":"lt-LT","potentialAction":[{"@type":"ReadAction","target":["https:\/\/lottomax24.com\/lt\/"]}]},{"@type":"ImageObject","inLanguage":"lt-LT","@id":"https:\/\/lottomax24.com\/lt\/#primaryimage","url":"https:\/\/lottomax24.com\/wp-content\/uploads\/2021\/04\/international_jackpots.jpg","contentUrl":"https:\/\/lottomax24.com\/wp-content\/uploads\/2021\/04\/international_jackpots.jpg"},{"@type":"BreadcrumbList","@id":"https:\/\/lottomax24.com\/lt\/#breadcrumb","itemListElement":[{"@type":"ListItem","position":1,"name":"Home","item":"https:\/\/lottomax24.com\/lt\/pradzia\/"},{"@type":"ListItem","position":2,"name":"Prad\u017eia"}]},{"@type":"WebSite","@id":"https:\/\/lottomax24.com\/lt\/#website","url":"https:\/\/lottomax24.com\/lt\/","name":"","description":"","potentialAction":[{"@type":"SearchAction","target":{"@type":"EntryPoint","urlTemplate":"https:\/\/lottomax24.com\/lt\/?s={search_term_string}"},"query-input":{"@type":"PropertyValueSpecification","valueRequired":true,"valueName":"search_term_string"}}],"inLanguage":"lt-LT"}]}},"_links":{"self":[{"href":"https:\/\/lottomax24.com\/lt\/wp-json\/wp\/v2\/pages\/444","targetHints":{"allow":["GET"]}}],"collection":[{"href":"https:\/\/lottomax24.com\/lt\/wp-json\/wp\/v2\/pages"}],"about":[{"href":"https:\/\/lottomax24.com\/lt\/wp-json\/wp\/v2\/types\/page"}],"author":[{"embeddable":true,"href":"https:\/\/lottomax24.com\/lt\/wp-json\/wp\/v2\/users\/1"}],"replies":[{"embeddable":true,"href":"https:\/\/lottomax24.com\/lt\/wp-json\/wp\/v2\/comments?post=444"}],"version-history":[{"count":0,"href":"https:\/\/lottomax24.com\/lt\/wp-json\/wp\/v2\/pages\/444\/revisions"}],"wp:attachment":[{"href":"https:\/\/lottomax24.com\/lt\/wp-json\/wp\/v2\/media?parent=444"}],"curies":[{"name":"wp","href":"https:\/\/api.w.org\/{rel}","templated":true}]}}