{"id":443,"date":"2024-09-09T19:24:29","date_gmt":"2024-09-09T18:24:29","guid":{"rendered":"https:\/\/lottomax24.com\/sakums\/"},"modified":"2024-09-09T19:24:29","modified_gmt":"2024-09-09T18:24:29","slug":"sakums","status":"publish","type":"page","link":"https:\/\/lottomax24.com\/lv\/","title":{"rendered":"S\u0101kums"},"content":{"rendered":"<h2>Ieg\u0101d\u0101jieties bi\u013cetes uz liel\u0101kaj\u0101m loterij\u0101m pasaul\u0113<\/h2>\n<p>Ja esat loteriju fans, kas mekl\u0113 loterijas ar <strong>liel\u0101k\u0101m laimesta iesp\u0113j\u0101m un liel\u0101kiem d\u017eekpotiem,<\/strong> tad esat non\u0101cis \u012bstaj\u0101 viet\u0101. K\u0101p\u0113c sp\u0113l\u0113t viet\u0113jo loteriju nelielas galven\u0101s balvas d\u0113\u013c, ja varat sp\u0113l\u0113t loteriju tie\u0161saist\u0113 un jums ir liel\u0101ka izv\u0113le?<\/p>\n<p>Apskatiet <a href=\"https:\/\/RedFoxLotto.com\">RedFoxLotto.com<\/a> un <a href=\"https:\/\/Simbalotto.com\">Simbalotto.com<\/a>, divas no lab\u0101kaj\u0101m vietn\u0113m, kur piedal\u012bties liel\u0101kajos starptautiskajos d\u017eekpotos.<\/p>\n<p>Ir lielas loterijas, un tad ir mega loterijas. Iedom\u0101jieties loterijas d\u017eekpotu simtiem miljonu apm\u0113r\u0101 \u2013 j\u016bs varat tos atrast \u0161eit! Loterij\u0101s, piem\u0113ram, Mega Millions, Powerball, Euromillions, Eurojackpot, Superenalotto un slavenaj\u0101 El Gordo loterij\u0101, regul\u0101ri notiek \u0161\u0101di d\u017eekpoti.<\/p>\n<p>Vai zin\u0101j\u0101t, ka gan Mega Millions, gan Powerball loterij\u0101s **d\u017eekpoti** p\u0101rsniedza 1500 miljonus dol\u0101ru?** Ir gr\u016bti iedom\u0101ties laim\u0113t loterij\u0101 vair\u0101k nek\u0101 miljardu, bet tas ir iesp\u0113jams!<br \/>\n**J\u016bsu dz\u012bvesvietas valstij nav noz\u012bmes \u2013 ieg\u0101d\u0101jieties bi\u013cetes tie\u0161saist\u0113!**<br \/>\nIeg\u0101d\u0101joties loterijas bi\u013cetes tie\u0161saist\u0113, nav svar\u012bgi, kur dz\u012bvojat. Jums nav j\u0101ce\u013co, lai **ieg\u0101d\u0101tos loterijas bi\u013ceti** \u0101rzem\u0113s. M\u0113s nodro\u0161in\u0101m klientus gandr\u012bz no vis\u0101m valst\u012bm ar m\u016bsu pasaules m\u0113roga pakalpojumu.<br \/>\n**Vienk\u0101r\u0161s tie\u0161saistes pirk\u0161anas process j\u016bsu n\u0101kamaj\u0101m loterijas bi\u013cet\u0113m**.** Ir tikai da\u017eas darb\u012bbas, lai ieg\u016btu bi\u013cetes un piedal\u012btos lab\u0101kaj\u0101s loterij\u0101s, ko pied\u0101v\u0101 pasaule. Izv\u0113lieties loteriju, izv\u0113lieties savus skait\u013cus, re\u0123istr\u0113jieties un maks\u0101jiet tie\u0161saist\u0113 \u2013 tas ir viss, kas nepiecie\u0161ams, lai ieg\u016btu iesp\u0113ju k\u013c\u016bt par n\u0101kamo loterijas miljon\u0101ru! <\/p>\n<h2>Ne vis\u0101m loterij\u0101m ir vien\u0101das izredzes laim\u0113t<\/h2>\n<p><img decoding=\"async\" class=\"alignright wp-image-1810\" src=\"https:\/\/lottomax24.com\/wp-content\/uploads\/2021\/04\/international_jackpots.jpg\" alt=\"worldwide lotto\" \/>Ir piln\u012bgi lo\u0123iski mekl\u0113t liel\u0101kos d\u017eekpotus, ta\u010du ir ar\u012b lo\u0123iski p\u0101rbaud\u012bt, kur jums tiek pied\u0101v\u0101tas vislab\u0101k\u0101s izredzes laim\u0113t lielu balvu. Da\u017ei d\u017eekpoti tik \u013coti izaug, jo tos ir gr\u016bti laim\u0113t.<\/p>\n<p>Bet ja nu otr\u0101 l\u012bme\u0146a balva joproj\u0101m ir pietiekami liela, lai main\u012btu j\u016bsu dz\u012bvi? Ja nu izredzes laim\u0113t otr\u0101 l\u012bme\u0146a balvu b\u016btu daudz, daudz lab\u0101kas nek\u0101 izredzes ieg\u016bt d\u017eekpotu? Mums ir ar\u012b \u0161\u0101da veida loterija.<\/p>\n<h2>Kur es varu atrast inform\u0101ciju un padomus loto faniem?<\/h2>\n<p>Visu to varat atrast \u0161eit, m\u016bsu t\u012bmek\u013ca vietn\u0113. M\u0113s ne tikai sniedzam prec\u012bzas koeficientus un noteikumus katrai loterijai, bet ar\u012b pied\u0101v\u0101jam rakstus par visda\u017e\u0101d\u0101kajiem loterijas aspektiem. M\u0113s sniedzam padomus par to, k\u0101 uzlabot savas laimestu izredzes, un m\u016bsu vietn\u0113 atrad\u012bsiet ar\u012b jaun\u0101kos rezult\u0101tus un vec\u0101ku rezult\u0101tu arh\u012bvu vis\u0101m loterij\u0101m.<\/p>\n<h2>Liel\u0101kie loterijas d\u017eekpoti pasaul\u0113<\/h2>\n<p>M\u016bsu pied\u0101v\u0101juma lab\u0101k\u0101 da\u013ca ir t\u0101, ka vienm\u0113r atrad\u012bsiet <strong>milz\u012bgu d\u017eekpotu, uz kuru ir v\u0113rts ieg\u0101d\u0101ties bi\u013cetes<\/strong>, un visi liel\u0101kie d\u017eekpoti ir uzskait\u012bti \u0161eit!<\/p>\n<h2>Ko dar\u012bt, ja es laim\u0113ju?<\/h2>\n<p>R\u016bpes par m\u016bsu klientiem vis\u0101 pasaul\u0113, kad vi\u0146i laim\u0113, ir svar\u012bga m\u016bsu tie\u0161saistes bi\u013ce\u0161u pakalpojuma sast\u0101vda\u013ca. Maz\u0101ki laimesti tiek izmaks\u0101ti tie\u0161i j\u016bsu sp\u0113l\u0113t\u0101ja kont\u0101. Liel\u0101kiem laimestiem m\u016bsu klientu atbalsta dienests nodro\u0161in\u0101s jums VIP uzvar\u0113t\u0101ju pakalpojumu! J\u016bs sa\u0146emsiet pilnu samaksu, un no j\u016bsu laimesta netiks ietur\u0113tas nek\u0101das maksas vai komisijas maksas, lai gan ir sp\u0113k\u0101 loterijas valsts un j\u016bsu dz\u012bvesvietas valsts nodok\u013cu noteikumi.<\/p>\n","protected":false},"excerpt":{"rendered":"<p>Ieg\u0101d\u0101jieties bi\u013cetes uz liel\u0101kaj\u0101m loterij\u0101m pasaul\u0113 Ja esat loteriju fans, kas mekl\u0113 loterijas ar liel\u0101k\u0101m laimesta iesp\u0113j\u0101m un liel\u0101kiem d\u017eekpotiem, tad esat non\u0101cis \u012bstaj\u0101 viet\u0101. K\u0101p\u0113c sp\u0113l\u0113t viet\u0113jo loteriju nelielas galven\u0101s balvas d\u0113\u013c, ja varat sp\u0113l\u0113t loteriju tie\u0161saist\u0113 un jums ir liel\u0101ka izv\u0113le? Apskatiet RedFoxLotto.com un Simbalotto.com, divas no lab\u0101kaj\u0101m vietn\u0113m, kur piedal\u012bties liel\u0101kajos starptautiskajos [&hellip;]<\/p>\n","protected":false},"author":1,"featured_media":0,"parent":0,"menu_order":0,"comment_status":"closed","ping_status":"closed","template":"","meta":{"footnotes":""},"class_list":["post-443","page","type-page","status-publish","hentry"],"yoast_head":"<!-- This site is optimized with the Yoast SEO plugin v25.9 - https:\/\/yoast.com\/wordpress\/plugins\/seo\/ -->\n<title>Bi\u013ce\u0161u serviss pasaul\u0113 liel\u0101kajiem loterijas d\u017eekpotiem<\/title>\n<meta name=\"robots\" content=\"index, follow, max-snippet:-1, max-image-preview:large, max-video-preview:-1\" \/>\n<link rel=\"canonical\" href=\"https:\/\/lottomax24.com\/lv\/\" \/>\n<meta property=\"og:locale\" content=\"lv_LV\" \/>\n<meta property=\"og:type\" content=\"article\" \/>\n<meta property=\"og:title\" content=\"Bi\u013ce\u0161u serviss pasaul\u0113 liel\u0101kajiem loterijas d\u017eekpotiem\" \/>\n<meta property=\"og:description\" content=\"Ieg\u0101d\u0101jieties bi\u013cetes uz liel\u0101kaj\u0101m loterij\u0101m pasaul\u0113 Ja esat loteriju fans, kas mekl\u0113 loterijas ar liel\u0101k\u0101m laimesta iesp\u0113j\u0101m un liel\u0101kiem d\u017eekpotiem, tad esat non\u0101cis \u012bstaj\u0101 viet\u0101. K\u0101p\u0113c sp\u0113l\u0113t viet\u0113jo loteriju nelielas galven\u0101s balvas d\u0113\u013c, ja varat sp\u0113l\u0113t loteriju tie\u0161saist\u0113 un jums ir liel\u0101ka izv\u0113le? Apskatiet RedFoxLotto.com un Simbalotto.com, divas no lab\u0101kaj\u0101m vietn\u0113m, kur piedal\u012bties liel\u0101kajos starptautiskajos [&hellip;]\" \/>\n<meta property=\"og:url\" content=\"https:\/\/lottomax24.com\/lv\/\" \/>\n<meta name=\"twitter:card\" content=\"summary_large_image\" \/>\n<meta name=\"twitter:label1\" content=\"Est. reading time\" \/>\n\t<meta name=\"twitter:data1\" content=\"3 minutes\" \/>\n<script type=\"application\/ld+json\" class=\"yoast-schema-graph\">{\"@context\":\"https:\/\/schema.org\",\"@graph\":[{\"@type\":\"WebPage\",\"@id\":\"https:\/\/lottomax24.com\/lv\/\",\"url\":\"https:\/\/lottomax24.com\/lv\/\",\"name\":\"Bi\u013ce\u0161u serviss pasaul\u0113 liel\u0101kajiem loterijas d\u017eekpotiem\",\"isPartOf\":{\"@id\":\"https:\/\/lottomax24.com\/lv\/#website\"},\"primaryImageOfPage\":{\"@id\":\"https:\/\/lottomax24.com\/lv\/#primaryimage\"},\"image\":{\"@id\":\"https:\/\/lottomax24.com\/lv\/#primaryimage\"},\"thumbnailUrl\":\"https:\/\/lottomax24.com\/wp-content\/uploads\/2021\/04\/international_jackpots.jpg\",\"datePublished\":\"2024-09-09T18:24:29+00:00\",\"breadcrumb\":{\"@id\":\"https:\/\/lottomax24.com\/lv\/#breadcrumb\"},\"inLanguage\":\"lv-LV\",\"potentialAction\":[{\"@type\":\"ReadAction\",\"target\":[\"https:\/\/lottomax24.com\/lv\/\"]}]},{\"@type\":\"ImageObject\",\"inLanguage\":\"lv-LV\",\"@id\":\"https:\/\/lottomax24.com\/lv\/#primaryimage\",\"url\":\"https:\/\/lottomax24.com\/wp-content\/uploads\/2021\/04\/international_jackpots.jpg\",\"contentUrl\":\"https:\/\/lottomax24.com\/wp-content\/uploads\/2021\/04\/international_jackpots.jpg\"},{\"@type\":\"BreadcrumbList\",\"@id\":\"https:\/\/lottomax24.com\/lv\/#breadcrumb\",\"itemListElement\":[{\"@type\":\"ListItem\",\"position\":1,\"name\":\"Home\",\"item\":\"https:\/\/lottomax24.com\/lv\/sakums\/\"},{\"@type\":\"ListItem\",\"position\":2,\"name\":\"S\u0101kums\"}]},{\"@type\":\"WebSite\",\"@id\":\"https:\/\/lottomax24.com\/lv\/#website\",\"url\":\"https:\/\/lottomax24.com\/lv\/\",\"name\":\"\",\"description\":\"\",\"potentialAction\":[{\"@type\":\"SearchAction\",\"target\":{\"@type\":\"EntryPoint\",\"urlTemplate\":\"https:\/\/lottomax24.com\/lv\/?s={search_term_string}\"},\"query-input\":{\"@type\":\"PropertyValueSpecification\",\"valueRequired\":true,\"valueName\":\"search_term_string\"}}],\"inLanguage\":\"lv-LV\"}]}<\/script>\n<!-- \/ Yoast SEO plugin. -->","yoast_head_json":{"title":"Bi\u013ce\u0161u serviss pasaul\u0113 liel\u0101kajiem loterijas d\u017eekpotiem","robots":{"index":"index","follow":"follow","max-snippet":"max-snippet:-1","max-image-preview":"max-image-preview:large","max-video-preview":"max-video-preview:-1"},"canonical":"https:\/\/lottomax24.com\/lv\/","og_locale":"lv_LV","og_type":"article","og_title":"Bi\u013ce\u0161u serviss pasaul\u0113 liel\u0101kajiem loterijas d\u017eekpotiem","og_description":"Ieg\u0101d\u0101jieties bi\u013cetes uz liel\u0101kaj\u0101m loterij\u0101m pasaul\u0113 Ja esat loteriju fans, kas mekl\u0113 loterijas ar liel\u0101k\u0101m laimesta iesp\u0113j\u0101m un liel\u0101kiem d\u017eekpotiem, tad esat non\u0101cis \u012bstaj\u0101 viet\u0101. K\u0101p\u0113c sp\u0113l\u0113t viet\u0113jo loteriju nelielas galven\u0101s balvas d\u0113\u013c, ja varat sp\u0113l\u0113t loteriju tie\u0161saist\u0113 un jums ir liel\u0101ka izv\u0113le? Apskatiet RedFoxLotto.com un Simbalotto.com, divas no lab\u0101kaj\u0101m vietn\u0113m, kur piedal\u012bties liel\u0101kajos starptautiskajos [&hellip;]","og_url":"https:\/\/lottomax24.com\/lv\/","twitter_card":"summary_large_image","twitter_misc":{"Est. reading time":"3 minutes"},"schema":{"@context":"https:\/\/schema.org","@graph":[{"@type":"WebPage","@id":"https:\/\/lottomax24.com\/lv\/","url":"https:\/\/lottomax24.com\/lv\/","name":"Bi\u013ce\u0161u serviss pasaul\u0113 liel\u0101kajiem loterijas d\u017eekpotiem","isPartOf":{"@id":"https:\/\/lottomax24.com\/lv\/#website"},"primaryImageOfPage":{"@id":"https:\/\/lottomax24.com\/lv\/#primaryimage"},"image":{"@id":"https:\/\/lottomax24.com\/lv\/#primaryimage"},"thumbnailUrl":"https:\/\/lottomax24.com\/wp-content\/uploads\/2021\/04\/international_jackpots.jpg","datePublished":"2024-09-09T18:24:29+00:00","breadcrumb":{"@id":"https:\/\/lottomax24.com\/lv\/#breadcrumb"},"inLanguage":"lv-LV","potentialAction":[{"@type":"ReadAction","target":["https:\/\/lottomax24.com\/lv\/"]}]},{"@type":"ImageObject","inLanguage":"lv-LV","@id":"https:\/\/lottomax24.com\/lv\/#primaryimage","url":"https:\/\/lottomax24.com\/wp-content\/uploads\/2021\/04\/international_jackpots.jpg","contentUrl":"https:\/\/lottomax24.com\/wp-content\/uploads\/2021\/04\/international_jackpots.jpg"},{"@type":"BreadcrumbList","@id":"https:\/\/lottomax24.com\/lv\/#breadcrumb","itemListElement":[{"@type":"ListItem","position":1,"name":"Home","item":"https:\/\/lottomax24.com\/lv\/sakums\/"},{"@type":"ListItem","position":2,"name":"S\u0101kums"}]},{"@type":"WebSite","@id":"https:\/\/lottomax24.com\/lv\/#website","url":"https:\/\/lottomax24.com\/lv\/","name":"","description":"","potentialAction":[{"@type":"SearchAction","target":{"@type":"EntryPoint","urlTemplate":"https:\/\/lottomax24.com\/lv\/?s={search_term_string}"},"query-input":{"@type":"PropertyValueSpecification","valueRequired":true,"valueName":"search_term_string"}}],"inLanguage":"lv-LV"}]}},"_links":{"self":[{"href":"https:\/\/lottomax24.com\/lv\/wp-json\/wp\/v2\/pages\/443","targetHints":{"allow":["GET"]}}],"collection":[{"href":"https:\/\/lottomax24.com\/lv\/wp-json\/wp\/v2\/pages"}],"about":[{"href":"https:\/\/lottomax24.com\/lv\/wp-json\/wp\/v2\/types\/page"}],"author":[{"embeddable":true,"href":"https:\/\/lottomax24.com\/lv\/wp-json\/wp\/v2\/users\/1"}],"replies":[{"embeddable":true,"href":"https:\/\/lottomax24.com\/lv\/wp-json\/wp\/v2\/comments?post=443"}],"version-history":[{"count":0,"href":"https:\/\/lottomax24.com\/lv\/wp-json\/wp\/v2\/pages\/443\/revisions"}],"wp:attachment":[{"href":"https:\/\/lottomax24.com\/lv\/wp-json\/wp\/v2\/media?parent=443"}],"curies":[{"name":"wp","href":"https:\/\/api.w.org\/{rel}","templated":true}]}}