{"id":146,"date":"2024-09-09T19:24:29","date_gmt":"2024-09-09T18:24:29","guid":{"rendered":"https:\/\/lottomax24.com\/hjem\/"},"modified":"2024-09-09T19:24:29","modified_gmt":"2024-09-09T18:24:29","slug":"hjem","status":"publish","type":"page","link":"https:\/\/lottomax24.com\/no\/","title":{"rendered":"Hjem"},"content":{"rendered":"<h2>Skaff deg lodd til de st\u00f8rste lotteriene p\u00e5 planeten<\/h2>\n<p>Hvis du er en lottofan som ser etter lotterier med <strong>bedre vinnersjanser og st\u00f8rre jackpoter<\/strong>, har du kommet til rett sted. Hvorfor spille i ditt lokale lotteri om en liten toppremie n\u00e5r du kan spille lotto p\u00e5 nett og ha flere valgmuligheter?<\/p>\n<p>Sjekk ut <a href=\"https:\/\/RedFoxLotto.com\">RedFoxLotto.com<\/a> og <a href=\"https:\/\/Simbalotto.com\">Simbalotto.com<\/a>, to av de beste nettstedene for \u00e5 delta i de st\u00f8rste internasjonale jackpotene.<\/p>\n<p>Det finnes store lotterier, og s\u00e5 finnes det megalotterier. Se for deg en lottojackpot p\u00e5 hundrevis av millioner \u2013 du finner dem her! Lotterier som Mega Millions, Powerball, Euromillions, Eurojackpot, Superenalotto og det ber\u00f8mte El Gordo-lotteriet har slike jackpoter regelmessig.<\/p>\n<p>Visste du at b\u00e5de Mega Millions og Powerball hadde jackpoter p\u00e5 over 1500 millioner dollar? Det er vanskelig \u00e5 forestille seg \u00e5 vinne over en milliard i et lotteri, men det er mulig!<\/p>\n<h2>Ditt land du bor i spiller ingen rolle \u2013 kj\u00f8p kupongene dine p\u00e5 nett!<\/h2>\n<p>N\u00e5r du kj\u00f8per lodd p\u00e5 nett, spiller det ingen rolle hvor du bor. Du trenger ikke \u00e5 reise for \u00e5 <strong>kj\u00f8pe en lodd til et lotteri i et fremmed land<\/strong>. Vi tilbyr kunder fra nesten alle land v\u00e5r verdensomspennende tjeneste.<\/p>\n<h2>En enkel nettbasert kj\u00f8psprosess for dine neste lodd.<\/h2>\n<p>Det er bare noen f\u00e5 trinn for \u00e5 f\u00e5 kupongene dine og delta i de beste lotteriene verden har \u00e5 tilby. Velg et lotteri, velg tallene dine, registrer deg og betal p\u00e5 nett \u2013 det er alt som trengs for \u00e5 ha en sjanse til \u00e5 bli den neste lottomillion\u00e6ren!<\/p>\n<h2>Ikke alle lotterier har samme vinnersjanser<\/h2>\n<p><img decoding=\"async\" class=\"alignright wp-image-1810\" src=\"https:\/\/lottomax24.com\/wp-content\/uploads\/2021\/04\/international_jackpots.jpg\" alt=\"worldwide lotto\" \/>Det er helt logisk \u00e5 se etter de st\u00f8rste jackpottene, men det er ogs\u00e5 fornuftig \u00e5 sjekke hvor du f\u00e5r de beste oddsene for \u00e5 vinne en stor premie. Noen jackpotter vokser s\u00e5 mye fordi de er vanskelige \u00e5 vinne.<\/p>\n<p>Men hva om andrepremien fortsatt er stor nok til \u00e5 forandre livet ditt? Hva om sjansene for \u00e5 vinne en andrepremie var mye, mye bedre enn oddsen for \u00e5 knekke jackpotten? Vel, vi har den typen lotteri ogs\u00e5.<\/p>\n<h2>Hvor kan jeg finne informasjon og tips for lottofans?<\/h2>\n<p>Du finner alt dette her p\u00e5 nettstedet v\u00e5rt. Ikke bare gir vi deg de n\u00f8yaktige oddsene og reglene for hvert lotteri, men vi har ogs\u00e5 artikler om alle slags forskjellige aspekter ved lotteriet. Vi gir deg r\u00e5d om hvordan du kan forbedre vinnersjansene dine, og du finner ogs\u00e5 de nyeste resultatene og et arkiv med eldre resultater for alle lotteriene p\u00e5 nettstedet v\u00e5rt.<\/p>\n<h2>De st\u00f8rste lotterijackpottene over hele verden<\/h2>\n<p>Det beste med tilbudet v\u00e5rt er at du alltid vil finne en <strong>stor jackpot verdt \u00e5 kj\u00f8pe lodd til<\/strong>, og alle de st\u00f8rste jackpottene er listet opp her!<\/p>\n<h2>Hva om jeg vinner?<\/h2>\n<p>\u00c5 ta vare p\u00e5 v\u00e5re kunder over hele verden n\u00e5r de vinner er en viktig del av v\u00e5r online billetttjeneste. Mindre gevinster utbetales direkte til spillerens konto. For st\u00f8rre gevinster vil v\u00e5r kundesupport tilby deg v\u00e5r VIP-vinnertjeneste! Du vil f\u00e5 full betaling, og ingen gebyrer eller provisjoner vil noen gang bli trukket fra gevinstene dine, selv om skattereglene i lotteriets land og i ditt bostedsland gjelder.<\/p>\n","protected":false},"excerpt":{"rendered":"<p>Skaff deg lodd til de st\u00f8rste lotteriene p\u00e5 planeten Hvis du er en lottofan som ser etter lotterier med bedre vinnersjanser og st\u00f8rre jackpoter, har du kommet til rett sted. Hvorfor spille i ditt lokale lotteri om en liten toppremie n\u00e5r du kan spille lotto p\u00e5 nett og ha flere valgmuligheter? Sjekk ut RedFoxLotto.com og [&hellip;]<\/p>\n","protected":false},"author":1,"featured_media":0,"parent":0,"menu_order":0,"comment_status":"closed","ping_status":"closed","template":"","meta":{"footnotes":""},"class_list":["post-146","page","type-page","status-publish","hentry"],"yoast_head":"<!-- This site is optimized with the Yoast SEO plugin v25.9 - https:\/\/yoast.com\/wordpress\/plugins\/seo\/ -->\n<title>Billettservice for verdens st\u00f8rste lotterijackpotter<\/title>\n<meta name=\"robots\" content=\"index, follow, max-snippet:-1, max-image-preview:large, max-video-preview:-1\" \/>\n<link rel=\"canonical\" href=\"https:\/\/lottomax24.com\/no\/\" \/>\n<meta property=\"og:locale\" content=\"nb_NO\" \/>\n<meta property=\"og:type\" content=\"article\" \/>\n<meta property=\"og:title\" content=\"Billettservice for verdens st\u00f8rste lotterijackpotter\" \/>\n<meta property=\"og:description\" content=\"Skaff deg lodd til de st\u00f8rste lotteriene p\u00e5 planeten Hvis du er en lottofan som ser etter lotterier med bedre vinnersjanser og st\u00f8rre jackpoter, har du kommet til rett sted. Hvorfor spille i ditt lokale lotteri om en liten toppremie n\u00e5r du kan spille lotto p\u00e5 nett og ha flere valgmuligheter? Sjekk ut RedFoxLotto.com og [&hellip;]\" \/>\n<meta property=\"og:url\" content=\"https:\/\/lottomax24.com\/no\/\" \/>\n<meta name=\"twitter:card\" content=\"summary_large_image\" \/>\n<meta name=\"twitter:label1\" content=\"Ansl. lesetid\" \/>\n\t<meta name=\"twitter:data1\" content=\"3 minutter\" \/>\n<script type=\"application\/ld+json\" class=\"yoast-schema-graph\">{\"@context\":\"https:\/\/schema.org\",\"@graph\":[{\"@type\":\"WebPage\",\"@id\":\"https:\/\/lottomax24.com\/no\/\",\"url\":\"https:\/\/lottomax24.com\/no\/\",\"name\":\"Billettservice for verdens st\u00f8rste lotterijackpotter\",\"isPartOf\":{\"@id\":\"https:\/\/lottomax24.com\/no\/#website\"},\"primaryImageOfPage\":{\"@id\":\"https:\/\/lottomax24.com\/no\/#primaryimage\"},\"image\":{\"@id\":\"https:\/\/lottomax24.com\/no\/#primaryimage\"},\"thumbnailUrl\":\"https:\/\/lottomax24.com\/wp-content\/uploads\/2021\/04\/international_jackpots.jpg\",\"datePublished\":\"2024-09-09T18:24:29+00:00\",\"breadcrumb\":{\"@id\":\"https:\/\/lottomax24.com\/no\/#breadcrumb\"},\"inLanguage\":\"nb-NO\",\"potentialAction\":[{\"@type\":\"ReadAction\",\"target\":[\"https:\/\/lottomax24.com\/no\/\"]}]},{\"@type\":\"ImageObject\",\"inLanguage\":\"nb-NO\",\"@id\":\"https:\/\/lottomax24.com\/no\/#primaryimage\",\"url\":\"https:\/\/lottomax24.com\/wp-content\/uploads\/2021\/04\/international_jackpots.jpg\",\"contentUrl\":\"https:\/\/lottomax24.com\/wp-content\/uploads\/2021\/04\/international_jackpots.jpg\"},{\"@type\":\"BreadcrumbList\",\"@id\":\"https:\/\/lottomax24.com\/no\/#breadcrumb\",\"itemListElement\":[{\"@type\":\"ListItem\",\"position\":1,\"name\":\"Home\",\"item\":\"https:\/\/lottomax24.com\/no\/hjem\/\"},{\"@type\":\"ListItem\",\"position\":2,\"name\":\"Hjem\"}]},{\"@type\":\"WebSite\",\"@id\":\"https:\/\/lottomax24.com\/no\/#website\",\"url\":\"https:\/\/lottomax24.com\/no\/\",\"name\":\"\",\"description\":\"\",\"potentialAction\":[{\"@type\":\"SearchAction\",\"target\":{\"@type\":\"EntryPoint\",\"urlTemplate\":\"https:\/\/lottomax24.com\/no\/?s={search_term_string}\"},\"query-input\":{\"@type\":\"PropertyValueSpecification\",\"valueRequired\":true,\"valueName\":\"search_term_string\"}}],\"inLanguage\":\"nb-NO\"}]}<\/script>\n<!-- \/ Yoast SEO plugin. -->","yoast_head_json":{"title":"Billettservice for verdens st\u00f8rste lotterijackpotter","robots":{"index":"index","follow":"follow","max-snippet":"max-snippet:-1","max-image-preview":"max-image-preview:large","max-video-preview":"max-video-preview:-1"},"canonical":"https:\/\/lottomax24.com\/no\/","og_locale":"nb_NO","og_type":"article","og_title":"Billettservice for verdens st\u00f8rste lotterijackpotter","og_description":"Skaff deg lodd til de st\u00f8rste lotteriene p\u00e5 planeten Hvis du er en lottofan som ser etter lotterier med bedre vinnersjanser og st\u00f8rre jackpoter, har du kommet til rett sted. Hvorfor spille i ditt lokale lotteri om en liten toppremie n\u00e5r du kan spille lotto p\u00e5 nett og ha flere valgmuligheter? Sjekk ut RedFoxLotto.com og [&hellip;]","og_url":"https:\/\/lottomax24.com\/no\/","twitter_card":"summary_large_image","twitter_misc":{"Ansl. lesetid":"3 minutter"},"schema":{"@context":"https:\/\/schema.org","@graph":[{"@type":"WebPage","@id":"https:\/\/lottomax24.com\/no\/","url":"https:\/\/lottomax24.com\/no\/","name":"Billettservice for verdens st\u00f8rste lotterijackpotter","isPartOf":{"@id":"https:\/\/lottomax24.com\/no\/#website"},"primaryImageOfPage":{"@id":"https:\/\/lottomax24.com\/no\/#primaryimage"},"image":{"@id":"https:\/\/lottomax24.com\/no\/#primaryimage"},"thumbnailUrl":"https:\/\/lottomax24.com\/wp-content\/uploads\/2021\/04\/international_jackpots.jpg","datePublished":"2024-09-09T18:24:29+00:00","breadcrumb":{"@id":"https:\/\/lottomax24.com\/no\/#breadcrumb"},"inLanguage":"nb-NO","potentialAction":[{"@type":"ReadAction","target":["https:\/\/lottomax24.com\/no\/"]}]},{"@type":"ImageObject","inLanguage":"nb-NO","@id":"https:\/\/lottomax24.com\/no\/#primaryimage","url":"https:\/\/lottomax24.com\/wp-content\/uploads\/2021\/04\/international_jackpots.jpg","contentUrl":"https:\/\/lottomax24.com\/wp-content\/uploads\/2021\/04\/international_jackpots.jpg"},{"@type":"BreadcrumbList","@id":"https:\/\/lottomax24.com\/no\/#breadcrumb","itemListElement":[{"@type":"ListItem","position":1,"name":"Home","item":"https:\/\/lottomax24.com\/no\/hjem\/"},{"@type":"ListItem","position":2,"name":"Hjem"}]},{"@type":"WebSite","@id":"https:\/\/lottomax24.com\/no\/#website","url":"https:\/\/lottomax24.com\/no\/","name":"","description":"","potentialAction":[{"@type":"SearchAction","target":{"@type":"EntryPoint","urlTemplate":"https:\/\/lottomax24.com\/no\/?s={search_term_string}"},"query-input":{"@type":"PropertyValueSpecification","valueRequired":true,"valueName":"search_term_string"}}],"inLanguage":"nb-NO"}]}},"_links":{"self":[{"href":"https:\/\/lottomax24.com\/no\/wp-json\/wp\/v2\/pages\/146","targetHints":{"allow":["GET"]}}],"collection":[{"href":"https:\/\/lottomax24.com\/no\/wp-json\/wp\/v2\/pages"}],"about":[{"href":"https:\/\/lottomax24.com\/no\/wp-json\/wp\/v2\/types\/page"}],"author":[{"embeddable":true,"href":"https:\/\/lottomax24.com\/no\/wp-json\/wp\/v2\/users\/1"}],"replies":[{"embeddable":true,"href":"https:\/\/lottomax24.com\/no\/wp-json\/wp\/v2\/comments?post=146"}],"version-history":[{"count":0,"href":"https:\/\/lottomax24.com\/no\/wp-json\/wp\/v2\/pages\/146\/revisions"}],"wp:attachment":[{"href":"https:\/\/lottomax24.com\/no\/wp-json\/wp\/v2\/media?parent=146"}],"curies":[{"name":"wp","href":"https:\/\/api.w.org\/{rel}","templated":true}]}}