{"id":148,"date":"2024-09-09T19:24:29","date_gmt":"2024-09-09T18:24:29","guid":{"rendered":"https:\/\/lottomax24.com\/dom\/"},"modified":"2024-09-09T19:24:29","modified_gmt":"2024-09-09T18:24:29","slug":"dom","status":"publish","type":"page","link":"https:\/\/lottomax24.com\/pl\/","title":{"rendered":"Dom"},"content":{"rendered":"<h2>Kup bilety na najwi\u0119ksze loterie na \u015bwiecie<\/h2>\n<p>Je\u015bli jeste\u015b fanem loterii i szukasz loterii z <strong>wi\u0119kszymi szansami na wygran\u0105 i wi\u0119kszymi jackpotami<\/strong>, to trafi\u0142e\u015b we w\u0142a\u015bciwe miejsce. Po co gra\u0107 w lokalnej loterii o ma\u0142\u0105 g\u0142\u00f3wn\u0105 nagrod\u0119, skoro mo\u017cesz gra\u0107 w lotto online i mie\u0107 wi\u0119kszy wyb\u00f3r?<\/p>\n<p>Sprawd\u017a <a href=\"https:\/\/RedFoxLotto.com\">RedFoxLotto.com<\/a> i <a href=\"https:\/\/Simbalotto.com\">Simbalotto.com<\/a>, dwie najlepsze strony internetowe do udzia\u0142u w najwi\u0119kszych mi\u0119dzynarodowych jackpotach.<\/p>\n<p>S\u0105 du\u017ce loterie, a potem s\u0105 mega-loterie. Wyobra\u017a sobie jackpot lotto w setkach milion\u00f3w \u2013 znajdziesz je tutaj! Loterie takie jak Mega Millions, Powerball, Euromillions, Eurojackpot, Superenalotto i s\u0142ynna loteria El Gordo regularnie oferuj\u0105 takie jackpoty.<\/p>\n<p>Czy wiesz, \u017ce zar\u00f3wno Mega Millions, jak i Powerball mia\u0142y <strong>jackpoty przekraczaj\u0105ce 1500 milion\u00f3w dolar\u00f3w?<\/strong> Trudno sobie wyobrazi\u0107 wygranie ponad miliarda dolar\u00f3w na loterii, ale jest to mo\u017cliwe!<\/p>\n<h2>Tw\u00f3j kraj zamieszkania nie ma znaczenia \u2014 kup swoje losy online!<\/h2>\n<p>Kiedy kupujesz losy na loteri\u0119 online, nie ma znaczenia, gdzie mieszkasz. Nie musisz podr\u00f3\u017cowa\u0107, aby <strong>kupi\u0107 los na loteri\u0119 w obcym kraju<\/strong>. Zapewniamy klientom z niemal wszystkich kraj\u00f3w nasz\u0105 og\u00f3lno\u015bwiatow\u0105 obs\u0142ug\u0119.<\/p>\n<h2>Prosty proces zakupu online Twoich kolejnych los\u00f3w na loteri\u0119.<\/h2>\n<p>Istnieje tylko kilka krok\u00f3w, aby zdoby\u0107 swoje losy i wzi\u0105\u0107 udzia\u0142 w najlepszych loteriach na \u015bwiecie. Wybierz loteri\u0119, wybierz swoje numery, zarejestruj si\u0119 i zap\u0142a\u0107 online \u2014 to wszystko, czego potrzeba, aby mie\u0107 szans\u0119 zosta\u0107 kolejnym lotto milionerem!<\/p>\n<h2>Nie wszystkie loterie maj\u0105 takie same szanse na wygran\u0105<\/h2>\n<p><img decoding=\"async\" class=\"alignright wp-image-1810\" src=\"https:\/\/lottomax24.com\/wp-content\/uploads\/2021\/04\/international_jackpots.jpg\" alt=\"worldwide lotto\" \/>Ca\u0142kowicie logiczne jest poszukiwanie najwi\u0119kszych jackpot\u00f3w, ale warto te\u017c sprawdzi\u0107, gdzie oferuje si\u0119 najlepsze szanse na wygranie du\u017cej nagrody. Niekt\u00f3re jackpoty rosn\u0105 tak bardzo, poniewa\u017c trudno je wygra\u0107.<\/p>\n<p>Ale co, je\u015bli nagroda drugiego stopnia jest nadal wystarczaj\u0105co du\u017ca, aby zmieni\u0107 twoje \u017cycie? Co, je\u015bli szanse na wygranie nagrody drugiego stopnia s\u0105 o wiele, wiele lepsze ni\u017c szanse na trafienie jackpota? C\u00f3\u017c, mamy te\u017c taki rodzaj loterii.<\/p>\n<h2>Gdzie mog\u0119 znale\u017a\u0107 informacje i wskaz\u00f3wki dla fan\u00f3w loterii?<\/h2>\n<p>Wszystko to znajdziesz tutaj, na naszej stronie internetowej. Nie tylko podajemy dok\u0142adne kursy i zasady ka\u017cdej loterii, ale mamy r\u00f3wnie\u017c artyku\u0142y na temat r\u00f3\u017cnych aspekt\u00f3w loterii. Udzielamy porad, jak zwi\u0119kszy\u0107 swoje szanse na wygran\u0105, a tak\u017ce znajdziesz najnowsze wyniki i archiwum starszych wynik\u00f3w wszystkich loterii na naszej stronie internetowej.<\/p>\n<h2>Najwi\u0119ksze jackpoty loteryjne na \u015bwiecie<\/h2>\n<p>Najlepsz\u0105 cz\u0119\u015bci\u0105 naszej oferty jest to, \u017ce zawsze znajdziesz <strong>ogromny jackpot, na kt\u00f3ry warto kupi\u0107 bilety<\/strong>, a wszystkie najwi\u0119ksze jackpoty s\u0105 wymienione tutaj!<\/p>\n<h2>Co je\u015bli wygram?<\/h2>\n<p>Dbanie o naszych klient\u00f3w na ca\u0142ym \u015bwiecie, gdy wygrywaj\u0105, jest wa\u017cn\u0105 cz\u0119\u015bci\u0105 naszej us\u0142ugi bilet\u00f3w online. Mniejsze wygrane s\u0105 wyp\u0142acane bezpo\u015brednio na konto gracza. W przypadku wi\u0119kszych wygranych nasza obs\u0142uga klienta zapewni Ci nasz\u0105 us\u0142ug\u0119 VIP dla zwyci\u0119zc\u00f3w! Otrzymasz pe\u0142n\u0105 wyp\u0142at\u0119, a Twoje wygrane nie zostan\u0105 obci\u0105\u017cone \u017cadnymi op\u0142atami ani prowizjami, chocia\u017c obowi\u0105zuj\u0105 przepisy podatkowe kraju, w kt\u00f3rym odbywa si\u0119 loteria, i kraju Twojego zamieszkania.<\/p>\n","protected":false},"excerpt":{"rendered":"<p>Kup bilety na najwi\u0119ksze loterie na \u015bwiecie Je\u015bli jeste\u015b fanem loterii i szukasz loterii z wi\u0119kszymi szansami na wygran\u0105 i wi\u0119kszymi jackpotami, to trafi\u0142e\u015b we w\u0142a\u015bciwe miejsce. Po co gra\u0107 w lokalnej loterii o ma\u0142\u0105 g\u0142\u00f3wn\u0105 nagrod\u0119, skoro mo\u017cesz gra\u0107 w lotto online i mie\u0107 wi\u0119kszy wyb\u00f3r? Sprawd\u017a RedFoxLotto.com i Simbalotto.com, dwie najlepsze strony internetowe [&hellip;]<\/p>\n","protected":false},"author":1,"featured_media":0,"parent":0,"menu_order":0,"comment_status":"closed","ping_status":"closed","template":"","meta":{"footnotes":""},"class_list":["post-148","page","type-page","status-publish","hentry"],"yoast_head":"<!-- This site is optimized with the Yoast SEO plugin v25.9 - https:\/\/yoast.com\/wordpress\/plugins\/seo\/ -->\n<title>Obs\u0142uga bilet\u00f3w na najwi\u0119ksze na \u015bwiecie loterie<\/title>\n<meta name=\"robots\" content=\"index, follow, max-snippet:-1, max-image-preview:large, max-video-preview:-1\" \/>\n<link rel=\"canonical\" href=\"https:\/\/lottomax24.com\/pl\/\" \/>\n<meta property=\"og:locale\" content=\"pl_PL\" \/>\n<meta property=\"og:type\" content=\"article\" \/>\n<meta property=\"og:title\" content=\"Obs\u0142uga bilet\u00f3w na najwi\u0119ksze na \u015bwiecie loterie\" \/>\n<meta property=\"og:description\" content=\"Kup bilety na najwi\u0119ksze loterie na \u015bwiecie Je\u015bli jeste\u015b fanem loterii i szukasz loterii z wi\u0119kszymi szansami na wygran\u0105 i wi\u0119kszymi jackpotami, to trafi\u0142e\u015b we w\u0142a\u015bciwe miejsce. Po co gra\u0107 w lokalnej loterii o ma\u0142\u0105 g\u0142\u00f3wn\u0105 nagrod\u0119, skoro mo\u017cesz gra\u0107 w lotto online i mie\u0107 wi\u0119kszy wyb\u00f3r? Sprawd\u017a RedFoxLotto.com i Simbalotto.com, dwie najlepsze strony internetowe [&hellip;]\" \/>\n<meta property=\"og:url\" content=\"https:\/\/lottomax24.com\/pl\/\" \/>\n<meta name=\"twitter:card\" content=\"summary_large_image\" \/>\n<meta name=\"twitter:label1\" content=\"Szacowany czas czytania\" \/>\n\t<meta name=\"twitter:data1\" content=\"3 minuty\" \/>\n<script type=\"application\/ld+json\" class=\"yoast-schema-graph\">{\"@context\":\"https:\/\/schema.org\",\"@graph\":[{\"@type\":\"WebPage\",\"@id\":\"https:\/\/lottomax24.com\/pl\/\",\"url\":\"https:\/\/lottomax24.com\/pl\/\",\"name\":\"Obs\u0142uga bilet\u00f3w na najwi\u0119ksze na \u015bwiecie loterie\",\"isPartOf\":{\"@id\":\"https:\/\/lottomax24.com\/pl\/#website\"},\"primaryImageOfPage\":{\"@id\":\"https:\/\/lottomax24.com\/pl\/#primaryimage\"},\"image\":{\"@id\":\"https:\/\/lottomax24.com\/pl\/#primaryimage\"},\"thumbnailUrl\":\"https:\/\/lottomax24.com\/wp-content\/uploads\/2021\/04\/international_jackpots.jpg\",\"datePublished\":\"2024-09-09T18:24:29+00:00\",\"breadcrumb\":{\"@id\":\"https:\/\/lottomax24.com\/pl\/#breadcrumb\"},\"inLanguage\":\"pl-PL\",\"potentialAction\":[{\"@type\":\"ReadAction\",\"target\":[\"https:\/\/lottomax24.com\/pl\/\"]}]},{\"@type\":\"ImageObject\",\"inLanguage\":\"pl-PL\",\"@id\":\"https:\/\/lottomax24.com\/pl\/#primaryimage\",\"url\":\"https:\/\/lottomax24.com\/wp-content\/uploads\/2021\/04\/international_jackpots.jpg\",\"contentUrl\":\"https:\/\/lottomax24.com\/wp-content\/uploads\/2021\/04\/international_jackpots.jpg\"},{\"@type\":\"BreadcrumbList\",\"@id\":\"https:\/\/lottomax24.com\/pl\/#breadcrumb\",\"itemListElement\":[{\"@type\":\"ListItem\",\"position\":1,\"name\":\"Home\",\"item\":\"https:\/\/lottomax24.com\/pl\/dom\/\"},{\"@type\":\"ListItem\",\"position\":2,\"name\":\"Dom\"}]},{\"@type\":\"WebSite\",\"@id\":\"https:\/\/lottomax24.com\/pl\/#website\",\"url\":\"https:\/\/lottomax24.com\/pl\/\",\"name\":\"\",\"description\":\"\",\"potentialAction\":[{\"@type\":\"SearchAction\",\"target\":{\"@type\":\"EntryPoint\",\"urlTemplate\":\"https:\/\/lottomax24.com\/pl\/?s={search_term_string}\"},\"query-input\":{\"@type\":\"PropertyValueSpecification\",\"valueRequired\":true,\"valueName\":\"search_term_string\"}}],\"inLanguage\":\"pl-PL\"}]}<\/script>\n<!-- \/ Yoast SEO plugin. -->","yoast_head_json":{"title":"Obs\u0142uga bilet\u00f3w na najwi\u0119ksze na \u015bwiecie loterie","robots":{"index":"index","follow":"follow","max-snippet":"max-snippet:-1","max-image-preview":"max-image-preview:large","max-video-preview":"max-video-preview:-1"},"canonical":"https:\/\/lottomax24.com\/pl\/","og_locale":"pl_PL","og_type":"article","og_title":"Obs\u0142uga bilet\u00f3w na najwi\u0119ksze na \u015bwiecie loterie","og_description":"Kup bilety na najwi\u0119ksze loterie na \u015bwiecie Je\u015bli jeste\u015b fanem loterii i szukasz loterii z wi\u0119kszymi szansami na wygran\u0105 i wi\u0119kszymi jackpotami, to trafi\u0142e\u015b we w\u0142a\u015bciwe miejsce. Po co gra\u0107 w lokalnej loterii o ma\u0142\u0105 g\u0142\u00f3wn\u0105 nagrod\u0119, skoro mo\u017cesz gra\u0107 w lotto online i mie\u0107 wi\u0119kszy wyb\u00f3r? Sprawd\u017a RedFoxLotto.com i Simbalotto.com, dwie najlepsze strony internetowe [&hellip;]","og_url":"https:\/\/lottomax24.com\/pl\/","twitter_card":"summary_large_image","twitter_misc":{"Szacowany czas czytania":"3 minuty"},"schema":{"@context":"https:\/\/schema.org","@graph":[{"@type":"WebPage","@id":"https:\/\/lottomax24.com\/pl\/","url":"https:\/\/lottomax24.com\/pl\/","name":"Obs\u0142uga bilet\u00f3w na najwi\u0119ksze na \u015bwiecie loterie","isPartOf":{"@id":"https:\/\/lottomax24.com\/pl\/#website"},"primaryImageOfPage":{"@id":"https:\/\/lottomax24.com\/pl\/#primaryimage"},"image":{"@id":"https:\/\/lottomax24.com\/pl\/#primaryimage"},"thumbnailUrl":"https:\/\/lottomax24.com\/wp-content\/uploads\/2021\/04\/international_jackpots.jpg","datePublished":"2024-09-09T18:24:29+00:00","breadcrumb":{"@id":"https:\/\/lottomax24.com\/pl\/#breadcrumb"},"inLanguage":"pl-PL","potentialAction":[{"@type":"ReadAction","target":["https:\/\/lottomax24.com\/pl\/"]}]},{"@type":"ImageObject","inLanguage":"pl-PL","@id":"https:\/\/lottomax24.com\/pl\/#primaryimage","url":"https:\/\/lottomax24.com\/wp-content\/uploads\/2021\/04\/international_jackpots.jpg","contentUrl":"https:\/\/lottomax24.com\/wp-content\/uploads\/2021\/04\/international_jackpots.jpg"},{"@type":"BreadcrumbList","@id":"https:\/\/lottomax24.com\/pl\/#breadcrumb","itemListElement":[{"@type":"ListItem","position":1,"name":"Home","item":"https:\/\/lottomax24.com\/pl\/dom\/"},{"@type":"ListItem","position":2,"name":"Dom"}]},{"@type":"WebSite","@id":"https:\/\/lottomax24.com\/pl\/#website","url":"https:\/\/lottomax24.com\/pl\/","name":"","description":"","potentialAction":[{"@type":"SearchAction","target":{"@type":"EntryPoint","urlTemplate":"https:\/\/lottomax24.com\/pl\/?s={search_term_string}"},"query-input":{"@type":"PropertyValueSpecification","valueRequired":true,"valueName":"search_term_string"}}],"inLanguage":"pl-PL"}]}},"_links":{"self":[{"href":"https:\/\/lottomax24.com\/pl\/wp-json\/wp\/v2\/pages\/148","targetHints":{"allow":["GET"]}}],"collection":[{"href":"https:\/\/lottomax24.com\/pl\/wp-json\/wp\/v2\/pages"}],"about":[{"href":"https:\/\/lottomax24.com\/pl\/wp-json\/wp\/v2\/types\/page"}],"author":[{"embeddable":true,"href":"https:\/\/lottomax24.com\/pl\/wp-json\/wp\/v2\/users\/1"}],"replies":[{"embeddable":true,"href":"https:\/\/lottomax24.com\/pl\/wp-json\/wp\/v2\/comments?post=148"}],"version-history":[{"count":0,"href":"https:\/\/lottomax24.com\/pl\/wp-json\/wp\/v2\/pages\/148\/revisions"}],"wp:attachment":[{"href":"https:\/\/lottomax24.com\/pl\/wp-json\/wp\/v2\/media?parent=148"}],"curies":[{"name":"wp","href":"https:\/\/api.w.org\/{rel}","templated":true}]}}