{"id":150,"date":"2024-09-09T19:24:29","date_gmt":"2024-09-09T18:24:29","guid":{"rendered":"https:\/\/lottomax24.com\/casa\/"},"modified":"2024-09-09T19:24:29","modified_gmt":"2024-09-09T18:24:29","slug":"casa","status":"publish","type":"page","link":"https:\/\/lottomax24.com\/pt-pt\/","title":{"rendered":"Casa"},"content":{"rendered":"<h2>Compre bilhetes para as maiores lotarias do planeta<\/h2>\n<p>Se \u00e9 um f\u00e3 de lotarias e procura lotarias com <strong>maiores probabilidades de ganhar e pr\u00e9mios maiores,<\/strong> ent\u00e3o veio ao s\u00edtio certo. Porqu\u00ea jogar na lotaria local por um pr\u00e9mio pequeno quando pode jogar na lotaria online e ter mais op\u00e7\u00f5es?<\/p>\n<p>Confira <a href=\"https:\/\/RedFoxLotto.com\">RedFoxLotto.com<\/a> e <a href=\"https:\/\/Simbalotto.com\">Simbalotto.com<\/a>, dois dos melhores sites para participar nos maiores jackpots internacionais.<\/p>\n<p>Existem grandes lotarias e existem mega-lotarias. Imagine um pr\u00e9mio de lotaria na casa das centenas de milh\u00f5es \u2013 pode encontr\u00e1-los aqui! Lotarias como a Mega Millions, Powerball, Euromillions, Eurojackpot, Superenalotto e a famosa lotaria El Gordo t\u00eam estes jackpots regularmente.<\/p>\n<p>Sabia que tanto a Mega Millions como a Powerball tiveram pr\u00e9mios de mais de 1,5 mil milh\u00f5es de d\u00f3lares? \u00c9 dif\u00edcil imaginar ganhar mais de mil milh\u00f5es na lotaria, mas \u00e9 poss\u00edvel!<\/p>\n<h2>O seu pa\u00eds de resid\u00eancia n\u00e3o importa &#8211; compre os seus bilhetes online!<\/h2>\n<p>Quando compra bilhetes de lotaria online, n\u00e3o importa onde mora. N\u00e3o h\u00e1 necessidade de voc\u00ea viajar para <strong>comprar um bilhete de lotaria num pa\u00eds estrangeiro<\/strong>. Oferecemos servi\u00e7os mundiais a clientes de quase todos os pa\u00edses.<\/p>\n<h2>Um processo simples de compra online para os seus pr\u00f3ximos bilhetes de lotaria.<\/h2>\n<p>S\u00e3o apenas alguns passos para adquirir os seus bilhetes e participar nas melhores lotarias que o mundo tem para oferecer. Escolha uma lotaria, escolha os seus n\u00fameros, registe-se e pague online &#8211; isto \u00e9 tudo o que precisa para ter a hip\u00f3tese de se tornar o pr\u00f3ximo milion\u00e1rio da lotaria!<\/p>\n<h2>Nem todas as lotarias t\u00eam as mesmas probabilidades de ganhar<\/h2>\n<p><img decoding=\"async\" class=\"alignright wp-image-1810\" src=\"https:\/\/lottomax24.com\/wp-content\/uploads\/2021\/04\/international_jackpots.jpg\" alt=\"worldwide lotto\" \/>\u00c9 perfeitamente l\u00f3gico procurar os maiores jackpots, mas tamb\u00e9m faz sentido verificar onde s\u00e3o oferecidas as melhores probabilidades de ganhar um grande pr\u00e9mio. Alguns jackpots crescem tanto porque s\u00e3o dif\u00edceis de ganhar.<\/p>\n<p>Mas e se o pr\u00e9mio de segundo n\u00edvel ainda for suficientemente grande para mudar a sua vida? E se as probabilidades de ganhar um pr\u00e9mio de segundo n\u00edvel fossem muito, muito melhores do que as probabilidades de ganhar o jackpot? Bem, tamb\u00e9m temos esse tipo de lotaria.<\/p>\n<h2>Onde posso encontrar informa\u00e7\u00f5es e dicas para os f\u00e3s de lotaria?<\/h2>\n<p>Pode encontrar tudo isto aqui no nosso site. N\u00e3o s\u00f3 fornecemos as probabilidades e as regras exatas para cada lotaria, como tamb\u00e9m temos artigos sobre todos os tipos de aspetos diferentes da lotaria. Fornecemos conselhos sobre como melhorar as suas hip\u00f3teses de ganhar e tamb\u00e9m encontrar\u00e1 os resultados mais recentes e um arquivo de resultados mais antigos de todas as lotarias no nosso website.<\/p>\n<h2>Os maiores pr\u00e9mios de lotaria do mundo<\/h2>\n<p>A melhor parte da nossa oferta \u00e9 que encontrar\u00e1 sempre um <strong>grande pr\u00e9mio que vale a pena comprar bilhetes<\/strong>, e todos os maiores pr\u00e9mios est\u00e3o listados aqui!<\/p>\n<h2>E se eu ganhar?<\/h2>\n<p>Cuidar dos nossos clientes em todo o mundo quando ganham \u00e9 uma parte importante do nosso servi\u00e7o de bilhetes online. As vit\u00f3rias menores s\u00e3o pagas diretamente na conta do seu jogador. Para ganhos maiores, o nosso apoio ao cliente fornecer\u00e1 o nosso servi\u00e7o VIP para vencedores! Receber\u00e1 o pagamento total e nenhuma taxa ou comiss\u00e3o ser\u00e1 deduzida dos seus ganhos, embora se apliquem as normas fiscais do pa\u00eds da lotaria e do seu pa\u00eds de resid\u00eancia.<\/p>\n","protected":false},"excerpt":{"rendered":"<p>Compre bilhetes para as maiores lotarias do planeta Se \u00e9 um f\u00e3 de lotarias e procura lotarias com maiores probabilidades de ganhar e pr\u00e9mios maiores, ent\u00e3o veio ao s\u00edtio certo. Porqu\u00ea jogar na lotaria local por um pr\u00e9mio pequeno quando pode jogar na lotaria online e ter mais op\u00e7\u00f5es? Confira RedFoxLotto.com e Simbalotto.com, dois dos [&hellip;]<\/p>\n","protected":false},"author":1,"featured_media":0,"parent":0,"menu_order":0,"comment_status":"closed","ping_status":"closed","template":"","meta":{"footnotes":""},"class_list":["post-150","page","type-page","status-publish","hentry"],"yoast_head":"<!-- This site is optimized with the Yoast SEO plugin v25.9 - https:\/\/yoast.com\/wordpress\/plugins\/seo\/ -->\n<title>Servi\u00e7o de bilhetes para os maiores pr\u00e9mios de lotaria do mundo<\/title>\n<meta name=\"robots\" content=\"index, follow, max-snippet:-1, max-image-preview:large, max-video-preview:-1\" \/>\n<link rel=\"canonical\" href=\"https:\/\/lottomax24.com\/pt-pt\/\" \/>\n<meta property=\"og:locale\" content=\"pt_PT\" \/>\n<meta property=\"og:type\" content=\"article\" \/>\n<meta property=\"og:title\" content=\"Servi\u00e7o de bilhetes para os maiores pr\u00e9mios de lotaria do mundo\" \/>\n<meta property=\"og:description\" content=\"Compre bilhetes para as maiores lotarias do planeta Se \u00e9 um f\u00e3 de lotarias e procura lotarias com maiores probabilidades de ganhar e pr\u00e9mios maiores, ent\u00e3o veio ao s\u00edtio certo. Porqu\u00ea jogar na lotaria local por um pr\u00e9mio pequeno quando pode jogar na lotaria online e ter mais op\u00e7\u00f5es? Confira RedFoxLotto.com e Simbalotto.com, dois dos [&hellip;]\" \/>\n<meta property=\"og:url\" content=\"https:\/\/lottomax24.com\/pt-pt\/\" \/>\n<meta name=\"twitter:card\" content=\"summary_large_image\" \/>\n<meta name=\"twitter:label1\" content=\"Tempo estimado de leitura\" \/>\n\t<meta name=\"twitter:data1\" content=\"3 minutos\" \/>\n<script type=\"application\/ld+json\" class=\"yoast-schema-graph\">{\"@context\":\"https:\/\/schema.org\",\"@graph\":[{\"@type\":\"WebPage\",\"@id\":\"https:\/\/lottomax24.com\/pt-pt\/\",\"url\":\"https:\/\/lottomax24.com\/pt-pt\/\",\"name\":\"Servi\u00e7o de bilhetes para os maiores pr\u00e9mios de lotaria do mundo\",\"isPartOf\":{\"@id\":\"https:\/\/lottomax24.com\/pt-pt\/#website\"},\"primaryImageOfPage\":{\"@id\":\"https:\/\/lottomax24.com\/pt-pt\/#primaryimage\"},\"image\":{\"@id\":\"https:\/\/lottomax24.com\/pt-pt\/#primaryimage\"},\"thumbnailUrl\":\"https:\/\/lottomax24.com\/wp-content\/uploads\/2021\/04\/international_jackpots.jpg\",\"datePublished\":\"2024-09-09T18:24:29+00:00\",\"breadcrumb\":{\"@id\":\"https:\/\/lottomax24.com\/pt-pt\/#breadcrumb\"},\"inLanguage\":\"pt-PT\",\"potentialAction\":[{\"@type\":\"ReadAction\",\"target\":[\"https:\/\/lottomax24.com\/pt-pt\/\"]}]},{\"@type\":\"ImageObject\",\"inLanguage\":\"pt-PT\",\"@id\":\"https:\/\/lottomax24.com\/pt-pt\/#primaryimage\",\"url\":\"https:\/\/lottomax24.com\/wp-content\/uploads\/2021\/04\/international_jackpots.jpg\",\"contentUrl\":\"https:\/\/lottomax24.com\/wp-content\/uploads\/2021\/04\/international_jackpots.jpg\"},{\"@type\":\"BreadcrumbList\",\"@id\":\"https:\/\/lottomax24.com\/pt-pt\/#breadcrumb\",\"itemListElement\":[{\"@type\":\"ListItem\",\"position\":1,\"name\":\"Home\",\"item\":\"https:\/\/lottomax24.com\/pt-pt\/casa\/\"},{\"@type\":\"ListItem\",\"position\":2,\"name\":\"Casa\"}]},{\"@type\":\"WebSite\",\"@id\":\"https:\/\/lottomax24.com\/pt-pt\/#website\",\"url\":\"https:\/\/lottomax24.com\/pt-pt\/\",\"name\":\"\",\"description\":\"\",\"potentialAction\":[{\"@type\":\"SearchAction\",\"target\":{\"@type\":\"EntryPoint\",\"urlTemplate\":\"https:\/\/lottomax24.com\/pt-pt\/?s={search_term_string}\"},\"query-input\":{\"@type\":\"PropertyValueSpecification\",\"valueRequired\":true,\"valueName\":\"search_term_string\"}}],\"inLanguage\":\"pt-PT\"}]}<\/script>\n<!-- \/ Yoast SEO plugin. -->","yoast_head_json":{"title":"Servi\u00e7o de bilhetes para os maiores pr\u00e9mios de lotaria do mundo","robots":{"index":"index","follow":"follow","max-snippet":"max-snippet:-1","max-image-preview":"max-image-preview:large","max-video-preview":"max-video-preview:-1"},"canonical":"https:\/\/lottomax24.com\/pt-pt\/","og_locale":"pt_PT","og_type":"article","og_title":"Servi\u00e7o de bilhetes para os maiores pr\u00e9mios de lotaria do mundo","og_description":"Compre bilhetes para as maiores lotarias do planeta Se \u00e9 um f\u00e3 de lotarias e procura lotarias com maiores probabilidades de ganhar e pr\u00e9mios maiores, ent\u00e3o veio ao s\u00edtio certo. Porqu\u00ea jogar na lotaria local por um pr\u00e9mio pequeno quando pode jogar na lotaria online e ter mais op\u00e7\u00f5es? Confira RedFoxLotto.com e Simbalotto.com, dois dos [&hellip;]","og_url":"https:\/\/lottomax24.com\/pt-pt\/","twitter_card":"summary_large_image","twitter_misc":{"Tempo estimado de leitura":"3 minutos"},"schema":{"@context":"https:\/\/schema.org","@graph":[{"@type":"WebPage","@id":"https:\/\/lottomax24.com\/pt-pt\/","url":"https:\/\/lottomax24.com\/pt-pt\/","name":"Servi\u00e7o de bilhetes para os maiores pr\u00e9mios de lotaria do mundo","isPartOf":{"@id":"https:\/\/lottomax24.com\/pt-pt\/#website"},"primaryImageOfPage":{"@id":"https:\/\/lottomax24.com\/pt-pt\/#primaryimage"},"image":{"@id":"https:\/\/lottomax24.com\/pt-pt\/#primaryimage"},"thumbnailUrl":"https:\/\/lottomax24.com\/wp-content\/uploads\/2021\/04\/international_jackpots.jpg","datePublished":"2024-09-09T18:24:29+00:00","breadcrumb":{"@id":"https:\/\/lottomax24.com\/pt-pt\/#breadcrumb"},"inLanguage":"pt-PT","potentialAction":[{"@type":"ReadAction","target":["https:\/\/lottomax24.com\/pt-pt\/"]}]},{"@type":"ImageObject","inLanguage":"pt-PT","@id":"https:\/\/lottomax24.com\/pt-pt\/#primaryimage","url":"https:\/\/lottomax24.com\/wp-content\/uploads\/2021\/04\/international_jackpots.jpg","contentUrl":"https:\/\/lottomax24.com\/wp-content\/uploads\/2021\/04\/international_jackpots.jpg"},{"@type":"BreadcrumbList","@id":"https:\/\/lottomax24.com\/pt-pt\/#breadcrumb","itemListElement":[{"@type":"ListItem","position":1,"name":"Home","item":"https:\/\/lottomax24.com\/pt-pt\/casa\/"},{"@type":"ListItem","position":2,"name":"Casa"}]},{"@type":"WebSite","@id":"https:\/\/lottomax24.com\/pt-pt\/#website","url":"https:\/\/lottomax24.com\/pt-pt\/","name":"","description":"","potentialAction":[{"@type":"SearchAction","target":{"@type":"EntryPoint","urlTemplate":"https:\/\/lottomax24.com\/pt-pt\/?s={search_term_string}"},"query-input":{"@type":"PropertyValueSpecification","valueRequired":true,"valueName":"search_term_string"}}],"inLanguage":"pt-PT"}]}},"_links":{"self":[{"href":"https:\/\/lottomax24.com\/pt-pt\/wp-json\/wp\/v2\/pages\/150","targetHints":{"allow":["GET"]}}],"collection":[{"href":"https:\/\/lottomax24.com\/pt-pt\/wp-json\/wp\/v2\/pages"}],"about":[{"href":"https:\/\/lottomax24.com\/pt-pt\/wp-json\/wp\/v2\/types\/page"}],"author":[{"embeddable":true,"href":"https:\/\/lottomax24.com\/pt-pt\/wp-json\/wp\/v2\/users\/1"}],"replies":[{"embeddable":true,"href":"https:\/\/lottomax24.com\/pt-pt\/wp-json\/wp\/v2\/comments?post=150"}],"version-history":[{"count":0,"href":"https:\/\/lottomax24.com\/pt-pt\/wp-json\/wp\/v2\/pages\/150\/revisions"}],"wp:attachment":[{"href":"https:\/\/lottomax24.com\/pt-pt\/wp-json\/wp\/v2\/media?parent=150"}],"curies":[{"name":"wp","href":"https:\/\/api.w.org\/{rel}","templated":true}]}}