{"id":152,"date":"2024-09-09T19:24:29","date_gmt":"2024-09-09T18:24:29","guid":{"rendered":"https:\/\/lottomax24.com\/acasa\/"},"modified":"2024-09-09T19:24:29","modified_gmt":"2024-09-09T18:24:29","slug":"acasa","status":"publish","type":"page","link":"https:\/\/lottomax24.com\/ro\/","title":{"rendered":"Acas\u0103"},"content":{"rendered":"<h2>Ob\u021bine bilete pentru cele mai mari loterii de pe planet\u0103<\/h2>\n<p>Dac\u0103 e\u0219ti un fan al loteriei care caut\u0103 loterii cu <strong>\u0219anse mai mari de c\u00e2\u0219tig \u0219i jackpoturi mai mari<\/strong>, atunci ai ajuns la locul potrivit. De ce s\u0103 joci la loteria local\u0103 pentru un premiu mare mic, c\u00e2nd po\u021bi juca la loterie online \u0219i ai mai multe op\u021biuni?<\/p>\n<p>Consult\u0103 <a href=\"https:\/\/RedFoxLotto.com\">RedFoxLotto.com<\/a> \u0219i <a href=\"https:\/\/Simbalotto.com\">Simbalotto.com<\/a>, dou\u0103 dintre cele mai bune site-uri web pentru a participa la cele mai mari jackpoturi interna\u021bionale.<\/p>\n<p>Exist\u0103 loterii mari \u0219i apoi exist\u0103 mega-loterii. Imagineaz\u0103-\u021bi un jackpot loterie de sute de milioane &#8211; le po\u021bi g\u0103si aici! Loterii precum Mega Millions, Powerball, Euromillions, Eurojackpot, Superenalotto \u0219i faimoasa loterie El Gordo au astfel de jackpoturi \u00een mod regulat.<\/p>\n<p>\u0218tia\u021bi c\u0103 at\u00e2t Mega Millions, c\u00e2t \u0219i Powerball au avut **jackpoturi** de peste 1.500 de milioane de dolari? Este greu de imaginat c\u0103 a\u021bi c\u00e2\u0219tiga peste un miliard la o loterie, dar este posibil!<\/p>\n<h2>\u021aara dvs. de re\u0219edin\u021b\u0103 nu conteaz\u0103 &#8211; cump\u0103ra\u021bi-v\u0103 biletele online!<\/h2>\n<p>C\u00e2nd cump\u0103ra\u021bi bilete de loterie online, nu conteaz\u0103 unde locui\u021bi. Nu este nevoie s\u0103 c\u0103l\u0103tori\u021bi pentru a **cump\u0103ra un bilet pentru o loterie \u00eentr-o \u021bar\u0103 str\u0103in\u0103**. Oferim clien\u021bilor din aproape toate \u021b\u0103rile serviciul nostru mondial.<\/p>\n<h2>Un proces simplu de cump\u0103rare online pentru urm\u0103toarele dvs. bilete de loterie.<\/h2>\n<p>Exist\u0103 doar c\u00e2\u021biva pa\u0219i pentru a ob\u021bine biletele \u0219i a participa la cele mai bune loterii pe care le ofer\u0103 lumea. Alege\u021bi o loterie, alege\u021bi numerele, \u00eenregistra\u021bi-v\u0103 \u0219i pl\u0103ti\u021bi online &#8211; asta este tot ce ave\u021bi nevoie pentru a avea \u0219ansa de a deveni urm\u0103torul milionar la loterie!<\/p>\n<h2>Nu toate loteriile au acelea\u0219i \u0219anse de c\u00e2\u0219tig<\/h2>\n<p><img decoding=\"async\" class=\"alignright wp-image-1810\" src=\"https:\/\/lottomax24.com\/wp-content\/uploads\/2021\/04\/international_jackpots.jpg\" alt=\"worldwide lotto\" \/>Este perfect logic s\u0103 cau\u021bi cele mai mari jackpoturi, dar este, de asemenea, logic s\u0103 verifici unde \u021bi se ofer\u0103 cele mai bune \u0219anse de a c\u00e2\u0219tiga un premiu mare. Unele jackpoturi cresc at\u00e2t de mult pentru c\u0103 sunt greu de c\u00e2\u0219tigat.<\/p>\n<p>Dar dac\u0103 premiul de nivel doi este \u00eenc\u0103 suficient de mare pentru a-\u021bi schimba via\u021ba? Dac\u0103 \u0219ansele de a c\u00e2\u0219tiga un premiu de nivel doi ar fi mult, mult mai bune dec\u00e2t \u0219ansele de a c\u00e2\u0219tiga jackpotul? Ei bine, avem \u0219i acest tip de loterie.<\/p>\n<h2>Unde pot g\u0103si informa\u021bii \u0219i sfaturi pentru fanii loteriei?<\/h2>\n<p>Pute\u021bi g\u0103si toate acestea aici, pe site-ul nostru web. Nu numai c\u0103 v\u0103 oferim cotele \u0219i regulile exacte pentru fiecare loterie, dar avem \u0219i articole despre tot felul de aspecte diferite ale loteriei. V\u0103 oferim sfaturi despre cum s\u0103 v\u0103 \u00eembun\u0103t\u0103\u021bi\u021bi \u0219ansele de c\u00e2\u0219tig \u0219i ve\u021bi g\u0103si, de asemenea, cele mai recente rezultate \u0219i o arhiv\u0103 cu rezultate mai vechi pentru toate loteriile pe site-ul nostru web.<\/p>\n<h2>Cele mai mari jackpoturi de loterie din \u00eentreaga lume<\/h2>\n<p>Cel mai bun aspect al ofertei noastre este c\u0103 ve\u021bi g\u0103si \u00eentotdeauna un <strong>jackpot imens pentru care merit\u0103 s\u0103 cump\u0103ra\u021bi bilete<\/strong>, iar toate jackpoturile de top sunt listate aici!<\/p>\n<h2>Ce se \u00eent\u00e2mpl\u0103 dac\u0103 c\u00e2\u0219tig?<\/h2>\n<p>A avea grij\u0103 de clien\u021bii no\u0219tri din \u00eentreaga lume atunci c\u00e2nd c\u00e2\u0219tig\u0103 este o parte important\u0103 a serviciului nostru de bilete online. C\u00e2\u0219tigurile mai mici sunt pl\u0103tite direct \u00een contul dvs. de juc\u0103tor. Pentru c\u00e2\u0219tiguri mai mari, serviciul nostru de asisten\u021b\u0103 pentru clien\u021bi v\u0103 va oferi serviciul nostru VIP pentru c\u00e2\u0219tig\u0103tori! Ve\u021bi fi pl\u0103tit integral \u0219i nu vor fi deduse niciodat\u0103 taxe sau comisioane din c\u00e2\u0219tigurile dvs., de\u0219i se aplic\u0103 reglement\u0103rile fiscale din \u021bara loteriei \u0219i din \u021bara dvs. de re\u0219edin\u021b\u0103.<\/p>\n","protected":false},"excerpt":{"rendered":"<p>Ob\u021bine bilete pentru cele mai mari loterii de pe planet\u0103 Dac\u0103 e\u0219ti un fan al loteriei care caut\u0103 loterii cu \u0219anse mai mari de c\u00e2\u0219tig \u0219i jackpoturi mai mari, atunci ai ajuns la locul potrivit. De ce s\u0103 joci la loteria local\u0103 pentru un premiu mare mic, c\u00e2nd po\u021bi juca la loterie online \u0219i ai [&hellip;]<\/p>\n","protected":false},"author":1,"featured_media":0,"parent":0,"menu_order":0,"comment_status":"closed","ping_status":"closed","template":"","meta":{"footnotes":""},"class_list":["post-152","page","type-page","status-publish","hentry"],"yoast_head":"<!-- This site is optimized with the Yoast SEO plugin v25.9 - https:\/\/yoast.com\/wordpress\/plugins\/seo\/ -->\n<title>Serviciu de bilete pentru cele mai mari jackpoturi de loterie din lume<\/title>\n<meta name=\"robots\" content=\"index, follow, max-snippet:-1, max-image-preview:large, max-video-preview:-1\" \/>\n<link rel=\"canonical\" href=\"https:\/\/lottomax24.com\/ro\/\" \/>\n<meta property=\"og:locale\" content=\"ro_RO\" \/>\n<meta property=\"og:type\" content=\"article\" \/>\n<meta property=\"og:title\" content=\"Serviciu de bilete pentru cele mai mari jackpoturi de loterie din lume\" \/>\n<meta property=\"og:description\" content=\"Ob\u021bine bilete pentru cele mai mari loterii de pe planet\u0103 Dac\u0103 e\u0219ti un fan al loteriei care caut\u0103 loterii cu \u0219anse mai mari de c\u00e2\u0219tig \u0219i jackpoturi mai mari, atunci ai ajuns la locul potrivit. De ce s\u0103 joci la loteria local\u0103 pentru un premiu mare mic, c\u00e2nd po\u021bi juca la loterie online \u0219i ai [&hellip;]\" \/>\n<meta property=\"og:url\" content=\"https:\/\/lottomax24.com\/ro\/\" \/>\n<meta name=\"twitter:card\" content=\"summary_large_image\" \/>\n<meta name=\"twitter:label1\" content=\"Timp estimat pentru citire\" \/>\n\t<meta name=\"twitter:data1\" content=\"3 minute\" \/>\n<script type=\"application\/ld+json\" class=\"yoast-schema-graph\">{\"@context\":\"https:\/\/schema.org\",\"@graph\":[{\"@type\":\"WebPage\",\"@id\":\"https:\/\/lottomax24.com\/ro\/\",\"url\":\"https:\/\/lottomax24.com\/ro\/\",\"name\":\"Serviciu de bilete pentru cele mai mari jackpoturi de loterie din lume\",\"isPartOf\":{\"@id\":\"https:\/\/lottomax24.com\/ro\/#website\"},\"primaryImageOfPage\":{\"@id\":\"https:\/\/lottomax24.com\/ro\/#primaryimage\"},\"image\":{\"@id\":\"https:\/\/lottomax24.com\/ro\/#primaryimage\"},\"thumbnailUrl\":\"https:\/\/lottomax24.com\/wp-content\/uploads\/2021\/04\/international_jackpots.jpg\",\"datePublished\":\"2024-09-09T18:24:29+00:00\",\"breadcrumb\":{\"@id\":\"https:\/\/lottomax24.com\/ro\/#breadcrumb\"},\"inLanguage\":\"ro-RO\",\"potentialAction\":[{\"@type\":\"ReadAction\",\"target\":[\"https:\/\/lottomax24.com\/ro\/\"]}]},{\"@type\":\"ImageObject\",\"inLanguage\":\"ro-RO\",\"@id\":\"https:\/\/lottomax24.com\/ro\/#primaryimage\",\"url\":\"https:\/\/lottomax24.com\/wp-content\/uploads\/2021\/04\/international_jackpots.jpg\",\"contentUrl\":\"https:\/\/lottomax24.com\/wp-content\/uploads\/2021\/04\/international_jackpots.jpg\"},{\"@type\":\"BreadcrumbList\",\"@id\":\"https:\/\/lottomax24.com\/ro\/#breadcrumb\",\"itemListElement\":[{\"@type\":\"ListItem\",\"position\":1,\"name\":\"Home\",\"item\":\"https:\/\/lottomax24.com\/ro\/acasa\/\"},{\"@type\":\"ListItem\",\"position\":2,\"name\":\"Acas\u0103\"}]},{\"@type\":\"WebSite\",\"@id\":\"https:\/\/lottomax24.com\/ro\/#website\",\"url\":\"https:\/\/lottomax24.com\/ro\/\",\"name\":\"\",\"description\":\"\",\"potentialAction\":[{\"@type\":\"SearchAction\",\"target\":{\"@type\":\"EntryPoint\",\"urlTemplate\":\"https:\/\/lottomax24.com\/ro\/?s={search_term_string}\"},\"query-input\":{\"@type\":\"PropertyValueSpecification\",\"valueRequired\":true,\"valueName\":\"search_term_string\"}}],\"inLanguage\":\"ro-RO\"}]}<\/script>\n<!-- \/ Yoast SEO plugin. -->","yoast_head_json":{"title":"Serviciu de bilete pentru cele mai mari jackpoturi de loterie din lume","robots":{"index":"index","follow":"follow","max-snippet":"max-snippet:-1","max-image-preview":"max-image-preview:large","max-video-preview":"max-video-preview:-1"},"canonical":"https:\/\/lottomax24.com\/ro\/","og_locale":"ro_RO","og_type":"article","og_title":"Serviciu de bilete pentru cele mai mari jackpoturi de loterie din lume","og_description":"Ob\u021bine bilete pentru cele mai mari loterii de pe planet\u0103 Dac\u0103 e\u0219ti un fan al loteriei care caut\u0103 loterii cu \u0219anse mai mari de c\u00e2\u0219tig \u0219i jackpoturi mai mari, atunci ai ajuns la locul potrivit. De ce s\u0103 joci la loteria local\u0103 pentru un premiu mare mic, c\u00e2nd po\u021bi juca la loterie online \u0219i ai [&hellip;]","og_url":"https:\/\/lottomax24.com\/ro\/","twitter_card":"summary_large_image","twitter_misc":{"Timp estimat pentru citire":"3 minute"},"schema":{"@context":"https:\/\/schema.org","@graph":[{"@type":"WebPage","@id":"https:\/\/lottomax24.com\/ro\/","url":"https:\/\/lottomax24.com\/ro\/","name":"Serviciu de bilete pentru cele mai mari jackpoturi de loterie din lume","isPartOf":{"@id":"https:\/\/lottomax24.com\/ro\/#website"},"primaryImageOfPage":{"@id":"https:\/\/lottomax24.com\/ro\/#primaryimage"},"image":{"@id":"https:\/\/lottomax24.com\/ro\/#primaryimage"},"thumbnailUrl":"https:\/\/lottomax24.com\/wp-content\/uploads\/2021\/04\/international_jackpots.jpg","datePublished":"2024-09-09T18:24:29+00:00","breadcrumb":{"@id":"https:\/\/lottomax24.com\/ro\/#breadcrumb"},"inLanguage":"ro-RO","potentialAction":[{"@type":"ReadAction","target":["https:\/\/lottomax24.com\/ro\/"]}]},{"@type":"ImageObject","inLanguage":"ro-RO","@id":"https:\/\/lottomax24.com\/ro\/#primaryimage","url":"https:\/\/lottomax24.com\/wp-content\/uploads\/2021\/04\/international_jackpots.jpg","contentUrl":"https:\/\/lottomax24.com\/wp-content\/uploads\/2021\/04\/international_jackpots.jpg"},{"@type":"BreadcrumbList","@id":"https:\/\/lottomax24.com\/ro\/#breadcrumb","itemListElement":[{"@type":"ListItem","position":1,"name":"Home","item":"https:\/\/lottomax24.com\/ro\/acasa\/"},{"@type":"ListItem","position":2,"name":"Acas\u0103"}]},{"@type":"WebSite","@id":"https:\/\/lottomax24.com\/ro\/#website","url":"https:\/\/lottomax24.com\/ro\/","name":"","description":"","potentialAction":[{"@type":"SearchAction","target":{"@type":"EntryPoint","urlTemplate":"https:\/\/lottomax24.com\/ro\/?s={search_term_string}"},"query-input":{"@type":"PropertyValueSpecification","valueRequired":true,"valueName":"search_term_string"}}],"inLanguage":"ro-RO"}]}},"_links":{"self":[{"href":"https:\/\/lottomax24.com\/ro\/wp-json\/wp\/v2\/pages\/152","targetHints":{"allow":["GET"]}}],"collection":[{"href":"https:\/\/lottomax24.com\/ro\/wp-json\/wp\/v2\/pages"}],"about":[{"href":"https:\/\/lottomax24.com\/ro\/wp-json\/wp\/v2\/types\/page"}],"author":[{"embeddable":true,"href":"https:\/\/lottomax24.com\/ro\/wp-json\/wp\/v2\/users\/1"}],"replies":[{"embeddable":true,"href":"https:\/\/lottomax24.com\/ro\/wp-json\/wp\/v2\/comments?post=152"}],"version-history":[{"count":0,"href":"https:\/\/lottomax24.com\/ro\/wp-json\/wp\/v2\/pages\/152\/revisions"}],"wp:attachment":[{"href":"https:\/\/lottomax24.com\/ro\/wp-json\/wp\/v2\/media?parent=152"}],"curies":[{"name":"wp","href":"https:\/\/api.w.org\/{rel}","templated":true}]}}