{"id":436,"date":"2024-09-09T19:24:29","date_gmt":"2024-09-09T18:24:29","guid":{"rendered":"https:\/\/lottomax24.com\/domov\/"},"modified":"2024-09-09T19:24:29","modified_gmt":"2024-09-09T18:24:29","slug":"domov","status":"publish","type":"page","link":"https:\/\/lottomax24.com\/sk\/","title":{"rendered":"Domov"},"content":{"rendered":"<h2>Z\u00edskajte tikety do najv\u00e4\u010d\u0161\u00edch lot\u00e9ri\u00ed na plan\u00e9te<\/h2>\n<p>Ak ste fan\u00fa\u0161ikom lot\u00e9rie a h\u013ead\u00e1te lot\u00e9rie s <strong>lep\u0161ou \u0161ancou na v\u00fdhru a v\u00e4\u010d\u0161\u00edmi jackpotmi<\/strong>, ste na spr\u00e1vnom mieste. Pre\u010do hra\u0165 v miestnej lot\u00e9rii o mal\u00fa hlavn\u00fa cenu, ke\u010f si m\u00f4\u017eete zahra\u0165 lot\u00e9riu online a ma\u0165 v\u00e4\u010d\u0161\u00ed v\u00fdber?<\/p>\n<p>Pozrite si <a href=\"https:\/\/RedFoxLotto.com\">RedFoxLotto.com<\/a> a <a href=\"https:\/\/Simbalotto.com\">Simbalotto.com<\/a>, dve z najlep\u0161\u00edch webov\u00fdch str\u00e1nok na \u00fa\u010das\u0165 v najv\u00e4\u010d\u0161\u00edch medzin\u00e1rodn\u00fdch jackpotoch.<\/p>\n<p>Existuj\u00fa ve\u013ek\u00e9 lot\u00e9rie a potom existuj\u00fa megalot\u00e9rie. Predstavte si jackpot lot\u00e9rie v stovk\u00e1ch mili\u00f3nov \u2013 n\u00e1jdete ich tu! Lot\u00e9rie ako Mega Millions, Powerball, Euromillions, Eurojackpot, SuperEnalotto a sl\u00e1vna lot\u00e9ria El Gordo maj\u00fa tak\u00e9to jackpoty pravidelne.<\/p>\n<p>Vedeli ste, \u017ee Mega Millions aj Powerball mali **jackpoty viac ako 1 500 mili\u00f3nov dol\u00e1rov**? Je \u0165a\u017ek\u00e9 si predstavi\u0165, \u017ee by ste v lot\u00e9rii vyhrali viac ako miliardu, ale je to mo\u017en\u00e9!<br \/>\n**Krajina v\u00e1\u0161ho bydliska nez\u00e1le\u017e\u00ed \u2013 k\u00fapte si tikety online!**<br \/>\nKe\u010f si kupujete tikety online, nez\u00e1le\u017e\u00ed na tom, kde b\u00fdvate. Nemus\u00edte cestova\u0165, aby ste si **k\u00fapili tiket do lot\u00e9rie v cudzej krajine**. Na\u0161e celosvetov\u00e9 slu\u017eby poskytujeme z\u00e1kazn\u00edkom z takmer v\u0161etk\u00fdch kraj\u00edn.<br \/>\n**Jednoduch\u00fd online proces n\u00e1kupu va\u0161ich \u010fal\u0161\u00edch tiketov.**<\/p>\n<p>Na z\u00edskanie tiketov a \u00fa\u010das\u0165 v najlep\u0161\u00edch lot\u00e9ri\u00e1ch, ktor\u00e9 svet pon\u00faka, sta\u010d\u00ed urobi\u0165 len nieko\u013eko krokov. Vyberte si lot\u00e9riu, vyberte si \u010d\u00edsla, zaregistrujte sa a zapla\u0165te online \u2013 to je v\u0161etko, \u010do potrebujete, aby ste sa stali \u010fal\u0161\u00edm lot\u00e9riov\u00fdm milion\u00e1rom!** <\/p>\n<h2>Nie v\u0161etky lot\u00e9rie maj\u00fa rovnak\u00fa \u0161ancu na v\u00fdhru<\/h2>\n<p><img decoding=\"async\" class=\"alignright wp-image-1810\" src=\"https:\/\/lottomax24.com\/wp-content\/uploads\/2021\/04\/international_jackpots.jpg\" alt=\"worldwide lotto\" \/>Je \u00faplne logick\u00e9 h\u013eada\u0165 najv\u00e4\u010d\u0161ie jackpoty, ale m\u00e1 tie\u017e zmysel skontrolova\u0165, kde v\u00e1m pon\u00fakaj\u00fa najlep\u0161ie \u0161ance na v\u00fdhru ve\u013ekej ceny. Niektor\u00e9 jackpoty rast\u00fa tak ve\u013emi, preto\u017ee je \u0165a\u017ek\u00e9 ich vyhra\u0165.<\/p>\n<p>Ale \u010do ak je v\u00fdhra druhej \u00farovne st\u00e1le dostato\u010dne ve\u013ek\u00e1 na to, aby v\u00e1m zmenila \u017eivot? \u010co ak s\u00fa \u0161ance na v\u00fdhru v\u00fdhry druhej \u00farovne ove\u013ea, ove\u013ea lep\u0161ie ako \u0161ance na prehratie jackpotu? Nu\u017e, aj tento typ lot\u00e9rie m\u00e1me.<\/p>\n<h2>Kde n\u00e1jdem inform\u00e1cie a tipy pre fan\u00fa\u0161ikov lot\u00e9rie?<\/h2>\n<p>To v\u0161etko n\u00e1jdete tu na na\u0161ej webovej str\u00e1nke. Nielen\u017ee v\u00e1m poskytujeme presn\u00e9 kurzy a pravidl\u00e1 pre ka\u017ed\u00fa lot\u00e9riu, ale m\u00e1me aj \u010dl\u00e1nky o v\u0161etk\u00fdch mo\u017en\u00fdch aspektoch lot\u00e9rie. Poskytujeme v\u00e1m rady, ako zlep\u0161i\u0165 svoje \u0161ance na v\u00fdhru, a na na\u0161ej webovej str\u00e1nke n\u00e1jdete aj najnov\u0161ie v\u00fdsledky a arch\u00edv star\u0161\u00edch v\u00fdsledkov v\u0161etk\u00fdch lot\u00e9ri\u00ed.<\/p>\n<h2>Najv\u00e4\u010d\u0161ie jackpoty lot\u00e9rie na svete<\/h2>\n<p>Najlep\u0161ia \u010das\u0165 na\u0161ej ponuky je, \u017ee u n\u00e1s v\u017edy n\u00e1jdete <strong>obrovsk\u00fd jackpot, za ktor\u00fd sa oplat\u00ed k\u00fapi\u0165 tikety<\/strong>, a v\u0161etky najvy\u0161\u0161ie jackpoty s\u00fa uveden\u00e9 tu!<\/p>\n<h2>\u010co ak vyhr\u00e1m?<\/h2>\n<p>Starostlivos\u0165 o na\u0161ich z\u00e1kazn\u00edkov na celom svete, ke\u010f vyhraj\u00fa, je d\u00f4le\u017eitou s\u00fa\u010das\u0165ou na\u0161ej online slu\u017eby s tikety. Men\u0161ie v\u00fdhry sa vypl\u00e1caj\u00fa priamo na v\u00e1\u0161 hr\u00e1\u010dsky \u00fa\u010det. V pr\u00edpade v\u00e4\u010d\u0161\u00edch v\u00fdhier v\u00e1m na\u0161a z\u00e1kazn\u00edcka podpora poskytne VIP slu\u017ebu pre v\u00ed\u0165azov! Dostanete pln\u00fa v\u00fdhru a z va\u0161ich v\u00fdhier sa nikdy neodpo\u010d\u00edtaj\u00fa \u017eiadne poplatky ani prov\u00edzie, hoci platia da\u0148ov\u00e9 predpisy v krajine lot\u00e9rie a vo va\u0161ej krajine bydliska.<\/p>\n","protected":false},"excerpt":{"rendered":"<p>Z\u00edskajte tikety do najv\u00e4\u010d\u0161\u00edch lot\u00e9ri\u00ed na plan\u00e9te Ak ste fan\u00fa\u0161ikom lot\u00e9rie a h\u013ead\u00e1te lot\u00e9rie s lep\u0161ou \u0161ancou na v\u00fdhru a v\u00e4\u010d\u0161\u00edmi jackpotmi, ste na spr\u00e1vnom mieste. Pre\u010do hra\u0165 v miestnej lot\u00e9rii o mal\u00fa hlavn\u00fa cenu, ke\u010f si m\u00f4\u017eete zahra\u0165 lot\u00e9riu online a ma\u0165 v\u00e4\u010d\u0161\u00ed v\u00fdber? Pozrite si RedFoxLotto.com a Simbalotto.com, dve z najlep\u0161\u00edch webov\u00fdch str\u00e1nok [&hellip;]<\/p>\n","protected":false},"author":1,"featured_media":0,"parent":0,"menu_order":0,"comment_status":"closed","ping_status":"closed","template":"","meta":{"footnotes":""},"class_list":["post-436","page","type-page","status-publish","hentry"],"yoast_head":"<!-- This site is optimized with the Yoast SEO plugin v25.9 - https:\/\/yoast.com\/wordpress\/plugins\/seo\/ -->\n<title>Predaj l\u00edstkov na najv\u00e4\u010d\u0161ie jackpoty lot\u00e9rie na svete<\/title>\n<meta name=\"robots\" content=\"index, follow, max-snippet:-1, max-image-preview:large, max-video-preview:-1\" \/>\n<link rel=\"canonical\" href=\"https:\/\/lottomax24.com\/sk\/\" \/>\n<meta property=\"og:locale\" content=\"sk_SK\" \/>\n<meta property=\"og:type\" content=\"article\" \/>\n<meta property=\"og:title\" content=\"Predaj l\u00edstkov na najv\u00e4\u010d\u0161ie jackpoty lot\u00e9rie na svete\" \/>\n<meta property=\"og:description\" content=\"Z\u00edskajte tikety do najv\u00e4\u010d\u0161\u00edch lot\u00e9ri\u00ed na plan\u00e9te Ak ste fan\u00fa\u0161ikom lot\u00e9rie a h\u013ead\u00e1te lot\u00e9rie s lep\u0161ou \u0161ancou na v\u00fdhru a v\u00e4\u010d\u0161\u00edmi jackpotmi, ste na spr\u00e1vnom mieste. Pre\u010do hra\u0165 v miestnej lot\u00e9rii o mal\u00fa hlavn\u00fa cenu, ke\u010f si m\u00f4\u017eete zahra\u0165 lot\u00e9riu online a ma\u0165 v\u00e4\u010d\u0161\u00ed v\u00fdber? Pozrite si RedFoxLotto.com a Simbalotto.com, dve z najlep\u0161\u00edch webov\u00fdch str\u00e1nok [&hellip;]\" \/>\n<meta property=\"og:url\" content=\"https:\/\/lottomax24.com\/sk\/\" \/>\n<meta name=\"twitter:card\" content=\"summary_large_image\" \/>\n<meta name=\"twitter:label1\" content=\"Predpokladan\u00fd \u010das \u010d\u00edtania\" \/>\n\t<meta name=\"twitter:data1\" content=\"3 min\u00faty\" \/>\n<script type=\"application\/ld+json\" class=\"yoast-schema-graph\">{\"@context\":\"https:\/\/schema.org\",\"@graph\":[{\"@type\":\"WebPage\",\"@id\":\"https:\/\/lottomax24.com\/sk\/\",\"url\":\"https:\/\/lottomax24.com\/sk\/\",\"name\":\"Predaj l\u00edstkov na najv\u00e4\u010d\u0161ie jackpoty lot\u00e9rie na svete\",\"isPartOf\":{\"@id\":\"https:\/\/lottomax24.com\/sk\/#website\"},\"primaryImageOfPage\":{\"@id\":\"https:\/\/lottomax24.com\/sk\/#primaryimage\"},\"image\":{\"@id\":\"https:\/\/lottomax24.com\/sk\/#primaryimage\"},\"thumbnailUrl\":\"https:\/\/lottomax24.com\/wp-content\/uploads\/2021\/04\/international_jackpots.jpg\",\"datePublished\":\"2024-09-09T18:24:29+00:00\",\"breadcrumb\":{\"@id\":\"https:\/\/lottomax24.com\/sk\/#breadcrumb\"},\"inLanguage\":\"sk-SK\",\"potentialAction\":[{\"@type\":\"ReadAction\",\"target\":[\"https:\/\/lottomax24.com\/sk\/\"]}]},{\"@type\":\"ImageObject\",\"inLanguage\":\"sk-SK\",\"@id\":\"https:\/\/lottomax24.com\/sk\/#primaryimage\",\"url\":\"https:\/\/lottomax24.com\/wp-content\/uploads\/2021\/04\/international_jackpots.jpg\",\"contentUrl\":\"https:\/\/lottomax24.com\/wp-content\/uploads\/2021\/04\/international_jackpots.jpg\"},{\"@type\":\"BreadcrumbList\",\"@id\":\"https:\/\/lottomax24.com\/sk\/#breadcrumb\",\"itemListElement\":[{\"@type\":\"ListItem\",\"position\":1,\"name\":\"Home\",\"item\":\"https:\/\/lottomax24.com\/sk\/domov\/\"},{\"@type\":\"ListItem\",\"position\":2,\"name\":\"Domov\"}]},{\"@type\":\"WebSite\",\"@id\":\"https:\/\/lottomax24.com\/sk\/#website\",\"url\":\"https:\/\/lottomax24.com\/sk\/\",\"name\":\"\",\"description\":\"\",\"potentialAction\":[{\"@type\":\"SearchAction\",\"target\":{\"@type\":\"EntryPoint\",\"urlTemplate\":\"https:\/\/lottomax24.com\/sk\/?s={search_term_string}\"},\"query-input\":{\"@type\":\"PropertyValueSpecification\",\"valueRequired\":true,\"valueName\":\"search_term_string\"}}],\"inLanguage\":\"sk-SK\"}]}<\/script>\n<!-- \/ Yoast SEO plugin. -->","yoast_head_json":{"title":"Predaj l\u00edstkov na najv\u00e4\u010d\u0161ie jackpoty lot\u00e9rie na svete","robots":{"index":"index","follow":"follow","max-snippet":"max-snippet:-1","max-image-preview":"max-image-preview:large","max-video-preview":"max-video-preview:-1"},"canonical":"https:\/\/lottomax24.com\/sk\/","og_locale":"sk_SK","og_type":"article","og_title":"Predaj l\u00edstkov na najv\u00e4\u010d\u0161ie jackpoty lot\u00e9rie na svete","og_description":"Z\u00edskajte tikety do najv\u00e4\u010d\u0161\u00edch lot\u00e9ri\u00ed na plan\u00e9te Ak ste fan\u00fa\u0161ikom lot\u00e9rie a h\u013ead\u00e1te lot\u00e9rie s lep\u0161ou \u0161ancou na v\u00fdhru a v\u00e4\u010d\u0161\u00edmi jackpotmi, ste na spr\u00e1vnom mieste. Pre\u010do hra\u0165 v miestnej lot\u00e9rii o mal\u00fa hlavn\u00fa cenu, ke\u010f si m\u00f4\u017eete zahra\u0165 lot\u00e9riu online a ma\u0165 v\u00e4\u010d\u0161\u00ed v\u00fdber? Pozrite si RedFoxLotto.com a Simbalotto.com, dve z najlep\u0161\u00edch webov\u00fdch str\u00e1nok [&hellip;]","og_url":"https:\/\/lottomax24.com\/sk\/","twitter_card":"summary_large_image","twitter_misc":{"Predpokladan\u00fd \u010das \u010d\u00edtania":"3 min\u00faty"},"schema":{"@context":"https:\/\/schema.org","@graph":[{"@type":"WebPage","@id":"https:\/\/lottomax24.com\/sk\/","url":"https:\/\/lottomax24.com\/sk\/","name":"Predaj l\u00edstkov na najv\u00e4\u010d\u0161ie jackpoty lot\u00e9rie na svete","isPartOf":{"@id":"https:\/\/lottomax24.com\/sk\/#website"},"primaryImageOfPage":{"@id":"https:\/\/lottomax24.com\/sk\/#primaryimage"},"image":{"@id":"https:\/\/lottomax24.com\/sk\/#primaryimage"},"thumbnailUrl":"https:\/\/lottomax24.com\/wp-content\/uploads\/2021\/04\/international_jackpots.jpg","datePublished":"2024-09-09T18:24:29+00:00","breadcrumb":{"@id":"https:\/\/lottomax24.com\/sk\/#breadcrumb"},"inLanguage":"sk-SK","potentialAction":[{"@type":"ReadAction","target":["https:\/\/lottomax24.com\/sk\/"]}]},{"@type":"ImageObject","inLanguage":"sk-SK","@id":"https:\/\/lottomax24.com\/sk\/#primaryimage","url":"https:\/\/lottomax24.com\/wp-content\/uploads\/2021\/04\/international_jackpots.jpg","contentUrl":"https:\/\/lottomax24.com\/wp-content\/uploads\/2021\/04\/international_jackpots.jpg"},{"@type":"BreadcrumbList","@id":"https:\/\/lottomax24.com\/sk\/#breadcrumb","itemListElement":[{"@type":"ListItem","position":1,"name":"Home","item":"https:\/\/lottomax24.com\/sk\/domov\/"},{"@type":"ListItem","position":2,"name":"Domov"}]},{"@type":"WebSite","@id":"https:\/\/lottomax24.com\/sk\/#website","url":"https:\/\/lottomax24.com\/sk\/","name":"","description":"","potentialAction":[{"@type":"SearchAction","target":{"@type":"EntryPoint","urlTemplate":"https:\/\/lottomax24.com\/sk\/?s={search_term_string}"},"query-input":{"@type":"PropertyValueSpecification","valueRequired":true,"valueName":"search_term_string"}}],"inLanguage":"sk-SK"}]}},"_links":{"self":[{"href":"https:\/\/lottomax24.com\/sk\/wp-json\/wp\/v2\/pages\/436","targetHints":{"allow":["GET"]}}],"collection":[{"href":"https:\/\/lottomax24.com\/sk\/wp-json\/wp\/v2\/pages"}],"about":[{"href":"https:\/\/lottomax24.com\/sk\/wp-json\/wp\/v2\/types\/page"}],"author":[{"embeddable":true,"href":"https:\/\/lottomax24.com\/sk\/wp-json\/wp\/v2\/users\/1"}],"replies":[{"embeddable":true,"href":"https:\/\/lottomax24.com\/sk\/wp-json\/wp\/v2\/comments?post=436"}],"version-history":[{"count":0,"href":"https:\/\/lottomax24.com\/sk\/wp-json\/wp\/v2\/pages\/436\/revisions"}],"wp:attachment":[{"href":"https:\/\/lottomax24.com\/sk\/wp-json\/wp\/v2\/media?parent=436"}],"curies":[{"name":"wp","href":"https:\/\/api.w.org\/{rel}","templated":true}]}}