{"id":437,"date":"2024-09-09T19:24:29","date_gmt":"2024-09-09T18:24:29","guid":{"rendered":"https:\/\/lottomax24.com\/domov\/"},"modified":"2024-09-09T19:24:29","modified_gmt":"2024-09-09T18:24:29","slug":"domov","status":"publish","type":"page","link":"https:\/\/lottomax24.com\/sl\/","title":{"rendered":"Domov"},"content":{"rendered":"<h2>Pridobite sre\u010dke za najve\u010dje loterije na planetu<\/h2>\n<p>\u010ce ste ljubitelj lota in i\u0161\u010dete loterije z <strong>bolj\u0161imi mo\u017enostmi za zmago in ve\u010djimi jackpoti,<\/strong> ste pri\u0161li na pravo mesto. Zakaj bi igrali lokalno loterijo za majhno glavno nagrado, ko pa lahko loto igrate na spletu in imate ve\u010djo izbiro?<\/p>\n<p>Oglejte si <a href=\"https:\/\/RedFoxLotto.com\">RedFoxLotto.com<\/a> in <a href=\"https:\/\/Simbalotto.com\">Simbalotto.com<\/a>, dve najbolj\u0161i spletni strani za sodelovanje v najve\u010djih mednarodnih jackpotih.<\/p>\n<p>Obstajajo velike loterije in potem obstajajo megaloterije. Predstavljajte si jackpot lota v vi\u0161ini stotin milijonov \u2013 najdete jih tukaj! Loterije, kot so Mega Millions, Powerball, Euromillions, Eurojackpot, SuperEnalotto in znana loterija El Gordo, imajo tak\u0161ne jackpote redno.<\/p>\n<p>Ste vedeli, da sta imela tako Mega Millions kot Powerball **jackpote v vi\u0161ini ve\u010d kot 1.500 milijonov dolarjev**? Te\u017eko si je predstavljati, da bi na loteriji osvojili ve\u010d kot milijardo dolarjev, vendar je to mogo\u010de!<\/p>\n<h2>Va\u0161a dr\u017eava stalnega prebivali\u0161\u010da ni pomembna \u2013 kupite sre\u010dke na spletu!<\/h2>\n<p>Ko kupujete loterijske sre\u010dke na spletu, ni pomembno, kje \u017eivite. Ni vam treba potovati, da bi <strong>kupili sre\u010dko za loterijo v tuji dr\u017eavi<\/strong>. Strankam iz skoraj vseh dr\u017eav nudimo na\u0161o svetovno storitev.<\/p>\n<h2>Preprost postopek spletnega nakupa za va\u0161e naslednje loterijske sre\u010dke.<\/h2>\n<p>Za pridobitev sre\u010dk in sodelovanje v najbolj\u0161ih loterijah na svetu je potrebnih le nekaj korakov. Izberite loterijo, izberite \u0161tevilke, registrirajte se in pla\u010dajte na spletu \u2013 to je vse, kar potrebujete, da postanete naslednji loto milijonar!<\/p>\n<h2>Vse loterije nimajo enakih mo\u017enosti za zmago<\/h2>\n<p><img decoding=\"async\" class=\"alignright wp-image-1810\" src=\"https:\/\/lottomax24.com\/wp-content\/uploads\/2021\/04\/international_jackpots.jpg\" alt=\"worldwide lotto\" \/>Popolnoma logi\u010dno je iskati najve\u010dje jackpote, smiselno pa je tudi preveriti, kje vam ponujajo najbolj\u0161e mo\u017enosti za osvojitev velike nagrade. Nekateri jackpoti tako zelo narastejo, ker jih je te\u017eko osvojiti.<\/p>\n<p>Kaj pa, \u010de je nagrada drugega reda \u0161e vedno dovolj velika, da vam spremeni \u017eivljenje? Kaj pa, \u010de so mo\u017enosti za osvojitev nagrade drugega reda veliko, veliko bolj\u0161e od mo\u017enosti za osvojitev jackpota? No, tudi tovrstno loterijo imamo.<\/p>\n<h2>Kje lahko najdem informacije in nasvete za ljubitelje lota?<\/h2>\n<p>Vse to najdete tukaj na na\u0161i spletni strani. Ne le, da vam podamo natan\u010dne kvote in pravila za vsako loterijo, ampak imamo tudi \u010dlanke o vseh vrstah razli\u010dnih vidikov loterije. Ponujamo vam nasvete o tem, kako izbolj\u0161ati svoje mo\u017enosti za zmago, na na\u0161i spletni strani pa boste na\u0161li tudi najnovej\u0161e rezultate in arhiv starej\u0161ih rezultatov za vse loterije.<\/p>\n<h2>Najve\u010dji jackpoti loterije po vsem svetu<\/h2>\n<p>Najbolj\u0161i del na\u0161e ponudbe je, da boste vedno na\u0161li <strong>ogromen jackpot, za katerega se spla\u010da kupiti sre\u010dke<\/strong>, in vsi najve\u010dji jackpoti so navedeni tukaj!<\/p>\n<h2>Kaj \u010de zmagam?<\/h2>\n<p>Skrb za na\u0161e stranke po vsem svetu, ko zmagajo, je pomemben del na\u0161e spletne storitve za sre\u010dke. Manj\u0161i dobitki se izpla\u010dajo neposredno na va\u0161 igralni ra\u010dun. Za ve\u010dje dobitke vam bo na\u0161a podpora strankam zagotovila na\u0161o VIP storitev za zmagovalce! Izpla\u010dani boste v celoti in od va\u0161ih dobitkov ne bodo nikoli od\u0161tete nobene provizije ali pristojbine, \u010deprav veljajo dav\u010dni predpisi v dr\u017eavi loterije in v va\u0161i dr\u017eavi stalnega prebivali\u0161\u010da.<\/p>\n","protected":false},"excerpt":{"rendered":"<p>Pridobite sre\u010dke za najve\u010dje loterije na planetu \u010ce ste ljubitelj lota in i\u0161\u010dete loterije z bolj\u0161imi mo\u017enostmi za zmago in ve\u010djimi jackpoti, ste pri\u0161li na pravo mesto. Zakaj bi igrali lokalno loterijo za majhno glavno nagrado, ko pa lahko loto igrate na spletu in imate ve\u010djo izbiro? Oglejte si RedFoxLotto.com in Simbalotto.com, dve najbolj\u0161i spletni [&hellip;]<\/p>\n","protected":false},"author":1,"featured_media":0,"parent":0,"menu_order":0,"comment_status":"closed","ping_status":"closed","template":"","meta":{"footnotes":""},"class_list":["post-437","page","type-page","status-publish","hentry"],"yoast_head":"<!-- This site is optimized with the Yoast SEO plugin v25.9 - https:\/\/yoast.com\/wordpress\/plugins\/seo\/ -->\n<title>Storitev prodaje vstopnic za najve\u010dje svetovne loterijske jackpote<\/title>\n<meta name=\"robots\" content=\"index, follow, max-snippet:-1, max-image-preview:large, max-video-preview:-1\" \/>\n<link rel=\"canonical\" href=\"https:\/\/lottomax24.com\/sl\/\" \/>\n<meta property=\"og:locale\" content=\"sl_SI\" \/>\n<meta property=\"og:type\" content=\"article\" \/>\n<meta property=\"og:title\" content=\"Storitev prodaje vstopnic za najve\u010dje svetovne loterijske jackpote\" \/>\n<meta property=\"og:description\" content=\"Pridobite sre\u010dke za najve\u010dje loterije na planetu \u010ce ste ljubitelj lota in i\u0161\u010dete loterije z bolj\u0161imi mo\u017enostmi za zmago in ve\u010djimi jackpoti, ste pri\u0161li na pravo mesto. Zakaj bi igrali lokalno loterijo za majhno glavno nagrado, ko pa lahko loto igrate na spletu in imate ve\u010djo izbiro? Oglejte si RedFoxLotto.com in Simbalotto.com, dve najbolj\u0161i spletni [&hellip;]\" \/>\n<meta property=\"og:url\" content=\"https:\/\/lottomax24.com\/sl\/\" \/>\n<meta name=\"twitter:card\" content=\"summary_large_image\" \/>\n<meta name=\"twitter:label1\" content=\"Est. reading time\" \/>\n\t<meta name=\"twitter:data1\" content=\"3 minute\" \/>\n<script type=\"application\/ld+json\" class=\"yoast-schema-graph\">{\"@context\":\"https:\/\/schema.org\",\"@graph\":[{\"@type\":\"WebPage\",\"@id\":\"https:\/\/lottomax24.com\/sl\/\",\"url\":\"https:\/\/lottomax24.com\/sl\/\",\"name\":\"Storitev prodaje vstopnic za najve\u010dje svetovne loterijske jackpote\",\"isPartOf\":{\"@id\":\"https:\/\/lottomax24.com\/sl\/#website\"},\"primaryImageOfPage\":{\"@id\":\"https:\/\/lottomax24.com\/sl\/#primaryimage\"},\"image\":{\"@id\":\"https:\/\/lottomax24.com\/sl\/#primaryimage\"},\"thumbnailUrl\":\"https:\/\/lottomax24.com\/wp-content\/uploads\/2021\/04\/international_jackpots.jpg\",\"datePublished\":\"2024-09-09T18:24:29+00:00\",\"breadcrumb\":{\"@id\":\"https:\/\/lottomax24.com\/sl\/#breadcrumb\"},\"inLanguage\":\"sl-SI\",\"potentialAction\":[{\"@type\":\"ReadAction\",\"target\":[\"https:\/\/lottomax24.com\/sl\/\"]}]},{\"@type\":\"ImageObject\",\"inLanguage\":\"sl-SI\",\"@id\":\"https:\/\/lottomax24.com\/sl\/#primaryimage\",\"url\":\"https:\/\/lottomax24.com\/wp-content\/uploads\/2021\/04\/international_jackpots.jpg\",\"contentUrl\":\"https:\/\/lottomax24.com\/wp-content\/uploads\/2021\/04\/international_jackpots.jpg\"},{\"@type\":\"BreadcrumbList\",\"@id\":\"https:\/\/lottomax24.com\/sl\/#breadcrumb\",\"itemListElement\":[{\"@type\":\"ListItem\",\"position\":1,\"name\":\"Home\",\"item\":\"https:\/\/lottomax24.com\/sl\/domov\/\"},{\"@type\":\"ListItem\",\"position\":2,\"name\":\"Domov\"}]},{\"@type\":\"WebSite\",\"@id\":\"https:\/\/lottomax24.com\/sl\/#website\",\"url\":\"https:\/\/lottomax24.com\/sl\/\",\"name\":\"\",\"description\":\"\",\"potentialAction\":[{\"@type\":\"SearchAction\",\"target\":{\"@type\":\"EntryPoint\",\"urlTemplate\":\"https:\/\/lottomax24.com\/sl\/?s={search_term_string}\"},\"query-input\":{\"@type\":\"PropertyValueSpecification\",\"valueRequired\":true,\"valueName\":\"search_term_string\"}}],\"inLanguage\":\"sl-SI\"}]}<\/script>\n<!-- \/ Yoast SEO plugin. -->","yoast_head_json":{"title":"Storitev prodaje vstopnic za najve\u010dje svetovne loterijske jackpote","robots":{"index":"index","follow":"follow","max-snippet":"max-snippet:-1","max-image-preview":"max-image-preview:large","max-video-preview":"max-video-preview:-1"},"canonical":"https:\/\/lottomax24.com\/sl\/","og_locale":"sl_SI","og_type":"article","og_title":"Storitev prodaje vstopnic za najve\u010dje svetovne loterijske jackpote","og_description":"Pridobite sre\u010dke za najve\u010dje loterije na planetu \u010ce ste ljubitelj lota in i\u0161\u010dete loterije z bolj\u0161imi mo\u017enostmi za zmago in ve\u010djimi jackpoti, ste pri\u0161li na pravo mesto. Zakaj bi igrali lokalno loterijo za majhno glavno nagrado, ko pa lahko loto igrate na spletu in imate ve\u010djo izbiro? Oglejte si RedFoxLotto.com in Simbalotto.com, dve najbolj\u0161i spletni [&hellip;]","og_url":"https:\/\/lottomax24.com\/sl\/","twitter_card":"summary_large_image","twitter_misc":{"Est. reading time":"3 minute"},"schema":{"@context":"https:\/\/schema.org","@graph":[{"@type":"WebPage","@id":"https:\/\/lottomax24.com\/sl\/","url":"https:\/\/lottomax24.com\/sl\/","name":"Storitev prodaje vstopnic za najve\u010dje svetovne loterijske jackpote","isPartOf":{"@id":"https:\/\/lottomax24.com\/sl\/#website"},"primaryImageOfPage":{"@id":"https:\/\/lottomax24.com\/sl\/#primaryimage"},"image":{"@id":"https:\/\/lottomax24.com\/sl\/#primaryimage"},"thumbnailUrl":"https:\/\/lottomax24.com\/wp-content\/uploads\/2021\/04\/international_jackpots.jpg","datePublished":"2024-09-09T18:24:29+00:00","breadcrumb":{"@id":"https:\/\/lottomax24.com\/sl\/#breadcrumb"},"inLanguage":"sl-SI","potentialAction":[{"@type":"ReadAction","target":["https:\/\/lottomax24.com\/sl\/"]}]},{"@type":"ImageObject","inLanguage":"sl-SI","@id":"https:\/\/lottomax24.com\/sl\/#primaryimage","url":"https:\/\/lottomax24.com\/wp-content\/uploads\/2021\/04\/international_jackpots.jpg","contentUrl":"https:\/\/lottomax24.com\/wp-content\/uploads\/2021\/04\/international_jackpots.jpg"},{"@type":"BreadcrumbList","@id":"https:\/\/lottomax24.com\/sl\/#breadcrumb","itemListElement":[{"@type":"ListItem","position":1,"name":"Home","item":"https:\/\/lottomax24.com\/sl\/domov\/"},{"@type":"ListItem","position":2,"name":"Domov"}]},{"@type":"WebSite","@id":"https:\/\/lottomax24.com\/sl\/#website","url":"https:\/\/lottomax24.com\/sl\/","name":"","description":"","potentialAction":[{"@type":"SearchAction","target":{"@type":"EntryPoint","urlTemplate":"https:\/\/lottomax24.com\/sl\/?s={search_term_string}"},"query-input":{"@type":"PropertyValueSpecification","valueRequired":true,"valueName":"search_term_string"}}],"inLanguage":"sl-SI"}]}},"_links":{"self":[{"href":"https:\/\/lottomax24.com\/sl\/wp-json\/wp\/v2\/pages\/437","targetHints":{"allow":["GET"]}}],"collection":[{"href":"https:\/\/lottomax24.com\/sl\/wp-json\/wp\/v2\/pages"}],"about":[{"href":"https:\/\/lottomax24.com\/sl\/wp-json\/wp\/v2\/types\/page"}],"author":[{"embeddable":true,"href":"https:\/\/lottomax24.com\/sl\/wp-json\/wp\/v2\/users\/1"}],"replies":[{"embeddable":true,"href":"https:\/\/lottomax24.com\/sl\/wp-json\/wp\/v2\/comments?post=437"}],"version-history":[{"count":0,"href":"https:\/\/lottomax24.com\/sl\/wp-json\/wp\/v2\/pages\/437\/revisions"}],"wp:attachment":[{"href":"https:\/\/lottomax24.com\/sl\/wp-json\/wp\/v2\/media?parent=437"}],"curies":[{"name":"wp","href":"https:\/\/api.w.org\/{rel}","templated":true}]}}