{"id":438,"date":"2024-09-09T19:24:29","date_gmt":"2024-09-09T18:24:29","guid":{"rendered":"https:\/\/lottomax24.com\/hem\/"},"modified":"2024-09-09T19:24:29","modified_gmt":"2024-09-09T18:24:29","slug":"hem","status":"publish","type":"page","link":"https:\/\/lottomax24.com\/sv\/","title":{"rendered":"Hem"},"content":{"rendered":"<h2>Skaffa lotter till de st\u00f6rsta lotterierna p\u00e5 planeten<\/h2>\n<p>Om du \u00e4r ett lottofan som letar efter lotterier med <strong>b\u00e4ttre vinstchanser och st\u00f6rre jackpottar<\/strong>, d\u00e5 har du kommit till r\u00e4tt st\u00e4lle. Varf\u00f6r spela ditt lokala lotteri om ett litet topppris n\u00e4r du kan spela lotto online och ha fler valm\u00f6jligheter?<\/p>\n<p>Kolla in <a href=\"https:\/\/RedFoxLotto.com\">RedFoxLotto.com<\/a> och <a href=\"https:\/\/Simbalotto.com\">Simbalotto.com<\/a>, tv\u00e5 av de b\u00e4sta webbplatserna f\u00f6r att delta i de st\u00f6rsta internationella jackpottarna.<\/p>\n<p>Det finns stora lotterier, och s\u00e5 finns det megalotterier. T\u00e4nk dig en lottojackpott p\u00e5 hundratals miljoner \u2013 du hittar dem h\u00e4r! Lotterier som Mega Millions, Powerball, Euromillions, Eurojackpot, Superenalotto och det ber\u00f6mda El Gordo-lotteriet har s\u00e5dana jackpottar regelbundet.<\/p>\n<p>Visste du att b\u00e5de Mega Millions och Powerball hade **jackpottar p\u00e5 mer \u00e4n 1 500 miljoner dollar**? Det \u00e4r sv\u00e5rt att f\u00f6rest\u00e4lla sig att vinna \u00f6ver en miljard p\u00e5 ett lotteri, men det \u00e4r m\u00f6jligt!<\/p>\n<h2>Ditt land spelar ingen roll &#8211; k\u00f6p dina lotter online!<\/h2>\n<p>N\u00e4r du k\u00f6per lotter online spelar det ingen roll var du bor. Du beh\u00f6ver inte resa f\u00f6r att <strong>k\u00f6pa en lott till ett lotteri i ett annat land<\/strong>. Vi erbjuder kunder fr\u00e5n n\u00e4stan alla l\u00e4nder v\u00e5r globala service.<\/p>\n<h2>En enkel online-k\u00f6pprocess f\u00f6r dina n\u00e4sta lotter.<\/h2>\n<p>Det \u00e4r bara n\u00e5gra f\u00e5 steg f\u00f6r att f\u00e5 dina lotter och delta i de b\u00e4sta lotterierna v\u00e4rlden har att erbjuda. V\u00e4lj ett lotteri, v\u00e4lj dina nummer, registrera dig och betala online &#8211; det \u00e4r allt som kr\u00e4vs f\u00f6r att ha en chans att bli n\u00e4sta lottomiljon\u00e4r!<\/p>\n<h2>Inte alla lotterier har samma vinstodds<\/h2>\n<p><img decoding=\"async\" class=\"alignright wp-image-1810\" src=\"https:\/\/lottomax24.com\/wp-content\/uploads\/2021\/04\/international_jackpots.jpg\" alt=\"worldwide lotto\" \/>Det \u00e4r helt logiskt att leta efter de st\u00f6rsta jackpottarna, men det \u00e4r ocks\u00e5 vettigt att kontrollera var du erbjuds de b\u00e4sta oddsen f\u00f6r att vinna ett stort pris. Vissa jackpottar v\u00e4xer s\u00e5 mycket eftersom de \u00e4r sv\u00e5ra att vinna.<\/p>\n<p>Men t\u00e4nk om andrapriset fortfarande \u00e4r tillr\u00e4ckligt stort f\u00f6r att f\u00f6r\u00e4ndra ditt liv? T\u00e4nk om chanserna att vinna ett andrapris var mycket, mycket b\u00e4ttre \u00e4n oddsen att kn\u00e4cka jackpotten? Vi har den typen av lotteri ocks\u00e5.<\/p>\n<h2>Var kan jag hitta information och tips f\u00f6r lottofans?<\/h2>\n<p>Du hittar allt detta h\u00e4r p\u00e5 v\u00e5r webbplats. Vi ger dig inte bara de exakta oddsen och reglerna f\u00f6r varje lotteri, utan vi har ocks\u00e5 artiklar om alla m\u00f6jliga olika aspekter av lotteriet. Vi ger dig r\u00e5d om hur du f\u00f6rb\u00e4ttrar dina vinstchanser, och du hittar ocks\u00e5 de senaste resultaten och ett arkiv med \u00e4ldre resultat f\u00f6r alla lotterier p\u00e5 v\u00e5r webbplats.<\/p>\n<h2>De st\u00f6rsta lotterijackpottarna v\u00e4rlden \u00f6ver<\/h2>\n<p>Det b\u00e4sta med v\u00e5rt erbjudande \u00e4r att du alltid hittar en <strong>stor jackpott v\u00e4rd att k\u00f6pa lotter till<\/strong>, och alla de st\u00f6rsta jackpottarna listas h\u00e4r!<\/p>\n<h2>Vad h\u00e4nder om jag vinner?<\/h2>\n<p>Att ta hand om v\u00e5ra kunder v\u00e4rlden \u00f6ver n\u00e4r de vinner \u00e4r en viktig del av v\u00e5r online-biljetttj\u00e4nst. Mindre vinster betalas ut direkt till ditt spelarkonto. F\u00f6r st\u00f6rre vinster kommer v\u00e5r kundsupport att f\u00f6rse dig med v\u00e5r VIP-vinnartj\u00e4nst! Du f\u00e5r full betalning och inga avgifter eller provisioner kommer n\u00e5gonsin att dras av fr\u00e5n dina vinster, \u00e4ven om skatteregler i lotteriets land och i ditt hemland g\u00e4ller.<\/p>\n","protected":false},"excerpt":{"rendered":"<p>Skaffa lotter till de st\u00f6rsta lotterierna p\u00e5 planeten Om du \u00e4r ett lottofan som letar efter lotterier med b\u00e4ttre vinstchanser och st\u00f6rre jackpottar, d\u00e5 har du kommit till r\u00e4tt st\u00e4lle. Varf\u00f6r spela ditt lokala lotteri om ett litet topppris n\u00e4r du kan spela lotto online och ha fler valm\u00f6jligheter? Kolla in RedFoxLotto.com och Simbalotto.com, tv\u00e5 [&hellip;]<\/p>\n","protected":false},"author":1,"featured_media":0,"parent":0,"menu_order":0,"comment_status":"closed","ping_status":"closed","template":"","meta":{"footnotes":""},"class_list":["post-438","page","type-page","status-publish","hentry"],"yoast_head":"<!-- This site is optimized with the Yoast SEO plugin v25.9 - https:\/\/yoast.com\/wordpress\/plugins\/seo\/ -->\n<title>Biljettservice f\u00f6r v\u00e4rldens st\u00f6rsta lotterijackpottar<\/title>\n<meta name=\"robots\" content=\"index, follow, max-snippet:-1, max-image-preview:large, max-video-preview:-1\" \/>\n<link rel=\"canonical\" href=\"https:\/\/lottomax24.com\/sv\/\" \/>\n<meta property=\"og:locale\" content=\"sv_SE\" \/>\n<meta property=\"og:type\" content=\"article\" \/>\n<meta property=\"og:title\" content=\"Biljettservice f\u00f6r v\u00e4rldens st\u00f6rsta lotterijackpottar\" \/>\n<meta property=\"og:description\" content=\"Skaffa lotter till de st\u00f6rsta lotterierna p\u00e5 planeten Om du \u00e4r ett lottofan som letar efter lotterier med b\u00e4ttre vinstchanser och st\u00f6rre jackpottar, d\u00e5 har du kommit till r\u00e4tt st\u00e4lle. Varf\u00f6r spela ditt lokala lotteri om ett litet topppris n\u00e4r du kan spela lotto online och ha fler valm\u00f6jligheter? Kolla in RedFoxLotto.com och Simbalotto.com, tv\u00e5 [&hellip;]\" \/>\n<meta property=\"og:url\" content=\"https:\/\/lottomax24.com\/sv\/\" \/>\n<meta name=\"twitter:card\" content=\"summary_large_image\" \/>\n<meta name=\"twitter:label1\" content=\"Ber\u00e4knad l\u00e4stid\" \/>\n\t<meta name=\"twitter:data1\" content=\"3 minuter\" \/>\n<script type=\"application\/ld+json\" class=\"yoast-schema-graph\">{\"@context\":\"https:\/\/schema.org\",\"@graph\":[{\"@type\":\"WebPage\",\"@id\":\"https:\/\/lottomax24.com\/sv\/\",\"url\":\"https:\/\/lottomax24.com\/sv\/\",\"name\":\"Biljettservice f\u00f6r v\u00e4rldens st\u00f6rsta lotterijackpottar\",\"isPartOf\":{\"@id\":\"https:\/\/lottomax24.com\/sv\/#website\"},\"primaryImageOfPage\":{\"@id\":\"https:\/\/lottomax24.com\/sv\/#primaryimage\"},\"image\":{\"@id\":\"https:\/\/lottomax24.com\/sv\/#primaryimage\"},\"thumbnailUrl\":\"https:\/\/lottomax24.com\/wp-content\/uploads\/2021\/04\/international_jackpots.jpg\",\"datePublished\":\"2024-09-09T18:24:29+00:00\",\"breadcrumb\":{\"@id\":\"https:\/\/lottomax24.com\/sv\/#breadcrumb\"},\"inLanguage\":\"sv-SE\",\"potentialAction\":[{\"@type\":\"ReadAction\",\"target\":[\"https:\/\/lottomax24.com\/sv\/\"]}]},{\"@type\":\"ImageObject\",\"inLanguage\":\"sv-SE\",\"@id\":\"https:\/\/lottomax24.com\/sv\/#primaryimage\",\"url\":\"https:\/\/lottomax24.com\/wp-content\/uploads\/2021\/04\/international_jackpots.jpg\",\"contentUrl\":\"https:\/\/lottomax24.com\/wp-content\/uploads\/2021\/04\/international_jackpots.jpg\"},{\"@type\":\"BreadcrumbList\",\"@id\":\"https:\/\/lottomax24.com\/sv\/#breadcrumb\",\"itemListElement\":[{\"@type\":\"ListItem\",\"position\":1,\"name\":\"Home\",\"item\":\"https:\/\/lottomax24.com\/sv\/hem\/\"},{\"@type\":\"ListItem\",\"position\":2,\"name\":\"Hem\"}]},{\"@type\":\"WebSite\",\"@id\":\"https:\/\/lottomax24.com\/sv\/#website\",\"url\":\"https:\/\/lottomax24.com\/sv\/\",\"name\":\"\",\"description\":\"\",\"potentialAction\":[{\"@type\":\"SearchAction\",\"target\":{\"@type\":\"EntryPoint\",\"urlTemplate\":\"https:\/\/lottomax24.com\/sv\/?s={search_term_string}\"},\"query-input\":{\"@type\":\"PropertyValueSpecification\",\"valueRequired\":true,\"valueName\":\"search_term_string\"}}],\"inLanguage\":\"sv-SE\"}]}<\/script>\n<!-- \/ Yoast SEO plugin. -->","yoast_head_json":{"title":"Biljettservice f\u00f6r v\u00e4rldens st\u00f6rsta lotterijackpottar","robots":{"index":"index","follow":"follow","max-snippet":"max-snippet:-1","max-image-preview":"max-image-preview:large","max-video-preview":"max-video-preview:-1"},"canonical":"https:\/\/lottomax24.com\/sv\/","og_locale":"sv_SE","og_type":"article","og_title":"Biljettservice f\u00f6r v\u00e4rldens st\u00f6rsta lotterijackpottar","og_description":"Skaffa lotter till de st\u00f6rsta lotterierna p\u00e5 planeten Om du \u00e4r ett lottofan som letar efter lotterier med b\u00e4ttre vinstchanser och st\u00f6rre jackpottar, d\u00e5 har du kommit till r\u00e4tt st\u00e4lle. Varf\u00f6r spela ditt lokala lotteri om ett litet topppris n\u00e4r du kan spela lotto online och ha fler valm\u00f6jligheter? Kolla in RedFoxLotto.com och Simbalotto.com, tv\u00e5 [&hellip;]","og_url":"https:\/\/lottomax24.com\/sv\/","twitter_card":"summary_large_image","twitter_misc":{"Ber\u00e4knad l\u00e4stid":"3 minuter"},"schema":{"@context":"https:\/\/schema.org","@graph":[{"@type":"WebPage","@id":"https:\/\/lottomax24.com\/sv\/","url":"https:\/\/lottomax24.com\/sv\/","name":"Biljettservice f\u00f6r v\u00e4rldens st\u00f6rsta lotterijackpottar","isPartOf":{"@id":"https:\/\/lottomax24.com\/sv\/#website"},"primaryImageOfPage":{"@id":"https:\/\/lottomax24.com\/sv\/#primaryimage"},"image":{"@id":"https:\/\/lottomax24.com\/sv\/#primaryimage"},"thumbnailUrl":"https:\/\/lottomax24.com\/wp-content\/uploads\/2021\/04\/international_jackpots.jpg","datePublished":"2024-09-09T18:24:29+00:00","breadcrumb":{"@id":"https:\/\/lottomax24.com\/sv\/#breadcrumb"},"inLanguage":"sv-SE","potentialAction":[{"@type":"ReadAction","target":["https:\/\/lottomax24.com\/sv\/"]}]},{"@type":"ImageObject","inLanguage":"sv-SE","@id":"https:\/\/lottomax24.com\/sv\/#primaryimage","url":"https:\/\/lottomax24.com\/wp-content\/uploads\/2021\/04\/international_jackpots.jpg","contentUrl":"https:\/\/lottomax24.com\/wp-content\/uploads\/2021\/04\/international_jackpots.jpg"},{"@type":"BreadcrumbList","@id":"https:\/\/lottomax24.com\/sv\/#breadcrumb","itemListElement":[{"@type":"ListItem","position":1,"name":"Home","item":"https:\/\/lottomax24.com\/sv\/hem\/"},{"@type":"ListItem","position":2,"name":"Hem"}]},{"@type":"WebSite","@id":"https:\/\/lottomax24.com\/sv\/#website","url":"https:\/\/lottomax24.com\/sv\/","name":"","description":"","potentialAction":[{"@type":"SearchAction","target":{"@type":"EntryPoint","urlTemplate":"https:\/\/lottomax24.com\/sv\/?s={search_term_string}"},"query-input":{"@type":"PropertyValueSpecification","valueRequired":true,"valueName":"search_term_string"}}],"inLanguage":"sv-SE"}]}},"_links":{"self":[{"href":"https:\/\/lottomax24.com\/sv\/wp-json\/wp\/v2\/pages\/438","targetHints":{"allow":["GET"]}}],"collection":[{"href":"https:\/\/lottomax24.com\/sv\/wp-json\/wp\/v2\/pages"}],"about":[{"href":"https:\/\/lottomax24.com\/sv\/wp-json\/wp\/v2\/types\/page"}],"author":[{"embeddable":true,"href":"https:\/\/lottomax24.com\/sv\/wp-json\/wp\/v2\/users\/1"}],"replies":[{"embeddable":true,"href":"https:\/\/lottomax24.com\/sv\/wp-json\/wp\/v2\/comments?post=438"}],"version-history":[{"count":0,"href":"https:\/\/lottomax24.com\/sv\/wp-json\/wp\/v2\/pages\/438\/revisions"}],"wp:attachment":[{"href":"https:\/\/lottomax24.com\/sv\/wp-json\/wp\/v2\/media?parent=438"}],"curies":[{"name":"wp","href":"https:\/\/api.w.org\/{rel}","templated":true}]}}