{"id":439,"date":"2024-09-09T19:24:29","date_gmt":"2024-09-09T18:24:29","guid":{"rendered":"https:\/\/lottomax24.com\/ev\/"},"modified":"2024-09-09T19:24:29","modified_gmt":"2024-09-09T18:24:29","slug":"ev","status":"publish","type":"page","link":"https:\/\/lottomax24.com\/tr\/","title":{"rendered":"Ev"},"content":{"rendered":"<h2>D\u00fcnyan\u0131n en b\u00fcy\u00fck piyangolar\u0131na bilet al\u0131n<\/h2>\n<p>Daha y\u00fcksek kazanma \u015fans\u0131 ve daha b\u00fcy\u00fck ikramiyeler sunan piyangolar arayan bir piyango hayran\u0131ysan\u0131z, do\u011fru yerdesiniz. K\u00fc\u00e7\u00fck bir ikramiye i\u00e7in yerel piyangonuzu oynamak yerine, \u00e7evrimi\u00e7i piyango oynayabilir ve daha fazla se\u00e7ene\u011fe sahip olabilirsiniz.<\/p>\n<p>En b\u00fcy\u00fck uluslararas\u0131 ikramiyelere kat\u0131lmak i\u00e7in en iyi web sitelerinden ikisi olan <a href=\"https:\/\/RedFoxLotto.com\">RedFoxLotto.com<\/a> ve <a href=\"https:\/\/Simbalotto.com\">Simbalotto.com<\/a>&#8216;u inceleyin.<\/p>\n<p>B\u00fcy\u00fck piyangolar ve mega piyangolar vard\u0131r. Y\u00fcz milyonlarca dolarl\u0131k bir piyango ikramiyesini hayal edin &#8211; onlar\u0131 burada bulabilirsiniz! Mega Millions, Powerball, Euromillions, Eurojackpot, Superenalotto ve \u00fcnl\u00fc El Gordo piyangosu gibi piyangolar d\u00fczenli olarak bu t\u00fcr ikramiyeler sunar.<\/p>\n<p>Hem Mega Millions hem de Powerball&#8217;da 1.500 milyon dolar\u0131n \u00fczerinde ikramiye oldu\u011funu biliyor muydunuz? Bir piyangodan bir milyar dolardan fazla kazanmay\u0131 hayal etmek zor, ama m\u00fcmk\u00fcn!<\/p>\n<p>\u0130kamet etti\u011finiz \u00fclke \u00f6nemli de\u011fil &#8211; biletlerinizi online sat\u0131n al\u0131n!<\/p>\n<p>\u00c7evrimi\u00e7i piyango bileti sat\u0131n ald\u0131\u011f\u0131n\u0131zda, nerede ya\u015fad\u0131\u011f\u0131n\u0131z \u00f6nemli de\u011fil. Yabanc\u0131 bir \u00fclkede piyango bileti almak i\u00e7in seyahat etmenize gerek yok. Neredeyse t\u00fcm \u00fclkelerdeki m\u00fc\u015fterilerimize d\u00fcnya \u00e7ap\u0131nda hizmetimizi sunuyoruz.<\/p>\n<p>Bir sonraki piyango biletiniz i\u00e7in basit bir online sat\u0131n alma s\u00fcreci.<\/p>\n<p>Biletlerinizi almak ve d\u00fcnyan\u0131n sundu\u011fu en iyi piyangolara kat\u0131lmak i\u00e7in sadece birka\u00e7 ad\u0131m yeterli. Bir piyango se\u00e7in, numaralar\u0131n\u0131z\u0131 belirleyin, kaydolun ve online \u00f6deme yap\u0131n &#8211; bir sonraki piyango milyoneri olma \u015fans\u0131n\u0131 yakalamak i\u00e7in yapman\u0131z gereken tek \u015fey bu!<\/p>\n<h2>T\u00fcm piyangolar\u0131n kazanma \u015fans\u0131 ayn\u0131 de\u011fildir<\/h2>\n<p><img decoding=\"async\" class=\"alignright wp-image-1810\" src=\"https:\/\/lottomax24.com\/wp-content\/uploads\/2021\/04\/international_jackpots.jpg\" alt=\"worldwide lotto\" \/>En b\u00fcy\u00fck ikramiyeleri aramak son derece mant\u0131kl\u0131d\u0131r, ancak b\u00fcy\u00fck bir ikramiye kazanma \u015fans\u0131n\u0131z\u0131n en y\u00fcksek oldu\u011fu yerleri kontrol etmek de mant\u0131kl\u0131d\u0131r. Baz\u0131 ikramiyeler, kazan\u0131lmas\u0131 zor olduklar\u0131 i\u00e7in bu kadar b\u00fcy\u00fcr.<\/p>\n<p>Peki ya ikinci kademe ikramiye hayat\u0131n\u0131z\u0131 de\u011fi\u015ftirecek kadar b\u00fcy\u00fckse? Ya ikinci kademe ikramiyeyi kazanma \u015fans\u0131, ikramiyeyi kazanma \u015fans\u0131ndan \u00e7ok daha y\u00fcksekse? \u0130\u015fte bu t\u00fcr piyangolar\u0131m\u0131z da var.<\/p>\n<h2>Loto hayranlar\u0131 i\u00e7in bilgi ve ipu\u00e7lar\u0131n\u0131 nerede bulabilirim?<\/h2>\n<p>T\u00fcm bunlar\u0131 web sitemizde bulabilirsiniz. Size her piyango i\u00e7in kesin oranlar\u0131 ve kurallar\u0131 vermekle kalm\u0131yor, ayn\u0131 zamanda piyangonun her t\u00fcrl\u00fc farkl\u0131 y\u00f6n\u00fc hakk\u0131nda makalelerimiz de mevcut. Kazanma \u015fans\u0131n\u0131z\u0131 nas\u0131l art\u0131raca\u011f\u0131n\u0131z konusunda size tavsiyelerde bulunuyoruz. Ayr\u0131ca web sitemizde t\u00fcm piyangolar\u0131n en son sonu\u00e7lar\u0131n\u0131 ve eski sonu\u00e7lar\u0131n bir ar\u015fivini bulabilirsiniz.<\/p>\n<h2>D\u00fcnyan\u0131n en b\u00fcy\u00fck piyango ikramiyeleri<\/h2>\n<p>Teklifimizin en iyi yan\u0131, her zaman <strong>bilet almaya de\u011fer<\/strong> b\u00fcy\u00fck bir ikramiye bulabilmeniz ve t\u00fcm en iyi ikramiyelerin burada listelenmesidir!<\/p>\n<h2>Ya kazan\u0131rsam?<\/h2>\n<p>D\u00fcnya \u00e7ap\u0131ndaki m\u00fc\u015fterilerimizin kazand\u0131klar\u0131nda onlarla ilgilenmek, \u00e7evrimi\u00e7i bilet hizmetimizin \u00f6nemli bir par\u00e7as\u0131d\u0131r. K\u00fc\u00e7\u00fck kazan\u00e7lar do\u011frudan oyuncu hesab\u0131n\u0131za \u00f6denir. Daha b\u00fcy\u00fck kazan\u00e7lar i\u00e7in m\u00fc\u015fteri destek ekibimiz size VIP kazanan hizmeti sunacakt\u0131r! \u00d6demeniz tam olarak yap\u0131l\u0131r ve kazanc\u0131n\u0131zdan hi\u00e7bir \u00fccret veya komisyon kesilmez. Ancak, piyangonun d\u00fczenlendi\u011fi ve ikamet etti\u011finiz \u00fclkedeki vergi d\u00fczenlemeleri ge\u00e7erlidir.<\/p>\n","protected":false},"excerpt":{"rendered":"<p>D\u00fcnyan\u0131n en b\u00fcy\u00fck piyangolar\u0131na bilet al\u0131n Daha y\u00fcksek kazanma \u015fans\u0131 ve daha b\u00fcy\u00fck ikramiyeler sunan piyangolar arayan bir piyango hayran\u0131ysan\u0131z, do\u011fru yerdesiniz. K\u00fc\u00e7\u00fck bir ikramiye i\u00e7in yerel piyangonuzu oynamak yerine, \u00e7evrimi\u00e7i piyango oynayabilir ve daha fazla se\u00e7ene\u011fe sahip olabilirsiniz. En b\u00fcy\u00fck uluslararas\u0131 ikramiyelere kat\u0131lmak i\u00e7in en iyi web sitelerinden ikisi olan RedFoxLotto.com ve Simbalotto.com&#8216;u inceleyin. [&hellip;]<\/p>\n","protected":false},"author":1,"featured_media":0,"parent":0,"menu_order":0,"comment_status":"closed","ping_status":"closed","template":"","meta":{"footnotes":""},"class_list":["post-439","page","type-page","status-publish","hentry"],"yoast_head":"<!-- This site is optimized with the Yoast SEO plugin v25.9 - https:\/\/yoast.com\/wordpress\/plugins\/seo\/ -->\n<title>D\u00fcnyan\u0131n en b\u00fcy\u00fck piyango ikramiyeleri i\u00e7in bilet hizmeti<\/title>\n<meta name=\"robots\" content=\"index, follow, max-snippet:-1, max-image-preview:large, max-video-preview:-1\" \/>\n<link rel=\"canonical\" href=\"https:\/\/lottomax24.com\/tr\/\" \/>\n<meta property=\"og:locale\" content=\"tr_TR\" \/>\n<meta property=\"og:type\" content=\"article\" \/>\n<meta property=\"og:title\" content=\"D\u00fcnyan\u0131n en b\u00fcy\u00fck piyango ikramiyeleri i\u00e7in bilet hizmeti\" \/>\n<meta property=\"og:description\" content=\"D\u00fcnyan\u0131n en b\u00fcy\u00fck piyangolar\u0131na bilet al\u0131n Daha y\u00fcksek kazanma \u015fans\u0131 ve daha b\u00fcy\u00fck ikramiyeler sunan piyangolar arayan bir piyango hayran\u0131ysan\u0131z, do\u011fru yerdesiniz. K\u00fc\u00e7\u00fck bir ikramiye i\u00e7in yerel piyangonuzu oynamak yerine, \u00e7evrimi\u00e7i piyango oynayabilir ve daha fazla se\u00e7ene\u011fe sahip olabilirsiniz. En b\u00fcy\u00fck uluslararas\u0131 ikramiyelere kat\u0131lmak i\u00e7in en iyi web sitelerinden ikisi olan RedFoxLotto.com ve Simbalotto.com&#8216;u inceleyin. [&hellip;]\" \/>\n<meta property=\"og:url\" content=\"https:\/\/lottomax24.com\/tr\/\" \/>\n<meta name=\"twitter:card\" content=\"summary_large_image\" \/>\n<meta name=\"twitter:label1\" content=\"Tahmini okuma s\u00fcresi\" \/>\n\t<meta name=\"twitter:data1\" content=\"3 dakika\" \/>\n<script type=\"application\/ld+json\" class=\"yoast-schema-graph\">{\"@context\":\"https:\/\/schema.org\",\"@graph\":[{\"@type\":\"WebPage\",\"@id\":\"https:\/\/lottomax24.com\/tr\/\",\"url\":\"https:\/\/lottomax24.com\/tr\/\",\"name\":\"D\u00fcnyan\u0131n en b\u00fcy\u00fck piyango ikramiyeleri i\u00e7in bilet hizmeti\",\"isPartOf\":{\"@id\":\"https:\/\/lottomax24.com\/tr\/#website\"},\"primaryImageOfPage\":{\"@id\":\"https:\/\/lottomax24.com\/tr\/#primaryimage\"},\"image\":{\"@id\":\"https:\/\/lottomax24.com\/tr\/#primaryimage\"},\"thumbnailUrl\":\"https:\/\/lottomax24.com\/wp-content\/uploads\/2021\/04\/international_jackpots.jpg\",\"datePublished\":\"2024-09-09T18:24:29+00:00\",\"breadcrumb\":{\"@id\":\"https:\/\/lottomax24.com\/tr\/#breadcrumb\"},\"inLanguage\":\"tr\",\"potentialAction\":[{\"@type\":\"ReadAction\",\"target\":[\"https:\/\/lottomax24.com\/tr\/\"]}]},{\"@type\":\"ImageObject\",\"inLanguage\":\"tr\",\"@id\":\"https:\/\/lottomax24.com\/tr\/#primaryimage\",\"url\":\"https:\/\/lottomax24.com\/wp-content\/uploads\/2021\/04\/international_jackpots.jpg\",\"contentUrl\":\"https:\/\/lottomax24.com\/wp-content\/uploads\/2021\/04\/international_jackpots.jpg\"},{\"@type\":\"BreadcrumbList\",\"@id\":\"https:\/\/lottomax24.com\/tr\/#breadcrumb\",\"itemListElement\":[{\"@type\":\"ListItem\",\"position\":1,\"name\":\"Home\",\"item\":\"https:\/\/lottomax24.com\/tr\/ev\/\"},{\"@type\":\"ListItem\",\"position\":2,\"name\":\"Ev\"}]},{\"@type\":\"WebSite\",\"@id\":\"https:\/\/lottomax24.com\/tr\/#website\",\"url\":\"https:\/\/lottomax24.com\/tr\/\",\"name\":\"\",\"description\":\"\",\"potentialAction\":[{\"@type\":\"SearchAction\",\"target\":{\"@type\":\"EntryPoint\",\"urlTemplate\":\"https:\/\/lottomax24.com\/tr\/?s={search_term_string}\"},\"query-input\":{\"@type\":\"PropertyValueSpecification\",\"valueRequired\":true,\"valueName\":\"search_term_string\"}}],\"inLanguage\":\"tr\"}]}<\/script>\n<!-- \/ Yoast SEO plugin. -->","yoast_head_json":{"title":"D\u00fcnyan\u0131n en b\u00fcy\u00fck piyango ikramiyeleri i\u00e7in bilet hizmeti","robots":{"index":"index","follow":"follow","max-snippet":"max-snippet:-1","max-image-preview":"max-image-preview:large","max-video-preview":"max-video-preview:-1"},"canonical":"https:\/\/lottomax24.com\/tr\/","og_locale":"tr_TR","og_type":"article","og_title":"D\u00fcnyan\u0131n en b\u00fcy\u00fck piyango ikramiyeleri i\u00e7in bilet hizmeti","og_description":"D\u00fcnyan\u0131n en b\u00fcy\u00fck piyangolar\u0131na bilet al\u0131n Daha y\u00fcksek kazanma \u015fans\u0131 ve daha b\u00fcy\u00fck ikramiyeler sunan piyangolar arayan bir piyango hayran\u0131ysan\u0131z, do\u011fru yerdesiniz. K\u00fc\u00e7\u00fck bir ikramiye i\u00e7in yerel piyangonuzu oynamak yerine, \u00e7evrimi\u00e7i piyango oynayabilir ve daha fazla se\u00e7ene\u011fe sahip olabilirsiniz. En b\u00fcy\u00fck uluslararas\u0131 ikramiyelere kat\u0131lmak i\u00e7in en iyi web sitelerinden ikisi olan RedFoxLotto.com ve Simbalotto.com&#8216;u inceleyin. [&hellip;]","og_url":"https:\/\/lottomax24.com\/tr\/","twitter_card":"summary_large_image","twitter_misc":{"Tahmini okuma s\u00fcresi":"3 dakika"},"schema":{"@context":"https:\/\/schema.org","@graph":[{"@type":"WebPage","@id":"https:\/\/lottomax24.com\/tr\/","url":"https:\/\/lottomax24.com\/tr\/","name":"D\u00fcnyan\u0131n en b\u00fcy\u00fck piyango ikramiyeleri i\u00e7in bilet hizmeti","isPartOf":{"@id":"https:\/\/lottomax24.com\/tr\/#website"},"primaryImageOfPage":{"@id":"https:\/\/lottomax24.com\/tr\/#primaryimage"},"image":{"@id":"https:\/\/lottomax24.com\/tr\/#primaryimage"},"thumbnailUrl":"https:\/\/lottomax24.com\/wp-content\/uploads\/2021\/04\/international_jackpots.jpg","datePublished":"2024-09-09T18:24:29+00:00","breadcrumb":{"@id":"https:\/\/lottomax24.com\/tr\/#breadcrumb"},"inLanguage":"tr","potentialAction":[{"@type":"ReadAction","target":["https:\/\/lottomax24.com\/tr\/"]}]},{"@type":"ImageObject","inLanguage":"tr","@id":"https:\/\/lottomax24.com\/tr\/#primaryimage","url":"https:\/\/lottomax24.com\/wp-content\/uploads\/2021\/04\/international_jackpots.jpg","contentUrl":"https:\/\/lottomax24.com\/wp-content\/uploads\/2021\/04\/international_jackpots.jpg"},{"@type":"BreadcrumbList","@id":"https:\/\/lottomax24.com\/tr\/#breadcrumb","itemListElement":[{"@type":"ListItem","position":1,"name":"Home","item":"https:\/\/lottomax24.com\/tr\/ev\/"},{"@type":"ListItem","position":2,"name":"Ev"}]},{"@type":"WebSite","@id":"https:\/\/lottomax24.com\/tr\/#website","url":"https:\/\/lottomax24.com\/tr\/","name":"","description":"","potentialAction":[{"@type":"SearchAction","target":{"@type":"EntryPoint","urlTemplate":"https:\/\/lottomax24.com\/tr\/?s={search_term_string}"},"query-input":{"@type":"PropertyValueSpecification","valueRequired":true,"valueName":"search_term_string"}}],"inLanguage":"tr"}]}},"_links":{"self":[{"href":"https:\/\/lottomax24.com\/tr\/wp-json\/wp\/v2\/pages\/439","targetHints":{"allow":["GET"]}}],"collection":[{"href":"https:\/\/lottomax24.com\/tr\/wp-json\/wp\/v2\/pages"}],"about":[{"href":"https:\/\/lottomax24.com\/tr\/wp-json\/wp\/v2\/types\/page"}],"author":[{"embeddable":true,"href":"https:\/\/lottomax24.com\/tr\/wp-json\/wp\/v2\/users\/1"}],"replies":[{"embeddable":true,"href":"https:\/\/lottomax24.com\/tr\/wp-json\/wp\/v2\/comments?post=439"}],"version-history":[{"count":0,"href":"https:\/\/lottomax24.com\/tr\/wp-json\/wp\/v2\/pages\/439\/revisions"}],"wp:attachment":[{"href":"https:\/\/lottomax24.com\/tr\/wp-json\/wp\/v2\/media?parent=439"}],"curies":[{"name":"wp","href":"https:\/\/api.w.org\/{rel}","templated":true}]}}